{"id":2683,"date":"2025-08-16T11:54:57","date_gmt":"2025-08-16T08:54:57","guid":{"rendered":"https:\/\/www.tektrade.ee\/fi\/?post_type=product&#038;p=2683"},"modified":"2025-08-18T00:09:35","modified_gmt":"2025-08-17T21:09:35","slug":"gravimetriset-annostelijat","status":"publish","type":"product","link":"https:\/\/www.tektrade.ee\/fi\/toutteet\/jauheiden-kasittelylaitteet\/gravimetriset-annostelijat\/","title":{"rendered":"Gravimetriset annostelijat"},"content":{"rendered":"\n<div class=\"wp-block-group is-nowrap is-layout-flex wp-container-core-group-is-layout-ad2f72ca wp-block-group-is-layout-flex\">\n<div class=\"wp-block-group is-layout-constrained wp-block-group-is-layout-constrained\">\n<figure class=\"wp-block-image alignleft size-full\"><img loading=\"lazy\" decoding=\"async\" width=\"280\" height=\"322\" src=\"https:\/\/www.tektrade.ee\/fi\/wp-content\/uploads\/sites\/5\/2025\/08\/Gravimeetrilised-ja-volumeetrilised-fiiderid-1.jpg\" alt=\"\" class=\"wp-image-2684\" srcset=\"https:\/\/www.tektrade.ee\/fi\/wp-content\/uploads\/sites\/5\/2025\/08\/Gravimeetrilised-ja-volumeetrilised-fiiderid-1.jpg 280w, https:\/\/www.tektrade.ee\/fi\/wp-content\/uploads\/sites\/5\/2025\/08\/Gravimeetrilised-ja-volumeetrilised-fiiderid-1-261x300.jpg 261w\" sizes=\"auto, (max-width: 280px) 100vw, 280px\" \/><figcaption class=\"wp-element-caption\">Gravimetrinen tai volumetrinen annostelija<br><\/figcaption><\/figure>\n<\/div>\n<\/div>\n\n\n\n<p>Gravimetrisess\u00e4 sy\u00f6t\u00f6ss\u00e4 sy\u00f6tet\u00e4\u00e4n irtotavara tai neste prosessissa kiinte\u00e4ss\u00e4 paino-aikayksik\u00f6ss\u00e4. Koska paino on muuttuva, sit\u00e4 voidaan testata painomoduulilla. Gravimetrisessa sy\u00f6t\u00f6ss\u00e4 yhdistet\u00e4\u00e4n sy\u00f6tt\u00f6prosessin seuranta ja palauteketju, joka mahdollistaa materiaalin annostelun tarkan valvomisen.<\/p>\n","protected":false},"featured_media":0,"parent":2645,"menu_order":91,"template":"","class_list":["post-2683","product","type-product","status-publish","hentry"],"acf":[],"_links":{"self":[{"href":"https:\/\/www.tektrade.ee\/fi\/wp-json\/wp\/v2\/product\/2683","targetHints":{"allow":["GET"]}}],"collection":[{"href":"https:\/\/www.tektrade.ee\/fi\/wp-json\/wp\/v2\/product"}],"about":[{"href":"https:\/\/www.tektrade.ee\/fi\/wp-json\/wp\/v2\/types\/product"}],"version-history":[{"count":2,"href":"https:\/\/www.tektrade.ee\/fi\/wp-json\/wp\/v2\/product\/2683\/revisions"}],"predecessor-version":[{"id":3197,"href":"https:\/\/www.tektrade.ee\/fi\/wp-json\/wp\/v2\/product\/2683\/revisions\/3197"}],"up":[{"embeddable":true,"href":"https:\/\/www.tektrade.ee\/fi\/wp-json\/wp\/v2\/product\/2645"}],"wp:attachment":[{"href":"https:\/\/www.tektrade.ee\/fi\/wp-json\/wp\/v2\/media?parent=2683"}],"curies":[{"name":"wp","href":"https:\/\/api.w.org\/{rel}","templated":true}]}}