{"id":2680,"date":"2025-08-16T11:54:19","date_gmt":"2025-08-16T08:54:19","guid":{"rendered":"https:\/\/www.tektrade.ee\/fi\/?post_type=product&#038;p=2680"},"modified":"2025-08-18T00:09:55","modified_gmt":"2025-08-17T21:09:55","slug":"volumetriset-annostelijat","status":"publish","type":"product","link":"https:\/\/www.tektrade.ee\/fi\/toutteet\/jauheiden-kasittelylaitteet\/volumetriset-annostelijat\/","title":{"rendered":"Volumetriset annostelijat"},"content":{"rendered":"\n<div class=\"wp-block-group is-nowrap is-layout-flex wp-container-core-group-is-layout-ad2f72ca wp-block-group-is-layout-flex\">\n<div class=\"wp-block-group is-layout-constrained wp-block-group-is-layout-constrained\">\n<figure class=\"wp-block-image alignleft size-full\"><img loading=\"lazy\" decoding=\"async\" width=\"280\" height=\"322\" src=\"https:\/\/www.tektrade.ee\/fi\/wp-content\/uploads\/sites\/5\/2025\/08\/Gravimeetrilised-ja-volumeetrilised-fiiderid.jpg\" alt=\"\" class=\"wp-image-2681\" srcset=\"https:\/\/www.tektrade.ee\/fi\/wp-content\/uploads\/sites\/5\/2025\/08\/Gravimeetrilised-ja-volumeetrilised-fiiderid.jpg 280w, https:\/\/www.tektrade.ee\/fi\/wp-content\/uploads\/sites\/5\/2025\/08\/Gravimeetrilised-ja-volumeetrilised-fiiderid-261x300.jpg 261w\" sizes=\"auto, (max-width: 280px) 100vw, 280px\" \/><figcaption class=\"wp-element-caption\">Gravimetrinen tai volumetrinen annostelija<br><\/figcaption><\/figure>\n<\/div>\n<\/div>\n\n\n\n<p>Volumetrinen annostelija on tunnetuista sy\u00f6tt\u00f6laitteista yksinkertaisin ja taloudellisin laite. Irtotavaraa s\u00e4ilytet\u00e4\u00e4n siilossa ja sy\u00f6tet\u00e4\u00e4n jatkuvassa sy\u00f6t\u00f6ss\u00e4 prosessin aikayksik\u00f6ss\u00e4. Gravimetrinen sy\u00f6tt\u00f6 voidaan yhdist\u00e4\u00e4 kalibrointiprosessiin, jossa aikayksik\u00f6ss\u00e4 otetaan n\u00e4yte, joka punnitaan ja sen mukaan s\u00e4\u00e4det\u00e4\u00e4n ruuvin sy\u00f6tt\u00f6nopeutta. Volumetrisess\u00e4 annostelussa ei saada palautetta punnitsemisesta, joka varmistaisi sy\u00f6t\u00f6n tarkkuuden ajassa, mutta se ei ole ongelma, jos sy\u00f6t\u00f6ss\u00e4 k\u00e4ytet\u00e4\u00e4n samanlaisen irtotiheyden omaavia materiaaleja.<\/p>\n","protected":false},"featured_media":0,"parent":2645,"menu_order":92,"template":"","class_list":["post-2680","product","type-product","status-publish","hentry"],"acf":[],"_links":{"self":[{"href":"https:\/\/www.tektrade.ee\/fi\/wp-json\/wp\/v2\/product\/2680","targetHints":{"allow":["GET"]}}],"collection":[{"href":"https:\/\/www.tektrade.ee\/fi\/wp-json\/wp\/v2\/product"}],"about":[{"href":"https:\/\/www.tektrade.ee\/fi\/wp-json\/wp\/v2\/types\/product"}],"version-history":[{"count":2,"href":"https:\/\/www.tektrade.ee\/fi\/wp-json\/wp\/v2\/product\/2680\/revisions"}],"predecessor-version":[{"id":3198,"href":"https:\/\/www.tektrade.ee\/fi\/wp-json\/wp\/v2\/product\/2680\/revisions\/3198"}],"up":[{"embeddable":true,"href":"https:\/\/www.tektrade.ee\/fi\/wp-json\/wp\/v2\/product\/2645"}],"wp:attachment":[{"href":"https:\/\/www.tektrade.ee\/fi\/wp-json\/wp\/v2\/media?parent=2680"}],"curies":[{"name":"wp","href":"https:\/\/api.w.org\/{rel}","templated":true}]}}