{"id":2677,"date":"2025-08-16T11:53:40","date_gmt":"2025-08-16T08:53:40","guid":{"rendered":"https:\/\/www.tektrade.ee\/fi\/?post_type=product&#038;p=2677"},"modified":"2025-08-18T00:10:18","modified_gmt":"2025-08-17T21:10:18","slug":"kaanto-annostelijat","status":"publish","type":"product","link":"https:\/\/www.tektrade.ee\/fi\/toutteet\/jauheiden-kasittelylaitteet\/kaanto-annostelijat\/","title":{"rendered":"K\u00e4\u00e4nt\u00f6-annostelijat"},"content":{"rendered":"\n<div class=\"wp-block-group is-nowrap is-layout-flex wp-container-core-group-is-layout-ad2f72ca wp-block-group-is-layout-flex\">\n<div class=\"wp-block-group is-layout-constrained wp-block-group-is-layout-constrained\">\n<figure class=\"wp-block-image alignleft size-full\"><img loading=\"lazy\" decoding=\"async\" width=\"300\" height=\"283\" src=\"https:\/\/www.tektrade.ee\/fi\/wp-content\/uploads\/sites\/5\/2025\/08\/ResizedImage300283-Poodklapid-ja-dosaatorid.jpg\" alt=\"\" class=\"wp-image-2678\"\/><figcaption class=\"wp-element-caption\">K\u00e4\u00e4nt\u00f6-annostelijat<br><\/figcaption><\/figure>\n<\/div>\n<\/div>\n\n\n\n<p>K\u00e4\u00e4nt\u00f6-annostelijat on tarkoitettu jauhemaisten materiaalien ja irtotavaran vastaanottamiseen ja annostelemiseen.&nbsp;<br>Annostelijassa on akseliin asennettu ja moottorin py\u00f6ritt\u00e4m\u00e4 roottori. Roottorin siivet muodostavat kolmionmuotoisen taskun siipien ja rungon v\u00e4liss\u00e4, jotka luovat ilmatiiviin tiivistyksen. Moottorin hidas py\u00f6riminen liikuttaa siipi\u00e4, nopeuttaen t\u00e4ten kuivan materiaalin poistamisen kontista annostelijan poistoaukon kautta.<\/p>\n\n\n\n<p>Tekniset tiedot:<\/p>\n\n\n\n<ul class=\"wp-block-list\">\n<li>Toimintal\u00e4mp\u00f6tila -20\u00b0C +90\u00b0C;<\/li>\n\n\n\n<li>Toimintapaine: annostelija toimii enint\u00e4\u00e4n 0,3 bar maksimipaine-erolla (materiaalin sy\u00f6t\u00f6n ja poistamisen paineiden v\u00e4linen ero);<\/li>\n\n\n\n<li>K\u00e4ytett\u00e4v\u00e4t materiaalit: hiiliter\u00e4s tai ruostumaton ter\u00e4s.<\/li>\n<\/ul>\n","protected":false},"featured_media":0,"parent":2645,"menu_order":93,"template":"","class_list":["post-2677","product","type-product","status-publish","hentry"],"acf":[],"_links":{"self":[{"href":"https:\/\/www.tektrade.ee\/fi\/wp-json\/wp\/v2\/product\/2677","targetHints":{"allow":["GET"]}}],"collection":[{"href":"https:\/\/www.tektrade.ee\/fi\/wp-json\/wp\/v2\/product"}],"about":[{"href":"https:\/\/www.tektrade.ee\/fi\/wp-json\/wp\/v2\/types\/product"}],"version-history":[{"count":2,"href":"https:\/\/www.tektrade.ee\/fi\/wp-json\/wp\/v2\/product\/2677\/revisions"}],"predecessor-version":[{"id":3199,"href":"https:\/\/www.tektrade.ee\/fi\/wp-json\/wp\/v2\/product\/2677\/revisions\/3199"}],"up":[{"embeddable":true,"href":"https:\/\/www.tektrade.ee\/fi\/wp-json\/wp\/v2\/product\/2645"}],"wp:attachment":[{"href":"https:\/\/www.tektrade.ee\/fi\/wp-json\/wp\/v2\/media?parent=2677"}],"curies":[{"name":"wp","href":"https:\/\/api.w.org\/{rel}","templated":true}]}}