{"id":2674,"date":"2025-08-16T11:52:43","date_gmt":"2025-08-16T08:52:43","guid":{"rendered":"https:\/\/www.tektrade.ee\/fi\/?post_type=product&#038;p=2674"},"modified":"2025-08-18T00:10:38","modified_gmt":"2025-08-17T21:10:38","slug":"suuntaventtiilit","status":"publish","type":"product","link":"https:\/\/www.tektrade.ee\/fi\/toutteet\/jauheiden-kasittelylaitteet\/suuntaventtiilit\/","title":{"rendered":"Suuntaventtiilit"},"content":{"rendered":"\n<div class=\"wp-block-group is-nowrap is-layout-flex wp-container-core-group-is-layout-ad2f72ca wp-block-group-is-layout-flex\">\n<div class=\"wp-block-group is-layout-constrained wp-block-group-is-layout-constrained\">\n<figure class=\"wp-block-image alignleft size-full\"><img loading=\"lazy\" decoding=\"async\" width=\"300\" height=\"296\" src=\"https:\/\/www.tektrade.ee\/fi\/wp-content\/uploads\/sites\/5\/2025\/08\/ResizedImage300296-Erisuunalised-klapid.jpg\" alt=\"\" class=\"wp-image-2675\" srcset=\"https:\/\/www.tektrade.ee\/fi\/wp-content\/uploads\/sites\/5\/2025\/08\/ResizedImage300296-Erisuunalised-klapid.jpg 300w, https:\/\/www.tektrade.ee\/fi\/wp-content\/uploads\/sites\/5\/2025\/08\/ResizedImage300296-Erisuunalised-klapid-100x100.jpg 100w\" sizes=\"auto, (max-width: 300px) 100vw, 300px\" \/><figcaption class=\"wp-element-caption\"><em>Suuntaventtiilit<\/em><\/figcaption><\/figure>\n<\/div>\n<\/div>\n\n\n\n<div style=\"height:30px\" aria-hidden=\"true\" class=\"wp-block-spacer\"><\/div>\n\n\n\n<p>Suuntaventtiilej\u00e4 k\u00e4ytet\u00e4\u00e4n virranjakajina astioiden tai konttien irtotavarasta tyhjent\u00e4miseen.<\/p>\n\n\n\n<p>Materiaalien virtaussuuntaa voidaan muuttaa suuntaventtiilill\u00e4, joka voidaan k\u00e4\u00e4nt\u00e4\u00e4 joko:<\/p>\n\n\n\n<ul class=\"wp-block-list\">\n<li>k\u00e4sik\u00e4ytt\u00f6isesti;<\/li>\n\n\n\n<li>Paineilmalla toimivalla k\u00e4ytt\u00f6laitteella;<\/li>\n\n\n\n<li>S\u00e4hk\u00f6mekaanisella k\u00e4ytt\u00f6laitteella.<\/li>\n<\/ul>\n","protected":false},"featured_media":0,"parent":2645,"menu_order":94,"template":"","class_list":["post-2674","product","type-product","status-publish","hentry"],"acf":[],"_links":{"self":[{"href":"https:\/\/www.tektrade.ee\/fi\/wp-json\/wp\/v2\/product\/2674","targetHints":{"allow":["GET"]}}],"collection":[{"href":"https:\/\/www.tektrade.ee\/fi\/wp-json\/wp\/v2\/product"}],"about":[{"href":"https:\/\/www.tektrade.ee\/fi\/wp-json\/wp\/v2\/types\/product"}],"version-history":[{"count":2,"href":"https:\/\/www.tektrade.ee\/fi\/wp-json\/wp\/v2\/product\/2674\/revisions"}],"predecessor-version":[{"id":3200,"href":"https:\/\/www.tektrade.ee\/fi\/wp-json\/wp\/v2\/product\/2674\/revisions\/3200"}],"up":[{"embeddable":true,"href":"https:\/\/www.tektrade.ee\/fi\/wp-json\/wp\/v2\/product\/2645"}],"wp:attachment":[{"href":"https:\/\/www.tektrade.ee\/fi\/wp-json\/wp\/v2\/media?parent=2674"}],"curies":[{"name":"wp","href":"https:\/\/api.w.org\/{rel}","templated":true}]}}