{"id":2671,"date":"2025-08-16T11:51:46","date_gmt":"2025-08-16T08:51:46","guid":{"rendered":"https:\/\/www.tektrade.ee\/fi\/?post_type=product&#038;p=2671"},"modified":"2025-08-18T00:11:01","modified_gmt":"2025-08-17T21:11:01","slug":"siilot-ja-siilojen-tyhjennysjarjestelmat","status":"publish","type":"product","link":"https:\/\/www.tektrade.ee\/fi\/toutteet\/jauheiden-kasittelylaitteet\/siilot-ja-siilojen-tyhjennysjarjestelmat\/","title":{"rendered":"Siilot ja siilojen tyhjennysj\u00e4rjestelm\u00e4t"},"content":{"rendered":"\n<div class=\"wp-block-group is-nowrap is-layout-flex wp-container-core-group-is-layout-ad2f72ca wp-block-group-is-layout-flex\">\n<div class=\"wp-block-group is-layout-constrained wp-block-group-is-layout-constrained\">\n<figure class=\"wp-block-image alignleft size-full\"><img loading=\"lazy\" decoding=\"async\" width=\"300\" height=\"285\" src=\"https:\/\/www.tektrade.ee\/fi\/wp-content\/uploads\/sites\/5\/2025\/08\/ResizedImage300285-Silode-tuhjendamise-susteemid.jpg\" alt=\"\" class=\"wp-image-2672\"\/><figcaption class=\"wp-element-caption\">Siilojen tyhjennysj\u00e4rjestelm\u00e4<br><\/figcaption><\/figure>\n<\/div>\n<\/div>\n\n\n\n<div style=\"height:30px\" aria-hidden=\"true\" class=\"wp-block-spacer\"><\/div>\n\n\n\n<p>Siilojen ja konttien tyhjent\u00e4miseen k\u00e4ytet\u00e4\u00e4n usein erityismenetelmi\u00e4 ja erilaisia apuv\u00e4lineit\u00e4.<\/p>\n\n\n\n<p>Erilaiset siilojen tyhjennysmenetelm\u00e4t:<\/p>\n\n\n\n<ul class=\"wp-block-list\">\n<li>Nopeaan tyhjent\u00e4miseen pulsoivalla paineilmalla \u2013 k\u00e4ytet\u00e4\u00e4n korkeapainesuulakkeilla varustettuja impulssiventtiilej\u00e4;<\/li>\n\n\n\n<li>Alhaisella paineella tasaisesti tyhjent\u00e4miseen \u2013 k\u00e4ytet\u00e4\u00e4n matalapaineen tuuletuslaatikkoja, jotka ymp\u00e4r\u00f6id\u00e4\u00e4n k\u00e4ytt\u00f6tarkoituksen mukaisella kankaalla;<\/li>\n\n\n\n<li>Mekaaninen tyhjennys \u2013 k\u00e4ytet\u00e4\u00e4n isku- tai t\u00e4ryvoimaa.<\/li>\n<\/ul>\n","protected":false},"featured_media":0,"parent":2645,"menu_order":95,"template":"","class_list":["post-2671","product","type-product","status-publish","hentry"],"acf":[],"_links":{"self":[{"href":"https:\/\/www.tektrade.ee\/fi\/wp-json\/wp\/v2\/product\/2671","targetHints":{"allow":["GET"]}}],"collection":[{"href":"https:\/\/www.tektrade.ee\/fi\/wp-json\/wp\/v2\/product"}],"about":[{"href":"https:\/\/www.tektrade.ee\/fi\/wp-json\/wp\/v2\/types\/product"}],"version-history":[{"count":2,"href":"https:\/\/www.tektrade.ee\/fi\/wp-json\/wp\/v2\/product\/2671\/revisions"}],"predecessor-version":[{"id":3201,"href":"https:\/\/www.tektrade.ee\/fi\/wp-json\/wp\/v2\/product\/2671\/revisions\/3201"}],"up":[{"embeddable":true,"href":"https:\/\/www.tektrade.ee\/fi\/wp-json\/wp\/v2\/product\/2645"}],"wp:attachment":[{"href":"https:\/\/www.tektrade.ee\/fi\/wp-json\/wp\/v2\/media?parent=2671"}],"curies":[{"name":"wp","href":"https:\/\/api.w.org\/{rel}","templated":true}]}}