{"id":2663,"date":"2025-08-16T11:50:01","date_gmt":"2025-08-16T08:50:01","guid":{"rendered":"https:\/\/www.tektrade.ee\/fi\/?post_type=product&#038;p=2663"},"modified":"2025-08-18T00:11:31","modified_gmt":"2025-08-17T21:11:31","slug":"eristyskammiot","status":"publish","type":"product","link":"https:\/\/www.tektrade.ee\/fi\/toutteet\/jauheiden-kasittelylaitteet\/eristyskammiot\/","title":{"rendered":"Eristyskammiot"},"content":{"rendered":"\n<div class=\"wp-block-group is-nowrap is-layout-flex wp-container-core-group-is-layout-64989fb1 wp-block-group-is-layout-flex\">\n<div class=\"wp-block-group is-layout-constrained wp-block-group-is-layout-constrained\">\n<p><br>Isolatsioonikambreid kasutatakse toksiliste v\u00f5i v\u00e4liskeskonda kartvate ainete k\u00e4itlemisel Eristyskammioita k\u00e4ytet\u00e4\u00e4n myrkyllisten tai ulkoymp\u00e4rist\u00f6\u00f6n sopimattomien aineiden k\u00e4sittelyyn, varmistaen samalla kolminkertaisen suojan:<\/p>\n\n\n\n<ul class=\"wp-block-list\">\n<li>koneenk\u00e4ytt\u00e4j\u00e4n (ty\u00f6ntekij\u00e4n)\u00a0suojan<\/li>\n\n\n\n<li>K\u00e4sitelt\u00e4v\u00e4n tuotteen suojan<\/li>\n\n\n\n<li>ymp\u00e4rist\u00f6nsuojan.<\/li>\n<\/ul>\n\n\n\n<p>Koneenk\u00e4ytt\u00e4j\u00e4n suoja vaarallisilla tuotteilla saastumiselta on varmistettu suoran kosketuksen ehdottomalla poissulkemisella. Koneenk\u00e4ytt\u00e4j\u00e4 voi eristyskammiota ymp\u00e4r\u00f6ivien ikkunoiden ja sis\u00e4ll\u00e4 olevien k\u00e4sineiden avulla suorittaa erilaisia k\u00e4sittelytoimia, mm. avata astioita, pakata tuotteita, punnita ja my\u00f6s jauhaa\/seuloa tuotteita ilman v\u00e4lit\u00f6nt\u00e4 kosketusta materiaaliin.<\/p>\n<\/div>\n\n\n\n<div class=\"wp-block-group is-layout-flow wp-block-group-is-layout-flow\">\n<div class=\"wp-block-group is-content-justification-right is-layout-constrained wp-container-core-group-is-layout-07b51d56 wp-block-group-is-layout-constrained\">\n<figure class=\"wp-block-image alignright size-full is-resized wp-container-content-69bc4bdf\"><img loading=\"lazy\" decoding=\"async\" width=\"268\" height=\"400\" src=\"https:\/\/www.tektrade.ee\/fi\/wp-content\/uploads\/sites\/5\/2025\/08\/ResizedImage268400-isolatsioonikambrid.jpg\" alt=\"\" class=\"wp-image-2664\" style=\"aspect-ratio:2\/3;object-fit:cover;width:400px\" srcset=\"https:\/\/www.tektrade.ee\/fi\/wp-content\/uploads\/sites\/5\/2025\/08\/ResizedImage268400-isolatsioonikambrid.jpg 268w, https:\/\/www.tektrade.ee\/fi\/wp-content\/uploads\/sites\/5\/2025\/08\/ResizedImage268400-isolatsioonikambrid-201x300.jpg 201w\" sizes=\"auto, (max-width: 268px) 100vw, 268px\" \/><figcaption class=\"wp-element-caption\">Eristyskammiot<br><\/figcaption><\/figure>\n<\/div>\n<\/div>\n<\/div>\n","protected":false},"featured_media":0,"parent":2645,"menu_order":96,"template":"","class_list":["post-2663","product","type-product","status-publish","hentry"],"acf":[],"_links":{"self":[{"href":"https:\/\/www.tektrade.ee\/fi\/wp-json\/wp\/v2\/product\/2663","targetHints":{"allow":["GET"]}}],"collection":[{"href":"https:\/\/www.tektrade.ee\/fi\/wp-json\/wp\/v2\/product"}],"about":[{"href":"https:\/\/www.tektrade.ee\/fi\/wp-json\/wp\/v2\/types\/product"}],"version-history":[{"count":7,"href":"https:\/\/www.tektrade.ee\/fi\/wp-json\/wp\/v2\/product\/2663\/revisions"}],"predecessor-version":[{"id":3202,"href":"https:\/\/www.tektrade.ee\/fi\/wp-json\/wp\/v2\/product\/2663\/revisions\/3202"}],"up":[{"embeddable":true,"href":"https:\/\/www.tektrade.ee\/fi\/wp-json\/wp\/v2\/product\/2645"}],"wp:attachment":[{"href":"https:\/\/www.tektrade.ee\/fi\/wp-json\/wp\/v2\/media?parent=2663"}],"curies":[{"name":"wp","href":"https:\/\/api.w.org\/{rel}","templated":true}]}}