{"id":2660,"date":"2025-08-16T11:49:05","date_gmt":"2025-08-16T08:49:05","guid":{"rendered":"https:\/\/www.tektrade.ee\/fi\/?post_type=product&#038;p=2660"},"modified":"2025-08-18T00:11:56","modified_gmt":"2025-08-17T21:11:56","slug":"pilarinosturit","status":"publish","type":"product","link":"https:\/\/www.tektrade.ee\/fi\/toutteet\/jauheiden-kasittelylaitteet\/pilarinosturit\/","title":{"rendered":"Pilarinosturit"},"content":{"rendered":"\n<div class=\"wp-block-group is-nowrap is-layout-flex wp-container-core-group-is-layout-ad2f72ca wp-block-group-is-layout-flex\">\n<div class=\"wp-block-group is-layout-constrained wp-block-group-is-layout-constrained\">\n<figure class=\"wp-block-image alignleft size-full\"><img loading=\"lazy\" decoding=\"async\" width=\"300\" height=\"276\" src=\"https:\/\/www.tektrade.ee\/fi\/wp-content\/uploads\/sites\/5\/2025\/08\/ResizedImage300276-Posttostukid.jpg\" alt=\"\" class=\"wp-image-2661\"\/><figcaption class=\"wp-element-caption\"><em>Pilarinosturit<br><\/em><\/figcaption><\/figure>\n<\/div>\n<\/div>\n\n\n\n<div style=\"height:30px\" aria-hidden=\"true\" class=\"wp-block-spacer\"><\/div>\n\n\n\n<p>S\u00e4hk\u00f6mekaanisia pilarinostureita (eli pylv\u00e4snostureita) k\u00e4ytet\u00e4\u00e4n jauheiden k\u00e4sittelyprosesseissa tynnyreiden, astioiden ja laitteiden (mm. granulaattorit, lastaussuppilot, pakkauslaitteet yms.) nostamiseen ja k\u00e4\u00e4nt\u00e4miseen.&nbsp;Pilarinostureiden nostoteho on 10 &#8211; 120 kg.<\/p>\n\n\n\n<p>Pilarinostureiden toimintaperiaate on yksinkertainen. Niit\u00e4 voidaan k\u00e4\u00e4nt\u00e4\u00e4 akselin ymp\u00e4ri automaattisesti tai k\u00e4sin. K\u00e4sitelt\u00e4vien astioiden\/laitteiden k\u00e4\u00e4nt\u00e4miseen k\u00e4ytet\u00e4\u00e4n k\u00e4sik\u00e4ytt\u00f6ist\u00e4 tai automaattista paineenrajoitinta. Pilarinosturit ovat turvallisia ja toimintavarmoja rst-metallista valmistettuja laitteita, niiden rakenteessa ei ole ketjuja, koukkuja tai hydraulisylinterej\u00e4. Nosturin jokainen mekaaninen osa on hyvin suojattu rst-ter\u00e4ksest\u00e4 valmistetulla rungolla ja py\u00f6riv\u00e4t osat on suojattu sivusuojuksilla, jotka seuraavat nostokauhan liikett\u00e4. Nosturin korkeus ja nostokauhan pituus valmistellaan asiakkaan toiveiden mukaan.<\/p>\n\n\n\n<p>K\u00e4ytt\u00f6alueet:<br>Kemian-, l\u00e4\u00e4ke-, elintarvike-, kosmetiikka-, tekstiili-, maali- ja muoviteollisuus ym.<\/p>\n","protected":false},"featured_media":0,"parent":2645,"menu_order":97,"template":"","class_list":["post-2660","product","type-product","status-publish","hentry"],"acf":[],"_links":{"self":[{"href":"https:\/\/www.tektrade.ee\/fi\/wp-json\/wp\/v2\/product\/2660","targetHints":{"allow":["GET"]}}],"collection":[{"href":"https:\/\/www.tektrade.ee\/fi\/wp-json\/wp\/v2\/product"}],"about":[{"href":"https:\/\/www.tektrade.ee\/fi\/wp-json\/wp\/v2\/types\/product"}],"version-history":[{"count":2,"href":"https:\/\/www.tektrade.ee\/fi\/wp-json\/wp\/v2\/product\/2660\/revisions"}],"predecessor-version":[{"id":3203,"href":"https:\/\/www.tektrade.ee\/fi\/wp-json\/wp\/v2\/product\/2660\/revisions\/3203"}],"up":[{"embeddable":true,"href":"https:\/\/www.tektrade.ee\/fi\/wp-json\/wp\/v2\/product\/2645"}],"wp:attachment":[{"href":"https:\/\/www.tektrade.ee\/fi\/wp-json\/wp\/v2\/media?parent=2660"}],"curies":[{"name":"wp","href":"https:\/\/api.w.org\/{rel}","templated":true}]}}