{"id":2650,"date":"2025-08-16T11:47:24","date_gmt":"2025-08-16T08:47:24","guid":{"rendered":"https:\/\/www.tektrade.ee\/fi\/?post_type=product&#038;p=2650"},"modified":"2025-08-18T00:12:57","modified_gmt":"2025-08-17T21:12:57","slug":"ruostumattomasta-teraksesta-valmistetut-apuvalineet","status":"publish","type":"product","link":"https:\/\/www.tektrade.ee\/fi\/toutteet\/jauheiden-kasittelylaitteet\/ruostumattomasta-teraksesta-valmistetut-apuvalineet\/","title":{"rendered":"Ruostumattomasta ter\u00e4ksest\u00e4 valmistetut apuv\u00e4lineet"},"content":{"rendered":"\n<div class=\"wp-block-group is-layout-grid wp-container-core-group-is-layout-baef362d wp-block-group-is-layout-grid\">\n<div class=\"wp-block-group is-content-justification-left is-layout-constrained wp-container-core-group-is-layout-8c890d92 wp-block-group-is-layout-constrained\">\n<figure class=\"wp-block-image aligncenter size-full\"><img loading=\"lazy\" decoding=\"async\" width=\"188\" height=\"250\" src=\"https:\/\/www.tektrade.ee\/fi\/wp-content\/uploads\/sites\/5\/2025\/08\/ResizedImage188250-Drums1.jpg\" alt=\"\" class=\"wp-image-2651\"\/><figcaption class=\"wp-element-caption\"><em><em>Tynnyrit<\/em><\/em><\/figcaption><\/figure>\n<\/div>\n\n\n\n<div class=\"wp-block-group is-layout-constrained wp-block-group-is-layout-constrained\">\n<figure class=\"wp-block-image aligncenter size-full\"><img loading=\"lazy\" decoding=\"async\" width=\"300\" height=\"250\" src=\"https:\/\/www.tektrade.ee\/fi\/wp-content\/uploads\/sites\/5\/2025\/08\/ResizedImage300250-Drums2.jpg\" alt=\"\" class=\"wp-image-2652\"\/><figcaption class=\"wp-element-caption\"><em><em>Tynnyri<\/em><\/em><\/figcaption><\/figure>\n<\/div>\n<\/div>\n\n\n\n<p>Kuvaus:<\/p>\n\n\n\n<ul class=\"wp-block-list\">\n<li>Kaikki tuotteen kanssa kosketuksiin joutuvat pinnat on valmistettu haponkest\u00e4v\u00e4st\u00e4 ter\u00e4ksest\u00e4 1.4404 (AISI 316);\u00a0kaikki muut osat on valmistettu ruostumattomasta ter\u00e4ksest\u00e4 1.4301 (AISI 304)<\/li>\n\n\n\n<li>Poistettava kansi, jotta tynnyri voitaisiin puhdistaa sis\u00e4lt\u00e4<\/li>\n\n\n\n<li>Kannessa kiinnitys ja hygieenisesti sulkeutuva huokoinen silikonitiiviste<\/li>\n\n\n\n<li>tynnyri on vahvistettu kahdella vahvistusnauhalla<\/li>\n\n\n\n<li>Tynnyriss\u00e4 on sile\u00e4 pohja, s\u00e4teet\u00a0(FDA), hitsatut saumat<\/li>\n\n\n\n<li>viimeistely: tuotteen kanssa kosketuksiin joutuvat osat \u2013 peilinkirkas kiillotus \u22640,5 mikronia; muut pinnat &#8211; satiiniviimeistely.<\/li>\n<\/ul>\n\n\n\n<p><strong>Kuljetusvaunu&nbsp;<\/strong><\/p>\n\n\n\n<div class=\"wp-block-group is-layout-grid wp-container-core-group-is-layout-baef362d wp-block-group-is-layout-grid\">\n<div class=\"wp-block-group is-content-justification-left is-layout-constrained wp-container-core-group-is-layout-8c890d92 wp-block-group-is-layout-constrained\">\n<figure class=\"wp-block-image aligncenter size-full\"><img loading=\"lazy\" decoding=\"async\" width=\"300\" height=\"400\" src=\"https:\/\/www.tektrade.ee\/fi\/wp-content\/uploads\/sites\/5\/2025\/08\/ResizedImage300400-Trolley.jpg\" alt=\"\" class=\"wp-image-2653\" srcset=\"https:\/\/www.tektrade.ee\/fi\/wp-content\/uploads\/sites\/5\/2025\/08\/ResizedImage300400-Trolley.jpg 300w, https:\/\/www.tektrade.ee\/fi\/wp-content\/uploads\/sites\/5\/2025\/08\/ResizedImage300400-Trolley-225x300.jpg 225w\" sizes=\"auto, (max-width: 300px) 100vw, 300px\" \/><figcaption class=\"wp-element-caption\"><em><em>Kuljetusvaunu<\/em><\/em><\/figcaption><\/figure>\n<\/div>\n\n\n\n<div class=\"wp-block-group is-layout-constrained wp-block-group-is-layout-constrained\">\n<figure class=\"wp-block-image aligncenter size-full\"><img loading=\"lazy\" decoding=\"async\" width=\"300\" height=\"400\" src=\"https:\/\/www.tektrade.ee\/fi\/wp-content\/uploads\/sites\/5\/2025\/08\/ResizedImage300400-Trolley2.jpg\" alt=\"\" class=\"wp-image-2654\" srcset=\"https:\/\/www.tektrade.ee\/fi\/wp-content\/uploads\/sites\/5\/2025\/08\/ResizedImage300400-Trolley2.jpg 300w, https:\/\/www.tektrade.ee\/fi\/wp-content\/uploads\/sites\/5\/2025\/08\/ResizedImage300400-Trolley2-225x300.jpg 225w\" sizes=\"auto, (max-width: 300px) 100vw, 300px\" \/><figcaption class=\"wp-element-caption\"><em><em>Kuljetusvaunu<\/em><\/em><\/figcaption><\/figure>\n<\/div>\n<\/div>\n\n\n\n<p>Kuvaus:<\/p>\n\n\n\n<ul class=\"wp-block-list\">\n<li>AISI 304 ruostumattomasta ter\u00e4ksest\u00e4 valmistettu vaunu tynnyreiden k\u00e4sittelemiseen<\/li>\n\n\n\n<li>Vaunussa rullakuljetin ja turvasalvat rullien lukitsemiseen<\/li>\n\n\n\n<li>4 py\u00f6riv\u00e4\u00e4 py\u00f6r\u00e4\u00e4<\/li>\n\n\n\n<li>satiiniviimeistely<\/li>\n\n\n\n<li>Tarjolla 30\/50\/100\/200\/300 L tynnyreille\u00a0<\/li>\n<\/ul>\n\n\n\n<p><strong>Ter\u00e4skauhat&nbsp;<\/strong><\/p>\n\n\n\n<div class=\"wp-block-group is-layout-grid wp-container-core-group-is-layout-baef362d wp-block-group-is-layout-grid\">\n<div class=\"wp-block-group is-content-justification-left is-layout-constrained wp-container-core-group-is-layout-8c890d92 wp-block-group-is-layout-constrained\">\n<figure class=\"wp-block-image aligncenter size-full\"><img loading=\"lazy\" decoding=\"async\" width=\"314\" height=\"200\" src=\"https:\/\/www.tektrade.ee\/fi\/wp-content\/uploads\/sites\/5\/2025\/08\/ResizedImage314200-Scoops1.jpg\" alt=\"\" class=\"wp-image-2655\" srcset=\"https:\/\/www.tektrade.ee\/fi\/wp-content\/uploads\/sites\/5\/2025\/08\/ResizedImage314200-Scoops1.jpg 314w, https:\/\/www.tektrade.ee\/fi\/wp-content\/uploads\/sites\/5\/2025\/08\/ResizedImage314200-Scoops1-300x191.jpg 300w\" sizes=\"auto, (max-width: 314px) 100vw, 314px\" \/><figcaption class=\"wp-element-caption\"><em><em>Ter\u00e4skauhat<\/em><\/em><\/figcaption><\/figure>\n<\/div>\n\n\n\n<div class=\"wp-block-group is-layout-constrained wp-block-group-is-layout-constrained\">\n<figure class=\"wp-block-image aligncenter size-full\"><img loading=\"lazy\" decoding=\"async\" width=\"244\" height=\"200\" src=\"https:\/\/www.tektrade.ee\/fi\/wp-content\/uploads\/sites\/5\/2025\/08\/ResizedImage244200-Scoops2.jpg\" alt=\"\" class=\"wp-image-2656\"\/><figcaption class=\"wp-element-caption\"><em>Ter\u00e4skauha<br><\/em><\/figcaption><\/figure>\n<\/div>\n<\/div>\n\n\n\n<p>Kuvaus:<\/p>\n\n\n\n<ul class=\"wp-block-list\">\n<li>Valmistettu haponkest\u00e4v\u00e4st\u00e4 ter\u00e4ksest\u00e4\u00a0AISI 316<\/li>\n\n\n\n<li>viimeistely: joko peilinkirkas kiillotus tai satiiniviimeistely<\/li>\n\n\n\n<li>kaikki osat on hitsattu ja puhdistettu, ilman rakoja, helposti puhdistettavia ja sopivat k\u00e4ytett\u00e4v\u00e4ksi my\u00f6s autoklaavissa.<br><\/li>\n<\/ul>\n\n\n\n<p><strong>Kiillotetut kaapimet&nbsp;<\/strong><\/p>\n\n\n\n<div class=\"wp-block-group is-nowrap is-layout-flex wp-container-core-group-is-layout-ad2f72ca wp-block-group-is-layout-flex\">\n<div class=\"wp-block-group is-layout-constrained wp-block-group-is-layout-constrained\">\n<figure class=\"wp-block-image alignleft size-full\"><img loading=\"lazy\" decoding=\"async\" width=\"300\" height=\"235\" src=\"https:\/\/www.tektrade.ee\/fi\/wp-content\/uploads\/sites\/5\/2025\/08\/ResizedImage300235-Scraper-and-scoops.jpg\" alt=\"\" class=\"wp-image-2657\"\/><figcaption class=\"wp-element-caption\"><em>Kaavin ja kauhat<br><\/em><\/figcaption><\/figure>\n<\/div>\n<\/div>\n\n\n\n<p>Kuvaus:<\/p>\n\n\n\n<ul class=\"wp-block-list\">\n<li>Valmistettu haponkest\u00e4v\u00e4st\u00e4 ter\u00e4ksest\u00e4\u00a0AISI 316<\/li>\n\n\n\n<li>viimeistely: peilinkirkas kiillotus<\/li>\n<\/ul>\n","protected":false},"featured_media":0,"parent":2645,"menu_order":98,"template":"","class_list":["post-2650","product","type-product","status-publish","hentry"],"acf":[],"_links":{"self":[{"href":"https:\/\/www.tektrade.ee\/fi\/wp-json\/wp\/v2\/product\/2650","targetHints":{"allow":["GET"]}}],"collection":[{"href":"https:\/\/www.tektrade.ee\/fi\/wp-json\/wp\/v2\/product"}],"about":[{"href":"https:\/\/www.tektrade.ee\/fi\/wp-json\/wp\/v2\/types\/product"}],"version-history":[{"count":3,"href":"https:\/\/www.tektrade.ee\/fi\/wp-json\/wp\/v2\/product\/2650\/revisions"}],"predecessor-version":[{"id":3204,"href":"https:\/\/www.tektrade.ee\/fi\/wp-json\/wp\/v2\/product\/2650\/revisions\/3204"}],"up":[{"embeddable":true,"href":"https:\/\/www.tektrade.ee\/fi\/wp-json\/wp\/v2\/product\/2645"}],"wp:attachment":[{"href":"https:\/\/www.tektrade.ee\/fi\/wp-json\/wp\/v2\/media?parent=2650"}],"curies":[{"name":"wp","href":"https:\/\/api.w.org\/{rel}","templated":true}]}}