{"id":2639,"date":"2025-08-16T11:42:38","date_gmt":"2025-08-16T08:42:38","guid":{"rendered":"https:\/\/www.tektrade.ee\/fi\/?post_type=product&#038;p=2639"},"modified":"2025-08-18T00:14:51","modified_gmt":"2025-08-17T21:14:51","slug":"ndt-tuotteet","status":"publish","type":"product","link":"https:\/\/www.tektrade.ee\/fi\/toutteet\/muut-tuotteet\/ndt-tuotteet\/","title":{"rendered":"NDT-Tuotteet"},"content":{"rendered":"\n<p>NDT (Non Destructive Testing) &#8211;&nbsp;rikkomattoman ainekoetuksen v\u00e4lineit\u00e4 k\u00e4ytet\u00e4\u00e4n hitsauksessa hitsien tarkastuksessa ja metalliin syntyneiden halkeamien toteamiseen.<\/p>\n\n\n\n<p><strong>Aerosolituotteet<\/strong><\/p>\n\n\n\n<div class=\"wp-block-group is-nowrap is-layout-flex wp-container-core-group-is-layout-ad2f72ca wp-block-group-is-layout-flex\">\n<div class=\"wp-block-group is-layout-constrained wp-block-group-is-layout-constrained\">\n<figure class=\"wp-block-image alignleft size-full\"><img loading=\"lazy\" decoding=\"async\" width=\"300\" height=\"353\" src=\"https:\/\/www.tektrade.ee\/fi\/wp-content\/uploads\/sites\/5\/2025\/08\/ResizedImage300353-Aerosoolid.jpg\" alt=\"\" class=\"wp-image-2640\" srcset=\"https:\/\/www.tektrade.ee\/fi\/wp-content\/uploads\/sites\/5\/2025\/08\/ResizedImage300353-Aerosoolid.jpg 300w, https:\/\/www.tektrade.ee\/fi\/wp-content\/uploads\/sites\/5\/2025\/08\/ResizedImage300353-Aerosoolid-255x300.jpg 255w\" sizes=\"auto, (max-width: 300px) 100vw, 300px\" \/><figcaption class=\"wp-element-caption\"><em>Aerosolit<\/em><br><\/figcaption><\/figure>\n<\/div>\n<\/div>\n\n\n\n<div style=\"height:30px\" aria-hidden=\"true\" class=\"wp-block-spacer\"><\/div>\n\n\n\n<p>NDT aerosolituotteita k\u00e4ytet\u00e4\u00e4n:<\/p>\n\n\n\n<p>1. Tunkeumanestetarkastuksessa (tarkastus tunkeumanesteell\u00e4).<\/p>\n\n\n\n<p>K\u00e4ytett\u00e4v\u00e4t v\u00e4lineet:<\/p>\n\n\n\n<ul class=\"wp-block-list\">\n<li>Punainen (tai fluoresoiva) tunkeumamaali<\/li>\n\n\n\n<li>puhdistusaine<\/li>\n\n\n\n<li>Valkoinen kehite<\/li>\n<\/ul>\n\n\n\n<p>2. Magneettijauhetestauksessa.<\/p>\n\n\n\n<p>K\u00e4ytett\u00e4v\u00e4t v\u00e4lineet:<\/p>\n\n\n\n<ul class=\"wp-block-list\">\n<li>magneettijauhesekoitus suspensioon<\/li>\n\n\n\n<li>Valkoinen kontrastimaali<\/li>\n<\/ul>\n\n\n\n<p>Tarjoamme 500ml ja 400ml aerosolipulloja, laatikkotavarana ja tukkueriss\u00e4 (kerralla 1\/2 tai 1 lavaa).<\/p>\n\n\n\n<div style=\"height:30px\" aria-hidden=\"true\" class=\"wp-block-spacer\"><\/div>\n\n\n\n<p><strong>Ultra\u00e4\u00e4nigeeli<\/strong><\/p>\n\n\n\n<div class=\"wp-block-group is-nowrap is-layout-flex wp-container-core-group-is-layout-ad2f72ca wp-block-group-is-layout-flex\">\n<div class=\"wp-block-group is-layout-constrained wp-block-group-is-layout-constrained\">\n<figure class=\"wp-block-image alignleft size-full\"><img loading=\"lazy\" decoding=\"async\" width=\"250\" height=\"333\" src=\"https:\/\/www.tektrade.ee\/fi\/wp-content\/uploads\/sites\/5\/2025\/08\/ResizedImage250333-Ultraheligeel.jpg\" alt=\"\" class=\"wp-image-2641\" srcset=\"https:\/\/www.tektrade.ee\/fi\/wp-content\/uploads\/sites\/5\/2025\/08\/ResizedImage250333-Ultraheligeel.jpg 250w, https:\/\/www.tektrade.ee\/fi\/wp-content\/uploads\/sites\/5\/2025\/08\/ResizedImage250333-Ultraheligeel-225x300.jpg 225w\" sizes=\"auto, (max-width: 250px) 100vw, 250px\" \/><figcaption class=\"wp-element-caption\"><em><em>Ultra\u00e4\u00e4nigeeli<\/em><\/em><\/figcaption><\/figure>\n<\/div>\n<\/div>\n\n\n\n<div style=\"height:30px\" aria-hidden=\"true\" class=\"wp-block-spacer\"><\/div>\n\n\n\n<p>Ultra\u00e4\u00e4ni-kontaktigeeli\u00e4 k\u00e4ytet\u00e4\u00e4n sek\u00e4 l\u00e4\u00e4ketieteess\u00e4 ett\u00e4 metallissa olevien virheiden havaitsemiseen ultra\u00e4\u00e4nilaitteella.<\/p>\n\n\n\n<p>Tuotevalikoimassa ovat vesipohjaiset geelit ja korkeita l\u00e4mp\u00f6tiloja kest\u00e4v\u00e4t erityisvalmisteiset geelit metallien tarkastukseen.<\/p>\n\n\n\n<p>Varastotuotteena on vesipohjainen sininen ultra\u00e4\u00e4nigeeli. Pakkauskoko \u2013 5,5L kanisteri.<\/p>\n\n\n\n<div style=\"height:30px\" aria-hidden=\"true\" class=\"wp-block-spacer\"><\/div>\n\n\n\n<p><strong>Tarvikkeet<\/strong><\/p>\n\n\n\n<ul class=\"wp-block-list\">\n<li>UV-lamput<\/li>\n\n\n\n<li>Kiinte\u00e4t magneetit<\/li>\n<\/ul>\n\n\n\n<div class=\"wp-block-group is-layout-grid wp-container-core-group-is-layout-baef362d wp-block-group-is-layout-grid\">\n<div class=\"wp-block-group is-content-justification-left is-layout-constrained wp-container-core-group-is-layout-8c890d92 wp-block-group-is-layout-constrained\">\n<figure class=\"wp-block-image aligncenter size-full\"><img loading=\"lazy\" decoding=\"async\" width=\"250\" height=\"176\" src=\"https:\/\/www.tektrade.ee\/fi\/wp-content\/uploads\/sites\/5\/2025\/08\/UV-lamp-LED.jpg\" alt=\"\" class=\"wp-image-2642\"\/><figcaption class=\"wp-element-caption\">UV-lamppu<br><\/figcaption><\/figure>\n<\/div>\n\n\n\n<div class=\"wp-block-group is-layout-constrained wp-block-group-is-layout-constrained\">\n<figure class=\"wp-block-image aligncenter size-full\"><img loading=\"lazy\" decoding=\"async\" width=\"236\" height=\"176\" src=\"https:\/\/www.tektrade.ee\/fi\/wp-content\/uploads\/sites\/5\/2025\/08\/ResizedImage236176-Pusimagnet.jpg\" alt=\"\" class=\"wp-image-2643\"\/><figcaption class=\"wp-element-caption\">Kiinte\u00e4 magneetti<br><\/figcaption><\/figure>\n<\/div>\n<\/div>\n","protected":false},"featured_media":0,"parent":2635,"menu_order":101,"template":"","class_list":["post-2639","product","type-product","status-publish","hentry"],"acf":[],"_links":{"self":[{"href":"https:\/\/www.tektrade.ee\/fi\/wp-json\/wp\/v2\/product\/2639","targetHints":{"allow":["GET"]}}],"collection":[{"href":"https:\/\/www.tektrade.ee\/fi\/wp-json\/wp\/v2\/product"}],"about":[{"href":"https:\/\/www.tektrade.ee\/fi\/wp-json\/wp\/v2\/types\/product"}],"version-history":[{"count":2,"href":"https:\/\/www.tektrade.ee\/fi\/wp-json\/wp\/v2\/product\/2639\/revisions"}],"predecessor-version":[{"id":3208,"href":"https:\/\/www.tektrade.ee\/fi\/wp-json\/wp\/v2\/product\/2639\/revisions\/3208"}],"up":[{"embeddable":true,"href":"https:\/\/www.tektrade.ee\/fi\/wp-json\/wp\/v2\/product\/2635"}],"wp:attachment":[{"href":"https:\/\/www.tektrade.ee\/fi\/wp-json\/wp\/v2\/media?parent=2639"}],"curies":[{"name":"wp","href":"https:\/\/api.w.org\/{rel}","templated":true}]}}