{"id":2637,"date":"2025-08-16T11:40:51","date_gmt":"2025-08-16T08:40:51","guid":{"rendered":"https:\/\/www.tektrade.ee\/fi\/?post_type=product&#038;p=2637"},"modified":"2025-08-18T00:15:13","modified_gmt":"2025-08-17T21:15:13","slug":"vci-korroosionestoaineet","status":"publish","type":"product","link":"https:\/\/www.tektrade.ee\/fi\/toutteet\/muut-tuotteet\/vci-korroosionestoaineet\/","title":{"rendered":"VCI \u2013 korroosionestoaineet"},"content":{"rendered":"\n<p>Korroosionestonaineet (VCI-teknologia) ovat kemikaaleja, jotka suojaavat metalleja lyhyen ajan ruostumiselta. Suojaavan vaikutuksen kesto estoaineen koostumuksen, kemikaalipitoisen tuotteen, vaikutusaineen m\u00e4\u00e4r\u00e4n, k\u00e4ytt\u00f6menetelm\u00e4n jne. mukaan vaihtelee viikoista kuukausiin.<\/p>\n\n\n\n<p>Korroosionestoaineet jaetaan:<\/p>\n\n\n\n<p>1. Kaasumaisiksi tuotteiksi, joita k\u00e4ytet\u00e4\u00e4n metallituotteiden konservoinnissa ja pakkaamisessa.&nbsp;<br>Korroosionestoaineen h\u00f6yryt kondensoituvat metallin pintaan ja kemikaalin sis\u00e4lt\u00e4m\u00e4t ionit muodostavat siihen ohuen molekylaarisen suojakerroksen, joka est\u00e4\u00e4 ruostumisen.<\/p>\n\n\n\n<ul class=\"wp-block-list\">\n<li>muovituotteet, jauhemaiset emitterit, vaahtomaiset emitterit, tabletit, paperit, aerosolit<\/li>\n<\/ul>\n\n\n\n<p>2. Nestem\u00e4iset korroosionestoaineet, jotka levitet\u00e4\u00e4n metallin pintaan (mm. aseiden konservointi)<\/p>\n\n\n\n<ul class=\"wp-block-list\">\n<li>Korroosionestoainetta sis\u00e4lt\u00e4v\u00e4t vesi- tai \u00f6ljypohjaiset tuotteet ja geelit.<\/li>\n<\/ul>\n","protected":false},"featured_media":0,"parent":2635,"menu_order":102,"template":"","class_list":["post-2637","product","type-product","status-publish","hentry"],"acf":[],"_links":{"self":[{"href":"https:\/\/www.tektrade.ee\/fi\/wp-json\/wp\/v2\/product\/2637","targetHints":{"allow":["GET"]}}],"collection":[{"href":"https:\/\/www.tektrade.ee\/fi\/wp-json\/wp\/v2\/product"}],"about":[{"href":"https:\/\/www.tektrade.ee\/fi\/wp-json\/wp\/v2\/types\/product"}],"version-history":[{"count":2,"href":"https:\/\/www.tektrade.ee\/fi\/wp-json\/wp\/v2\/product\/2637\/revisions"}],"predecessor-version":[{"id":3209,"href":"https:\/\/www.tektrade.ee\/fi\/wp-json\/wp\/v2\/product\/2637\/revisions\/3209"}],"up":[{"embeddable":true,"href":"https:\/\/www.tektrade.ee\/fi\/wp-json\/wp\/v2\/product\/2635"}],"wp:attachment":[{"href":"https:\/\/www.tektrade.ee\/fi\/wp-json\/wp\/v2\/media?parent=2637"}],"curies":[{"name":"wp","href":"https:\/\/api.w.org\/{rel}","templated":true}]}}