{"id":2312,"date":"2025-08-12T23:19:54","date_gmt":"2025-08-12T20:19:54","guid":{"rendered":"https:\/\/www.tektrade.ee\/fi\/?post_type=product&#038;p=2312"},"modified":"2025-08-17T23:15:40","modified_gmt":"2025-08-17T20:15:40","slug":"teolliset-tyhjioimurit-delfin","status":"publish","type":"product","link":"https:\/\/www.tektrade.ee\/fi\/toutteet\/suodattimet-ja-separaattorit\/teolliset-tyhjioimurit-delfin\/","title":{"rendered":"Teolliset tyhji\u00f6imurit Delfin"},"content":{"rendered":"\n<div class=\"wp-block-group is-nowrap is-layout-flex wp-container-core-group-is-layout-ad2f72ca wp-block-group-is-layout-flex\">\n<figure class=\"wp-block-image size-full\"><img loading=\"lazy\" decoding=\"async\" width=\"480\" height=\"400\" src=\"https:\/\/www.tektrade.ee\/fi\/wp-content\/uploads\/sites\/5\/2025\/08\/ResizedImage480400-Gamma-Atex.png\" alt=\"\" class=\"wp-image-2586\" srcset=\"https:\/\/www.tektrade.ee\/fi\/wp-content\/uploads\/sites\/5\/2025\/08\/ResizedImage480400-Gamma-Atex.png 480w, https:\/\/www.tektrade.ee\/fi\/wp-content\/uploads\/sites\/5\/2025\/08\/ResizedImage480400-Gamma-Atex-300x250.png 300w\" sizes=\"auto, (max-width: 480px) 100vw, 480px\" \/><\/figure>\n<\/div>\n\n\n\n<p>TekTrade Balticin tuotevalikoimassa on tunnustetun italialaisvalmistajan Delfinin tyhji\u00f6imureita kaikenlaisille teollisuuden aloille. Jokainen tyhji\u00f6imuri on suunniteltu tiettyyn tarkoitukseen joko p\u00f6lyn, kiinteiden aineiden tai nesteiden k\u00e4sittelyyn. Delfinin teolliset imurit ovat paras ratkaisu p\u00f6lyn ja\/tai tuotantoj\u00e4tteiden poistamiseen kaikenlaisista ty\u00f6ymp\u00e4rist\u00f6ist\u00e4 ja ne varmistavat parhaan mahdollisen tehokkuuden ja turvallisuuden. HEPA-suodatuksen ja t\u00e4ydent\u00e4vien sertifioitujen komponenttien ansiosta teolliset ATEX-imurit takaavat korkeimman puhdistustason ja turvallisuuden my\u00f6s r\u00e4j\u00e4hdysvaarallisissa ymp\u00e4rist\u00f6iss\u00e4.<\/p>\n\n\n\n<div class=\"wp-block-file\"><a id=\"wp-block-file--media-afb4953b-b269-4339-8d71-cd8effbe24ba\" href=\"https:\/\/www.tektrade.ee\/fi\/wp-content\/uploads\/sites\/5\/2025\/08\/Delfin-Catalogue-V1.0-ENG-web1.pdf\" target=\"_blank\" rel=\"noreferrer noopener\">Delfin\u00a0tuotekuvasto<\/a><\/div>\n\n\n\n<p>Saatavana erityyppisi\u00e4 teollisia tyhji\u00f6imureita:<\/p>\n\n\n\n<div class=\"wp-block-group is-nowrap is-layout-flex wp-container-core-group-is-layout-ad2f72ca wp-block-group-is-layout-flex\">\n<figure class=\"wp-block-image size-full\"><img loading=\"lazy\" decoding=\"async\" width=\"206\" height=\"300\" src=\"https:\/\/www.tektrade.ee\/fi\/wp-content\/uploads\/sites\/5\/2025\/08\/ResizedImage206300-3-faasilised.png\" alt=\"\" class=\"wp-image-2588\"\/><\/figure>\n<\/div>\n\n\n\n<p>&#8211;&nbsp;&nbsp;&nbsp;&nbsp;&nbsp;&nbsp; 3-vaiheiset teolliset tyhji\u00f6imurit, jotka on tarkoitettu jatkuvassa toiminnassa oleviin sovelluksiin.<\/p>\n\n\n\n<div style=\"height:30px\" aria-hidden=\"true\" class=\"wp-block-spacer\"><\/div>\n\n\n\n<div class=\"wp-block-group is-nowrap is-layout-flex wp-container-core-group-is-layout-ad2f72ca wp-block-group-is-layout-flex\">\n<figure class=\"wp-block-image size-full\"><img loading=\"lazy\" decoding=\"async\" width=\"151\" height=\"300\" src=\"https:\/\/www.tektrade.ee\/fi\/wp-content\/uploads\/sites\/5\/2025\/08\/ResizedImage151300-1-faasilised.png\" alt=\"\" class=\"wp-image-2590\"\/><\/figure>\n<\/div>\n\n\n\n<p>&#8211;&nbsp;&nbsp;&nbsp;&nbsp;&nbsp;&nbsp; 1-vaiheiset teolliset tyhji\u00f6imurit, jotka on tarkoitettu p\u00f6lyn ja nesteen imemiseen. Eiv\u00e4t ole tarkoitetut jatkuvasti toiminnassa oleville sovelluksille, vaan yleisemmin puhdistamiseen tuotantoalueilla. Mahdollistavat liikkumisen yhdelt\u00e4 ty\u00f6alueelta toiselle.<\/p>\n\n\n\n<div style=\"height:30px\" aria-hidden=\"true\" class=\"wp-block-spacer\"><\/div>\n\n\n\n<div class=\"wp-block-group is-nowrap is-layout-flex wp-container-core-group-is-layout-ad2f72ca wp-block-group-is-layout-flex\">\n<figure class=\"wp-block-image size-full\"><img loading=\"lazy\" decoding=\"async\" width=\"206\" height=\"300\" src=\"https:\/\/www.tektrade.ee\/fi\/wp-content\/uploads\/sites\/5\/2025\/08\/ResizedImage206300-peene-ja-murgise-tolmu-jaoks.png\" alt=\"\" class=\"wp-image-2591\"\/><\/figure>\n<\/div>\n\n\n\n<p>&#8211;&nbsp;&nbsp;&nbsp;&nbsp;&nbsp;&nbsp; Teolliset tyhji\u00f6imurit, jotka on tarkoitettu hienolle ja myrkylliselle p\u00f6lylle.<\/p>\n\n\n\n<div style=\"height:30px\" aria-hidden=\"true\" class=\"wp-block-spacer\"><\/div>\n\n\n\n<div class=\"wp-block-group is-nowrap is-layout-flex wp-container-core-group-is-layout-ad2f72ca wp-block-group-is-layout-flex\">\n<figure class=\"wp-block-image size-full\"><img loading=\"lazy\" decoding=\"async\" width=\"182\" height=\"300\" src=\"https:\/\/www.tektrade.ee\/fi\/wp-content\/uploads\/sites\/5\/2025\/08\/ResizedImage182300-suruohuimur.png\" alt=\"\" class=\"wp-image-2592\"\/><\/figure>\n<\/div>\n\n\n\n<p>&#8211;&nbsp;&nbsp;&nbsp;&nbsp;&nbsp;&nbsp; Teolliset paineilmatyhji\u00f6imurit.<\/p>\n\n\n\n<div style=\"height:30px\" aria-hidden=\"true\" class=\"wp-block-spacer\"><\/div>\n\n\n\n<div class=\"wp-block-group is-nowrap is-layout-flex wp-container-core-group-is-layout-ad2f72ca wp-block-group-is-layout-flex\">\n<figure class=\"wp-block-image size-full\"><img loading=\"lazy\" decoding=\"async\" width=\"182\" height=\"300\" src=\"https:\/\/www.tektrade.ee\/fi\/wp-content\/uploads\/sites\/5\/2025\/08\/ResizedImage182300-atex.png\" alt=\"\" class=\"wp-image-2593\"\/><\/figure>\n<\/div>\n\n\n\n<p>&#8211;&nbsp;&nbsp;&nbsp;&nbsp;&nbsp;&nbsp; Sertifioidut teolliset ATEX-tyhji\u00f6imurit.<\/p>\n\n\n\n<div style=\"height:30px\" aria-hidden=\"true\" class=\"wp-block-spacer\"><\/div>\n\n\n\n<div class=\"wp-block-group is-nowrap is-layout-flex wp-container-core-group-is-layout-ad2f72ca wp-block-group-is-layout-flex\">\n<figure class=\"wp-block-image size-full\"><img loading=\"lazy\" decoding=\"async\" width=\"206\" height=\"300\" src=\"https:\/\/www.tektrade.ee\/fi\/wp-content\/uploads\/sites\/5\/2025\/08\/ResizedImage206300-metallijaakidele.png\" alt=\"\" class=\"wp-image-2594\"\/><\/figure>\n<\/div>\n\n\n\n<p>&#8211;&nbsp;&nbsp;&nbsp;&nbsp;&nbsp;&nbsp; Teolliset tyhji\u00f6imurit metallij\u00e4\u00e4nteiden poistamiseen \u00f6ljyst\u00e4 ja emulsioista.<\/p>\n\n\n\n<div style=\"height:30px\" aria-hidden=\"true\" class=\"wp-block-spacer\"><\/div>\n\n\n\n<div class=\"wp-block-group is-nowrap is-layout-flex wp-container-core-group-is-layout-ad2f72ca wp-block-group-is-layout-flex\">\n<figure class=\"wp-block-image size-full\"><img loading=\"lazy\" decoding=\"async\" width=\"206\" height=\"300\" src=\"https:\/\/www.tektrade.ee\/fi\/wp-content\/uploads\/sites\/5\/2025\/08\/ResizedImage206300-farma.png\" alt=\"\" class=\"wp-image-2595\"\/><\/figure>\n<\/div>\n\n\n\n<p>&#8211;&nbsp;&nbsp;&nbsp;&nbsp;&nbsp;&nbsp; Teolliset tyhji\u00f6imurit elintarvike- ja l\u00e4\u00e4keteollisuudelle ja muille \u00e4\u00e4rimm\u00e4ist\u00e4 puhtautta vaativille teollisuuksille.<\/p>\n\n\n\n<div style=\"height:30px\" aria-hidden=\"true\" class=\"wp-block-spacer\"><\/div>\n\n\n\n<div class=\"wp-block-group is-nowrap is-layout-flex wp-container-core-group-is-layout-ad2f72ca wp-block-group-is-layout-flex\">\n<figure class=\"wp-block-image size-full\"><img loading=\"lazy\" decoding=\"async\" width=\"206\" height=\"300\" src=\"https:\/\/www.tektrade.ee\/fi\/wp-content\/uploads\/sites\/5\/2025\/08\/ResizedImage206300-tootmisliinidele.png\" alt=\"\" class=\"wp-image-2596\"\/><\/figure>\n<\/div>\n\n\n\n<p>&#8211;&nbsp;&nbsp;&nbsp;&nbsp;&nbsp;&nbsp; Teolliset tyhji\u00f6imurit j\u00e4\u00e4nteiden ja j\u00e4tteiden poistamiseen OEM-teollisuudelle, pakkausteollisuudelle ja valmistuslinjoille.<\/p>\n\n\n\n<div style=\"height:30px\" aria-hidden=\"true\" class=\"wp-block-spacer\"><\/div>\n\n\n\n<div class=\"wp-block-group is-nowrap is-layout-flex wp-container-core-group-is-layout-ad2f72ca wp-block-group-is-layout-flex\">\n<figure class=\"wp-block-image size-full\"><img loading=\"lazy\" decoding=\"async\" width=\"206\" height=\"300\" src=\"https:\/\/www.tektrade.ee\/fi\/wp-content\/uploads\/sites\/5\/2025\/08\/ResizedImage206300-keevitamisega-seotud.png\" alt=\"\" class=\"wp-image-2597\"\/><\/figure>\n<\/div>\n\n\n\n<p>&#8211;&nbsp;&nbsp;&nbsp;&nbsp;&nbsp;&nbsp; Teolliset tyhji\u00f6imurit hitsauksen parissa toimiville teollisuuksille.<\/p>\n\n\n\n<div style=\"height:30px\" aria-hidden=\"true\" class=\"wp-block-spacer\"><\/div>\n\n\n\n<div class=\"wp-block-group is-nowrap is-layout-flex wp-container-core-group-is-layout-ad2f72ca wp-block-group-is-layout-flex\">\n<figure class=\"wp-block-image size-full\"><img loading=\"lazy\" decoding=\"async\" width=\"237\" height=\"300\" src=\"https:\/\/www.tektrade.ee\/fi\/wp-content\/uploads\/sites\/5\/2025\/08\/ResizedImage237300-rasketoostusele.png\" alt=\"\" class=\"wp-image-2598\"\/><\/figure>\n<\/div>\n\n\n\n<p>&#8211;\u00a0\u00a0\u00a0\u00a0\u00a0\u00a0 Teolliset tyhji\u00f6imurit suuritehoiselle raskaalle teollisuudelle.<\/p>\n","protected":false},"featured_media":0,"parent":2300,"menu_order":30,"template":"","class_list":["post-2312","product","type-product","status-publish","hentry"],"acf":[],"_links":{"self":[{"href":"https:\/\/www.tektrade.ee\/fi\/wp-json\/wp\/v2\/product\/2312","targetHints":{"allow":["GET"]}}],"collection":[{"href":"https:\/\/www.tektrade.ee\/fi\/wp-json\/wp\/v2\/product"}],"about":[{"href":"https:\/\/www.tektrade.ee\/fi\/wp-json\/wp\/v2\/types\/product"}],"version-history":[{"count":4,"href":"https:\/\/www.tektrade.ee\/fi\/wp-json\/wp\/v2\/product\/2312\/revisions"}],"predecessor-version":[{"id":3110,"href":"https:\/\/www.tektrade.ee\/fi\/wp-json\/wp\/v2\/product\/2312\/revisions\/3110"}],"up":[{"embeddable":true,"href":"https:\/\/www.tektrade.ee\/fi\/wp-json\/wp\/v2\/product\/2300"}],"wp:attachment":[{"href":"https:\/\/www.tektrade.ee\/fi\/wp-json\/wp\/v2\/media?parent=2312"}],"curies":[{"name":"wp","href":"https:\/\/api.w.org\/{rel}","templated":true}]}}