{"id":2310,"date":"2025-08-12T23:19:38","date_gmt":"2025-08-12T20:19:38","guid":{"rendered":"https:\/\/www.tektrade.ee\/fi\/?post_type=product&#038;p=2310"},"modified":"2025-08-17T23:14:32","modified_gmt":"2025-08-17T20:14:32","slug":"tyhjiolaitteet-freddy","status":"publish","type":"product","link":"https:\/\/www.tektrade.ee\/fi\/toutteet\/suodattimet-ja-separaattorit\/tyhjiolaitteet-freddy\/","title":{"rendered":"Tyhji\u00f6laitteet Freddy"},"content":{"rendered":"\n<p>Freddy\u00ae:n siirrett\u00e4vi\u00e4 tyhji\u00f6suodattimia k\u00e4ytet\u00e4\u00e4n p\u00e4\u00e4asiassa metallinty\u00f6st\u00f6tehtaissa.&nbsp;<\/p>\n\n\n\n<p>Freddy\u00ae-laitteilla ty\u00f6penkin s\u00e4ili\u00f6st\u00e4\/liukihihnalta imet\u00e4\u00e4n metallink\u00e4sittelyn leikkuuneste, emulsio-, j\u00e4\u00e4hdytys- tai voiteluneste. Tuotantolaadun parantamiseksi k\u00e4ytett\u00e4v\u00e4n nesteen puhtaustasoa nostetaan.<\/p>\n\n\n\n<p>Suodatinlaitteilla neste puhdistetaan mekaanisista osasista ja \u00f6ljyj\u00e4\u00e4mist\u00e4.<br>Freddy-laitteita k\u00e4ytett\u00e4ess\u00e4 v\u00e4hennet\u00e4\u00e4n merkitt\u00e4v\u00e4sti nesteen k\u00e4ytt\u00f6\u00e4, parannetaan ja pidennet\u00e4\u00e4n mekanismin k\u00e4ytt\u00f6ik\u00e4\u00e4 ja v\u00e4hennet\u00e4\u00e4n huomattavasti j\u00e4tehuoltokustannuksia.<\/p>\n\n\n\n<p>Tehon ja tarpeen mukaan laitteet on jaettu kolmeen \u2013 Superminor, Ecovac, Tramp Oil Separator.<\/p>\n\n\n\n<p>Laitteiden lis\u00e4ksi saatavana on vaihdettavia suutinkappaleita, tiheydelt\u00e4\u00e4n erilaisia suodatinpusseja ja muita tarpeellisia lis\u00e4varusteita.<\/p>\n\n\n\n<div class=\"wp-block-group is-nowrap is-layout-flex wp-container-core-group-is-layout-ad2f72ca wp-block-group-is-layout-flex\">\n<figure class=\"wp-block-image size-full\"><img loading=\"lazy\" decoding=\"async\" width=\"300\" height=\"290\" src=\"https:\/\/www.tektrade.ee\/fi\/wp-content\/uploads\/sites\/5\/2025\/08\/ResizedImage300290-SuperMinor-square.jpg\" alt=\"\" class=\"wp-image-2582\"\/><figcaption class=\"wp-element-caption\">SuperMinor<br><\/figcaption><\/figure>\n<\/div>\n\n\n\n<div class=\"wp-block-group is-nowrap is-layout-flex wp-container-core-group-is-layout-ad2f72ca wp-block-group-is-layout-flex\">\n<figure class=\"wp-block-image size-full\"><img loading=\"lazy\" decoding=\"async\" width=\"300\" height=\"294\" src=\"https:\/\/www.tektrade.ee\/fi\/wp-content\/uploads\/sites\/5\/2025\/08\/ResizedImage300294-Ecovac-square.jpg\" alt=\"\" class=\"wp-image-2583\"\/><figcaption class=\"wp-element-caption\"><em>Ecovac<\/em><\/figcaption><\/figure>\n<\/div>\n\n\n\n<div class=\"wp-block-group is-nowrap is-layout-flex wp-container-core-group-is-layout-ad2f72ca wp-block-group-is-layout-flex\">\n<figure class=\"wp-block-image size-full\"><img loading=\"lazy\" decoding=\"async\" width=\"300\" height=\"261\" src=\"https:\/\/www.tektrade.ee\/fi\/wp-content\/uploads\/sites\/5\/2025\/08\/ResizedImage300261-TOS-square.jpg\" alt=\"\" class=\"wp-image-2584\"\/><figcaption class=\"wp-element-caption\">Tramp Oil Separator<br><br><br><\/figcaption><\/figure>\n<\/div>\n","protected":false},"featured_media":0,"parent":2300,"menu_order":29,"template":"","class_list":["post-2310","product","type-product","status-publish","hentry"],"acf":[],"_links":{"self":[{"href":"https:\/\/www.tektrade.ee\/fi\/wp-json\/wp\/v2\/product\/2310","targetHints":{"allow":["GET"]}}],"collection":[{"href":"https:\/\/www.tektrade.ee\/fi\/wp-json\/wp\/v2\/product"}],"about":[{"href":"https:\/\/www.tektrade.ee\/fi\/wp-json\/wp\/v2\/types\/product"}],"version-history":[{"count":3,"href":"https:\/\/www.tektrade.ee\/fi\/wp-json\/wp\/v2\/product\/2310\/revisions"}],"predecessor-version":[{"id":3109,"href":"https:\/\/www.tektrade.ee\/fi\/wp-json\/wp\/v2\/product\/2310\/revisions\/3109"}],"up":[{"embeddable":true,"href":"https:\/\/www.tektrade.ee\/fi\/wp-json\/wp\/v2\/product\/2300"}],"wp:attachment":[{"href":"https:\/\/www.tektrade.ee\/fi\/wp-json\/wp\/v2\/media?parent=2310"}],"curies":[{"name":"wp","href":"https:\/\/api.w.org\/{rel}","templated":true}]}}