{"id":2306,"date":"2025-08-12T23:19:10","date_gmt":"2025-08-12T20:19:10","guid":{"rendered":"https:\/\/www.tektrade.ee\/fi\/?post_type=product&#038;p=2306"},"modified":"2025-08-17T23:12:20","modified_gmt":"2025-08-17T20:12:20","slug":"tuuletussuodattimet","status":"publish","type":"product","link":"https:\/\/www.tektrade.ee\/fi\/toutteet\/suodattimet-ja-separaattorit\/tuuletussuodattimet\/","title":{"rendered":"Tuuletussuodattimet"},"content":{"rendered":"\n<p><strong>Vakiomalliset kertak\u00e4ytt\u00f6iset tuuletussuodattimet<\/strong><\/p>\n\n\n\n<p>Kun \u00f6ljys\u00e4ili\u00f6 sijaitsee ulkona tai \u00f6ljyj\u00e4rjestelm\u00e4\/-laite on sijoitettu kosteaan ymp\u00e4rist\u00f6\u00f6n, tulisi s\u00e4ili\u00f6\u00f6n asentaa kertak\u00e4ytt\u00f6inen tuuletussuodatin eli huohotinsuodatin.<br>Tuuletussuodattimet ovat silikageeli\u00e4 sis\u00e4lt\u00e4v\u00e4t patentoidut ilmasuodattimet, jotka asennetaan yleens\u00e4 \u00f6ljyj\u00e4rjestelm\u00e4n \u201ehuohotusaukon\u201c tulpan tilalle.<\/p>\n\n\n\n<p>K\u00e4ytt\u00f6kohteet: hydraulij\u00e4rjestelm\u00e4t, muuntimet, vaihdelaatikot, nosturit, jne.<\/p>\n\n\n\n<p><strong><br>Tuuletussuodattimet ter\u00e4skotelolla ja vaihdettavalla suodatinpatruunalla<\/strong>&nbsp;<\/p>\n\n\n\n<p>Isoissa kierr\u00e4tt\u00e4viss\u00e4 voiteluj\u00e4rjestelmiss\u00e4, s\u00e4ili\u00f6iss\u00e4 ja altaissa on vapaa ilma usein saastunutta. Puhtaan ymp\u00e4rist\u00f6n varmistamiseen on meid\u00e4n tuotevalikoimissa mm. tuuletussuodattimet puhdistettavalla\/vaihdetavalla suodatinpatruunalla.<br>N\u00e4iden tuuletussuodattimen puhdistustehot ovat erinomaisen hyvi\u00e4 ja virtausm\u00e4\u00e4r\u00e4t ovat 2200 \u2013 5800 l\/min.<br>suodattimen ter\u00e4ksiseen koteloon on sijoitettu 1 mikrometrin aukolla varustettu p\u00f6lysuodatin, joka on yhdistetty silikageeli\u00e4 sis\u00e4lt\u00e4v\u00e4\u00e4n kosteutta imev\u00e4\u00e4n elementtiin.<\/p>\n","protected":false},"featured_media":0,"parent":2300,"menu_order":27,"template":"","class_list":["post-2306","product","type-product","status-publish","hentry"],"acf":[],"_links":{"self":[{"href":"https:\/\/www.tektrade.ee\/fi\/wp-json\/wp\/v2\/product\/2306","targetHints":{"allow":["GET"]}}],"collection":[{"href":"https:\/\/www.tektrade.ee\/fi\/wp-json\/wp\/v2\/product"}],"about":[{"href":"https:\/\/www.tektrade.ee\/fi\/wp-json\/wp\/v2\/types\/product"}],"version-history":[{"count":3,"href":"https:\/\/www.tektrade.ee\/fi\/wp-json\/wp\/v2\/product\/2306\/revisions"}],"predecessor-version":[{"id":3106,"href":"https:\/\/www.tektrade.ee\/fi\/wp-json\/wp\/v2\/product\/2306\/revisions\/3106"}],"up":[{"embeddable":true,"href":"https:\/\/www.tektrade.ee\/fi\/wp-json\/wp\/v2\/product\/2300"}],"wp:attachment":[{"href":"https:\/\/www.tektrade.ee\/fi\/wp-json\/wp\/v2\/media?parent=2306"}],"curies":[{"name":"wp","href":"https:\/\/api.w.org\/{rel}","templated":true}]}}