{"id":2304,"date":"2025-08-12T23:18:53","date_gmt":"2025-08-12T20:18:53","guid":{"rendered":"https:\/\/www.tektrade.ee\/fi\/?post_type=product&#038;p=2304"},"modified":"2025-08-17T23:11:48","modified_gmt":"2025-08-17T20:11:48","slug":"jatevesi-ja-pilssivesisuodattimet","status":"publish","type":"product","link":"https:\/\/www.tektrade.ee\/fi\/toutteet\/suodattimet-ja-separaattorit\/jatevesi-ja-pilssivesisuodattimet\/","title":{"rendered":"J\u00e4tevesi- ja pilssivesisuodattimet"},"content":{"rendered":"\n<p>CJC\u2122 Blue Baleen Oil Absorb Systems \u2013 suodatinj\u00e4rjestelm\u00e4 ja suodatinelementit pilssiveden, prosessiveden ja j\u00e4teveden syv\u00e4puhdistukseen j\u00e4\u00e4nn\u00f6s\u00f6ljyist\u00e4 (\u00f6ljyn j\u00e4\u00e4m\u00e4 alle 5 ppm).<br>Tarjoamme kokonaisvaltaista esisuodatusta pussisuodattimilla ja hienosuodatusta polypropyleeni-elementeill\u00e4.<br>Jos k\u00e4yt\u00f6ss\u00e4 on vesi-\u00f6ljy -erotuslaite, on erotetun veden puhdistamiseen parasta asentaa my\u00f6s Blue Baleen hienosuodatusj\u00e4rjestelm\u00e4.<\/p>\n\n\n\n<div class=\"wp-block-group is-nowrap is-layout-flex wp-container-core-group-is-layout-ad2f72ca wp-block-group-is-layout-flex\">\n<figure class=\"wp-block-image size-full\"><img loading=\"lazy\" decoding=\"async\" width=\"300\" height=\"283\" src=\"https:\/\/www.tektrade.ee\/fi\/wp-content\/uploads\/sites\/5\/2025\/08\/ResizedImage300283-Blue-Baleen-OA-PC.jpg\" alt=\"\" class=\"wp-image-2565\"\/><figcaption class=\"wp-element-caption\">Blue Baleen OA &amp; PC<br><\/figcaption><\/figure>\n<\/div>\n\n\n\n<div style=\"height:30px\" aria-hidden=\"true\" class=\"wp-block-spacer\"><\/div>\n\n\n\n<div class=\"wp-block-file\"><a id=\"wp-block-file--media-095fb4c7-b808-4422-975f-13e0f60c628a\" href=\"https:\/\/www.tektrade.ee\/fi\/wp-content\/uploads\/sites\/5\/2025\/08\/Blue-Baleen-System-Brochure-UK-250908.pdf\" target=\"_blank\" rel=\"noreferrer noopener\">Blue Baleen System tuotekuvasto<\/a><\/div>\n\n\n\n<div style=\"height:30px\" aria-hidden=\"true\" class=\"wp-block-spacer\"><\/div>\n\n\n\n<p>SWECO tasoseula&nbsp;\u2013 k\u00e4ytet\u00e4\u00e4n laajasti j\u00e4teveden puhdistamiseen kiinteist\u00e4 partikkeleista.&nbsp;<\/p>\n\n\n\n<div class=\"wp-block-group is-nowrap is-layout-flex wp-container-core-group-is-layout-ad2f72ca wp-block-group-is-layout-flex\">\n<figure class=\"wp-block-image size-full\"><img loading=\"lazy\" decoding=\"async\" width=\"300\" height=\"240\" src=\"https:\/\/www.tektrade.ee\/fi\/wp-content\/uploads\/sites\/5\/2025\/08\/ResizedImage300240-Umara-kujuga-vibro-separaator.jpg\" alt=\"\" class=\"wp-image-2567\"\/><figcaption class=\"wp-element-caption\">Tasoseula<br><br><\/figcaption><\/figure>\n<\/div>\n\n\n\n<div style=\"height:30px\" aria-hidden=\"true\" class=\"wp-block-spacer\"><\/div>\n\n\n\n<p>Katso lis\u00e4\u00e4 aiheesta &#8221;Tasoseulat ja sihdit&#8221;.<a href=\"http:\/\/www.tektrade.ee\/tootevalik\/filtrid-ja-separaatorid\/vibroseparaatorid-ja-soelad-2\/\"><\/a><\/p>\n\n\n\n<p><\/p>\n","protected":false},"featured_media":0,"parent":2300,"menu_order":26,"template":"","class_list":["post-2304","product","type-product","status-publish","hentry"],"acf":[],"_links":{"self":[{"href":"https:\/\/www.tektrade.ee\/fi\/wp-json\/wp\/v2\/product\/2304","targetHints":{"allow":["GET"]}}],"collection":[{"href":"https:\/\/www.tektrade.ee\/fi\/wp-json\/wp\/v2\/product"}],"about":[{"href":"https:\/\/www.tektrade.ee\/fi\/wp-json\/wp\/v2\/types\/product"}],"version-history":[{"count":4,"href":"https:\/\/www.tektrade.ee\/fi\/wp-json\/wp\/v2\/product\/2304\/revisions"}],"predecessor-version":[{"id":3105,"href":"https:\/\/www.tektrade.ee\/fi\/wp-json\/wp\/v2\/product\/2304\/revisions\/3105"}],"up":[{"embeddable":true,"href":"https:\/\/www.tektrade.ee\/fi\/wp-json\/wp\/v2\/product\/2300"}],"wp:attachment":[{"href":"https:\/\/www.tektrade.ee\/fi\/wp-json\/wp\/v2\/media?parent=2304"}],"curies":[{"name":"wp","href":"https:\/\/api.w.org\/{rel}","templated":true}]}}