{"id":2302,"date":"2025-08-12T23:18:38","date_gmt":"2025-08-12T20:18:38","guid":{"rendered":"https:\/\/www.tektrade.ee\/fi\/?post_type=product&#038;p=2302"},"modified":"2025-08-17T23:10:52","modified_gmt":"2025-08-17T20:10:52","slug":"oljynpuhdistuslaitteet-ja-suodattimet","status":"publish","type":"product","link":"https:\/\/www.tektrade.ee\/fi\/toutteet\/suodattimet-ja-separaattorit\/oljynpuhdistuslaitteet-ja-suodattimet\/","title":{"rendered":"\u00d6ljynpuhdistuslaitteet ja \u2013 suodattimet"},"content":{"rendered":"\n<p>TekTrade Baltic on CJC\u2122 \u00f6ljynpuhdistuslaitteiden ja suodatinelementtien virallinen j\u00e4lleenmyyj\u00e4 Baltian maissa.&nbsp;<\/p>\n\n\n\n<p>CJC\u2122 \u00f6ljynpuhdistuslaitteet ovat autonomiset (nk. \u201coff-line\u201c) \u00f6ljysuodattimet, jotka asennetaan \u00f6ljys\u00e4ili\u00f6n liitosputkien rinnalle s\u00e4ili\u00f6ss\u00e4 olevan \u00f6ljyn suodattamiseen ja huoltamiseen. Suodatettu \u00f6ljy pumpataan s\u00e4ili\u00f6st\u00e4 \u00f6ljyj\u00e4rjestelm\u00e4\u00e4n, jossa \u00f6ljy \u201epesee\u201c j\u00e4rjestelm\u00e4n putkiston ja komponentit.&nbsp;<br>CJC\u2122 \u00f6ljynpuhdistuslaitteiden k\u00e4ytt\u00f6 varmistaa \u00f6ljyj\u00e4rjestelm\u00e4n luotettavan toiminnan.<br>Kts. alla oleva kaavakuva<\/p>\n\n\n\n<div style=\"height:30px\" aria-hidden=\"true\" class=\"wp-block-spacer\"><\/div>\n\n\n\n<div class=\"wp-block-group is-nowrap is-layout-flex wp-container-core-group-is-layout-ad2f72ca wp-block-group-is-layout-flex\">\n<figure class=\"wp-block-image size-full\"><img loading=\"lazy\" decoding=\"async\" width=\"300\" height=\"424\" src=\"https:\/\/www.tektrade.ee\/fi\/wp-content\/uploads\/sites\/5\/2025\/08\/ResizedImage300424-Oil-system-Off-line.jpg\" alt=\"\" class=\"wp-image-2537\" srcset=\"https:\/\/www.tektrade.ee\/fi\/wp-content\/uploads\/sites\/5\/2025\/08\/ResizedImage300424-Oil-system-Off-line.jpg 300w, https:\/\/www.tektrade.ee\/fi\/wp-content\/uploads\/sites\/5\/2025\/08\/ResizedImage300424-Oil-system-Off-line-212x300.jpg 212w\" sizes=\"auto, (max-width: 300px) 100vw, 300px\" \/><figcaption class=\"wp-element-caption\">&#8221;Off-line&#8221; suodatus<br><\/figcaption><\/figure>\n<\/div>\n\n\n\n<div style=\"height:30px\" aria-hidden=\"true\" class=\"wp-block-spacer\"><\/div>\n\n\n\n<p>Tuotteet luokitellaan k\u00e4ytt\u00f6kohteen ja ongelmatyypin mukaan seuraavasti:<\/p>\n\n\n\n<p><strong>CJC\u2122 Fine Filter<\/strong>&nbsp;\u2013 \u00f6ljynpuhdistuslaite hydrauli\u00f6ljyjen, vaihteisto\u00f6ljyjen suodattamiseen<\/p>\n\n\n\n<p>hapetusprosessin j\u00e4\u00e4m\u00e4t imeytet\u00e4\u00e4n suodatinelementtiin<\/p>\n\n\n\n<p>suodattamisessa erotetaan jopa 3 mikronin kiinte\u00e4t partikkelit<\/p>\n\n\n\n<p>vapaa vesi imeytyy suodatinelementtiin<\/p>\n\n\n\n<div class=\"wp-block-group is-nowrap is-layout-flex wp-container-core-group-is-layout-ad2f72ca wp-block-group-is-layout-flex\">\n<figure class=\"wp-block-image size-full\"><img loading=\"lazy\" decoding=\"async\" width=\"221\" height=\"200\" src=\"https:\/\/www.tektrade.ee\/fi\/wp-content\/uploads\/sites\/5\/2025\/08\/ResizedImage221200-Fine-Filter-HDU.jpg\" alt=\"\" class=\"wp-image-2538\"\/><figcaption class=\"wp-element-caption\">CJC\u2122 Fine Filter<br><\/figcaption><\/figure>\n<\/div>\n\n\n\n<div style=\"height:30px\" aria-hidden=\"true\" class=\"wp-block-spacer\"><\/div>\n\n\n\n<p><strong>CJC\u2122 Filter-Separator<\/strong>&nbsp;\u2013 \u00f6ljynpuhdistuslaite h\u00f6yryturbiinin voiteluj\u00e4rjestelm\u00e4n \u00f6ljyjen, merenkulkualusten ohjausmekanismin \u00f6ljyj\u00e4rjestelm\u00e4n huoltoon ja kevyen diesel\u00f6ljyn suodattamiseen. Tarkoitettu asennettavaksi \u00f6ljyj\u00e4rjestelmiin, joihin vuotaa jatkuvasti vett\u00e4 tai jossa on merkitt\u00e4v\u00e4 vesivuodon uhka.<\/p>\n\n\n\n<p>hapetusprosessin j\u00e4\u00e4m\u00e4t imeytet\u00e4\u00e4n suodatinelementtiin\u00a0<\/p>\n\n\n\n<p>suodattamisessa erotetaan jopa 3 mikronin kiinte\u00e4t partikkelit<\/p>\n\n\n\n<p>vapaa vesi erotetaan \u00f6ljyst\u00e4<\/p>\n\n\n\n<div class=\"wp-block-group is-nowrap is-layout-flex wp-container-core-group-is-layout-ad2f72ca wp-block-group-is-layout-flex\">\n<figure class=\"wp-block-image size-full\"><img loading=\"lazy\" decoding=\"async\" width=\"138\" height=\"200\" src=\"https:\/\/www.tektrade.ee\/fi\/wp-content\/uploads\/sites\/5\/2025\/08\/ResizedImage138200-Filter-Separator-PTU.jpg\" alt=\"\" class=\"wp-image-2540\"\/><figcaption class=\"wp-element-caption\">CJC\u2122 Filter-Separator<br><\/figcaption><\/figure>\n<\/div>\n\n\n\n<div style=\"height:30px\" aria-hidden=\"true\" class=\"wp-block-spacer\"><\/div>\n\n\n\n<p><strong>CJC\u2122 Desorber<\/strong>&nbsp;\u2013 veden erotuslaite, joka poistaa veden my\u00f6s ison viskositeetin \u00f6ljyist\u00e4 ja vesi\/\u00f6ljy emulsiosta.<\/p>\n\n\n\n<div class=\"wp-block-group is-nowrap is-layout-flex wp-container-core-group-is-layout-ad2f72ca wp-block-group-is-layout-flex\">\n<figure class=\"wp-block-image size-full\"><img loading=\"lazy\" decoding=\"async\" width=\"164\" height=\"200\" src=\"https:\/\/www.tektrade.ee\/fi\/wp-content\/uploads\/sites\/5\/2025\/08\/ResizedImage164200-Desorber.jpg\" alt=\"\" class=\"wp-image-2541\"\/><figcaption class=\"wp-element-caption\">CJC\u2122 Desorber<br><\/figcaption><\/figure>\n<\/div>\n\n\n\n<div style=\"height:30px\" aria-hidden=\"true\" class=\"wp-block-spacer\"><\/div>\n\n\n\n<p><strong>CJC\u2122 Ion-Exchange \/ Acid Removal Filter<\/strong>\u00a0\u2013\u00a0laite muuntimen \u00f6ljyjen ja turbiinin valvontaj\u00e4rjestelm\u00e4n voitelunesteiden puhdistamiseen kiinteist\u00e4 partikkeleista ja happamuuden v\u00e4hent\u00e4miseen. Laitteen toiminnassa on k\u00e4ytetty happoja neutraloivia elementtej\u00e4 yhdistettyn\u00e4 CJC vakiomallisiin tilavuuselementteihin. \u00a0<\/p>\n\n\n\n<div class=\"wp-block-group is-nowrap is-layout-flex wp-container-core-group-is-layout-ad2f72ca wp-block-group-is-layout-flex\">\n<figure class=\"wp-block-image size-full\"><img loading=\"lazy\" decoding=\"async\" width=\"247\" height=\"200\" src=\"https:\/\/www.tektrade.ee\/fi\/wp-content\/uploads\/sites\/5\/2025\/08\/ResizedImage247200-Ion-Exchange-Acid-Removal-Filter-.jpg\" alt=\"\" class=\"wp-image-2542\"\/><figcaption class=\"wp-element-caption\"><em>CJC\u2122 Ion-Exchange \/ Acid Removal Filter<\/em><\/figcaption><\/figure>\n<\/div>\n\n\n\n<div style=\"height:30px\" aria-hidden=\"true\" class=\"wp-block-spacer\"><\/div>\n\n\n\n<p><strong>CJC\u2122 Filter for Heat Transfer Oil \/ High Pressure Filter<\/strong>\u00a0\u2013\u00a0laite l\u00e4mm\u00f6nsiirtoj\u00e4rjestelmien \u00f6ljyjen ja muiden kuumien \u00f6ljyjen liasta ja hapetusprosessin j\u00e4\u00e4mist\u00e4 suodattamalla puhdistamiseen.<\/p>\n\n\n\n<div class=\"wp-block-group is-nowrap is-layout-flex wp-container-core-group-is-layout-ad2f72ca wp-block-group-is-layout-flex\">\n<figure class=\"wp-block-image size-full\"><img loading=\"lazy\" decoding=\"async\" width=\"267\" height=\"200\" src=\"https:\/\/www.tektrade.ee\/fi\/wp-content\/uploads\/sites\/5\/2025\/08\/ResizedImage267200-HTO-filter-1.jpg\" alt=\"\" class=\"wp-image-2544\"\/><figcaption class=\"wp-element-caption\">CJC\u2122 Filter for Heat Transfer Oil \/ High Pressure Filter<br><\/figcaption><\/figure>\n<\/div>\n\n\n\n<div style=\"height:30px\" aria-hidden=\"true\" class=\"wp-block-spacer\"><\/div>\n\n\n\n<p><strong>CJC\u2122 VRU (Varnish Removal Unit)<\/strong>\u00a0\u2013 laite hapetusprosessissa syntyvien liuenneiden hartsien poistamiseen. Merkitt\u00e4vimm\u00e4t k\u00e4ytt\u00f6kohteet ovat kaasu- ja h\u00f6yryturbiinien voiteluj\u00e4rjestelm\u00e4t.\u00a0\u00a0<\/p>\n\n\n\n<div class=\"wp-block-group is-nowrap is-layout-flex wp-container-core-group-is-layout-ad2f72ca wp-block-group-is-layout-flex\">\n<figure class=\"wp-block-image size-full\"><img loading=\"lazy\" decoding=\"async\" width=\"301\" height=\"200\" src=\"https:\/\/www.tektrade.ee\/fi\/wp-content\/uploads\/sites\/5\/2025\/08\/ResizedImage301200-Varnish-Removal-Unit-VRU.jpg\" alt=\"\" class=\"wp-image-2545\"\/><figcaption class=\"wp-element-caption\">CJC\u2122 VRU (Varnish Removal Unit)<br><\/figcaption><\/figure>\n<\/div>\n\n\n\n<div style=\"height:30px\" aria-hidden=\"true\" class=\"wp-block-spacer\"><\/div>\n\n\n\n<p><strong>CJC\u2122 \u00d6ljynpuhdistuslaitteiden suodatinelementit<\/strong>\u00a0ovat selluloosan ja puuvillan pohjalla valmistetut tilavuuselementit. Vakioelementin koko on 27\/27cm ja se pystyy ker\u00e4\u00e4m\u00e4\u00e4n 4 litraa ep\u00e4puhtauksia.\u00a0<br>Tarjoamme k\u00e4ytt\u00f6kohteesta riippuen erikokoisia suodatinelementtej\u00e4: A, B, BG, BLA, BLAT, F, U, Vri.\u00a0<br>Kaikkien CJC\u2122 elementtien absoluuttinen suodatusaste on 3 mikrometri\u00e4.<br>Suodatinelementit ovat meill\u00e4 varastotuotteita.<\/p>\n\n\n\n<div class=\"wp-block-group is-layout-grid wp-container-core-group-is-layout-baef362d wp-block-group-is-layout-grid\">\n<div class=\"wp-block-group is-content-justification-left is-layout-constrained wp-container-core-group-is-layout-8c890d92 wp-block-group-is-layout-constrained\">\n<figure class=\"wp-block-image size-full\"><img loading=\"lazy\" decoding=\"async\" width=\"264\" height=\"200\" src=\"https:\/\/www.tektrade.ee\/fi\/wp-content\/uploads\/sites\/5\/2025\/08\/ResizedImage264200-Filter-inserts-AFB.jpg\" alt=\"\" class=\"wp-image-2546\"\/><figcaption class=\"wp-element-caption\">CJC\u2122 \u00d6ljynpuhdistuslaitteiden suodatinelementit<br><\/figcaption><\/figure>\n<\/div>\n\n\n\n<figure class=\"wp-block-image size-full\"><img loading=\"lazy\" decoding=\"async\" width=\"250\" height=\"200\" src=\"https:\/\/www.tektrade.ee\/fi\/wp-content\/uploads\/sites\/5\/2025\/08\/ResizedImage250200-Filter-Inserts-modular.jpg\" alt=\"\" class=\"wp-image-2547\"\/><figcaption class=\"wp-element-caption\">CJC\u2122 \u00d6ljynpuhdistuslaitteiden suodatinelementit<br><\/figcaption><\/figure>\n<\/div>\n\n\n\n<div style=\"height:30px\" aria-hidden=\"true\" class=\"wp-block-spacer\"><\/div>\n\n\n\n<div class=\"wp-block-file\"><a id=\"wp-block-file--media-4d1b2ab4-7df2-4f33-b863-c31bbf83f89f\" href=\"https:\/\/www.tektrade.ee\/fi\/wp-content\/uploads\/sites\/5\/2025\/08\/Clean-Oil-Guide.pdf\" target=\"_blank\" rel=\"noreferrer noopener\">CJC\u2122 tuotekuvasto &#8211; Clean Oil Guide<\/a><\/div>\n\n\n\n<div class=\"wp-block-file\"><a id=\"wp-block-file--media-db5f18af-2567-441f-a742-821ab481ef27\" href=\"https:\/\/www.tektrade.ee\/fi\/wp-content\/uploads\/sites\/5\/2025\/08\/CJC-kataloog-Mining-Industry.pdf\" target=\"_blank\" rel=\"noreferrer noopener\">CJC\u2122 tuotekuvasto &#8211; Mining Industry<\/a><\/div>\n\n\n\n<div class=\"wp-block-file\"><a id=\"wp-block-file--media-535cda2c-c22b-4c6b-8fa4-ca534ff26c95\" href=\"https:\/\/www.tektrade.ee\/fi\/wp-content\/uploads\/sites\/5\/2025\/08\/CJC-kataloog-Wind-Energy.pdf\" target=\"_blank\" rel=\"noreferrer noopener\">CJC\u2122 tuotekuvasto &#8211; Wind Energy<\/a><\/div>\n\n\n\n<div class=\"wp-block-file\"><a id=\"wp-block-file--media-65e090af-caa9-4d07-be17-3f048fd5c8c8\" href=\"https:\/\/www.tektrade.ee\/fi\/wp-content\/uploads\/sites\/5\/2025\/08\/CJC-kataloog-Power-Industry.pdf\" target=\"_blank\" rel=\"noreferrer noopener\">CJC\u2122 tuotekuvasto &#8211; Power Industry<\/a><\/div>\n\n\n\n<div class=\"wp-block-file\"><a id=\"wp-block-file--media-c332011c-b39e-41b7-a0af-d9ff31f54675\" href=\"https:\/\/www.tektrade.ee\/fi\/wp-content\/uploads\/sites\/5\/2025\/08\/CJC-kataloog-Marine-Industry.pdf\" target=\"_blank\" rel=\"noreferrer noopener\">CJC\u2122 tuotekuvasto &#8211; Marine Industry<br><\/a><\/div>\n\n\n\n<div style=\"height:30px\" aria-hidden=\"true\" class=\"wp-block-spacer\"><\/div>\n\n\n\n<div class=\"wp-block-file\"><a id=\"wp-block-file--media-e7f7e91d-d749-440b-a870-3f5d2bff594d\" href=\"https:\/\/www.tektrade.ee\/fi\/wp-content\/uploads\/sites\/5\/2025\/08\/Questionnaire-Quotation-FILTER-CJC.pdf\" target=\"_blank\" rel=\"noreferrer noopener\">CJC\u2122 kyselysivu<\/a><\/div>\n\n\n\n<div style=\"height:30px\" aria-hidden=\"true\" class=\"wp-block-spacer\"><\/div>\n\n\n\n<p><strong>J\u00e4rjestelm\u00e4n sis\u00e4iset eli \u201cin-line\u201c suodattimet<\/strong><\/p>\n\n\n\n<p>Toimimme yhteisty\u00f6ss\u00e4 erilaisten suodatinvalmistajien kanssa j\u00e4rjestelm\u00e4nsis\u00e4isten \u00f6ljysuodattimien, mm. Parker, Donaldson, SF-Filter, j\u00e4lleenmyyjin\u00e4.<\/p>\n\n\n\n<div class=\"wp-block-group is-nowrap is-layout-flex wp-container-core-group-is-layout-ad2f72ca wp-block-group-is-layout-flex\">\n<figure class=\"wp-block-image size-full\"><img loading=\"lazy\" decoding=\"async\" width=\"136\" height=\"200\" src=\"https:\/\/www.tektrade.ee\/fi\/wp-content\/uploads\/sites\/5\/2025\/08\/ResizedImage136200-Inline-filter-insert.jpg\" alt=\"\" class=\"wp-image-2560\"\/><figcaption class=\"wp-element-caption\">&#8221;In-line&#8221; suodattimet<br><br><br><\/figcaption><\/figure>\n<\/div>\n","protected":false},"featured_media":0,"parent":2300,"menu_order":25,"template":"","class_list":["post-2302","product","type-product","status-publish","hentry"],"acf":[],"_links":{"self":[{"href":"https:\/\/www.tektrade.ee\/fi\/wp-json\/wp\/v2\/product\/2302","targetHints":{"allow":["GET"]}}],"collection":[{"href":"https:\/\/www.tektrade.ee\/fi\/wp-json\/wp\/v2\/product"}],"about":[{"href":"https:\/\/www.tektrade.ee\/fi\/wp-json\/wp\/v2\/types\/product"}],"version-history":[{"count":3,"href":"https:\/\/www.tektrade.ee\/fi\/wp-json\/wp\/v2\/product\/2302\/revisions"}],"predecessor-version":[{"id":3104,"href":"https:\/\/www.tektrade.ee\/fi\/wp-json\/wp\/v2\/product\/2302\/revisions\/3104"}],"up":[{"embeddable":true,"href":"https:\/\/www.tektrade.ee\/fi\/wp-json\/wp\/v2\/product\/2300"}],"wp:attachment":[{"href":"https:\/\/www.tektrade.ee\/fi\/wp-json\/wp\/v2\/media?parent=2302"}],"curies":[{"name":"wp","href":"https:\/\/api.w.org\/{rel}","templated":true}]}}