{"id":2298,"date":"2025-08-12T23:17:55","date_gmt":"2025-08-12T20:17:55","guid":{"rendered":"https:\/\/www.tektrade.ee\/fi\/?post_type=product&#038;p=2298"},"modified":"2025-09-26T12:54:47","modified_gmt":"2025-09-26T09:54:47","slug":"lammonkestavat-materiaalit","status":"publish","type":"product","link":"https:\/\/www.tektrade.ee\/fi\/toutteet\/tiivisteet-ja-tiivistemateriaalit\/lammonkestavat-materiaalit\/","title":{"rendered":"L\u00e4mm\u00f6nkest\u00e4v\u00e4t materiaalit"},"content":{"rendered":"\n<p>Tarjoamme s\u00e4hk\u00f6voimaloille, kattilalaitoksille, l\u00e4mm\u00f6neristeyrityksille ja prosessiteollisuudelle korkeita l\u00e4mp\u00f6tiloja kest\u00e4vi\u00e4 teollisia tekstiilimateriaaleja, l\u00e4mm\u00f6nkest\u00e4vist\u00e4 kuiduista valmistettuja materiaaleja ja niist\u00e4 valmistettuja valmistuotteita.<br><\/p>\n\n\n\n<p>Materiaalit jaetaan seuraaviin tyyppeihin:<\/p>\n\n\n\n<ul class=\"wp-block-list\">\n<li>aramidimateriaalit&nbsp;&#8211; korkein k\u00e4ytt\u00f6l\u00e4mp\u00f6tila 350 \u00baC, materiaalilla on hyv\u00e4 kulumis- ja kemikaalien kest\u00e4vyys;<\/li>\n\n\n\n<li>lasikuidusta materiaalit &#8211; korkein k\u00e4ytt\u00f6l\u00e4mp\u00f6tila 550 \u00baC;<\/li>\n\n\n\n<li>keraamisesta kuidusta ja biokeramiikasta valmistetut materiaalit &#8211; korkein k\u00e4ytt\u00f6l\u00e4mp\u00f6tila 1260 \/ 1000 \u00baC, materiaalit hyv\u00e4 kemikaalien kest\u00e4vyys.<\/li>\n<\/ul>\n\n\n\n<p>Tuotteet:<\/p>\n\n\n\n<ul class=\"wp-block-list\">\n<li>Kierreny\u00f6rit ja punokset<\/li>\n\n\n\n<li>Punotut nauhat ja sukat<\/li>\n\n\n\n<li>Kankaat ja pinnoitetut kankaat (pintap\u00e4\u00e4llysteet \u2013 silikonikumi, alumiinikalvo, polyuretaanikalvo jne.)<\/li>\n\n\n\n<li>Villamatot ja huovat<\/li>\n\n\n\n<li>Eristelevyt ja paperit<\/li>\n\n\n\n<li>Keraamiset liimat<\/li>\n<\/ul>\n\n\n\n<p>Valmistuotteet:<\/p>\n\n\n\n<ul class=\"wp-block-list\">\n<li>Kangaskompensaattoreiden kankaat savu- ja p\u00f6lyk\u00e4yt\u00e4viin ja poistokaasujen putkistoihin<\/li>\n\n\n\n<li>Eristetyynyt poistokaasujen putkistoihin<\/li>\n<\/ul>\n\n\n\n<div class=\"wp-block-group is-nowrap is-layout-flex wp-container-core-group-is-layout-ad2f72ca wp-block-group-is-layout-flex\">\n<figure class=\"wp-block-image size-full\"><img loading=\"lazy\" decoding=\"async\" width=\"400\" height=\"300\" src=\"https:\/\/www.tektrade.ee\/fi\/wp-content\/uploads\/sites\/5\/2025\/08\/ResizedImage400300-keraamilisest-kiust-punutised.jpg\" alt=\"\" class=\"wp-image-2529\" srcset=\"https:\/\/www.tektrade.ee\/fi\/wp-content\/uploads\/sites\/5\/2025\/08\/ResizedImage400300-keraamilisest-kiust-punutised.jpg 400w, https:\/\/www.tektrade.ee\/fi\/wp-content\/uploads\/sites\/5\/2025\/08\/ResizedImage400300-keraamilisest-kiust-punutised-300x225.jpg 300w\" sizes=\"auto, (max-width: 400px) 100vw, 400px\" \/><figcaption class=\"wp-element-caption\"><em>Keraamisesta kuidusta valmistetut punokset<br><\/em><\/figcaption><\/figure>\n<\/div>\n\n\n\n<p>Varastotuotteiden tekniset tiedot:<\/p>\n\n\n\n<div class=\"wp-block-file\"><a id=\"wp-block-file--media-293e355e-180d-45b5-98b3-96c96cbee1b2\" href=\"https:\/\/www.tektrade.ee\/fi\/wp-content\/uploads\/sites\/5\/2025\/08\/Leaflet-HTTP.pdf\" target=\"_blank\" rel=\"noreferrer noopener\">Lasikuidusta ja keraamisesta kuidusta valmistetut punokset, ny\u00f6rit, nauhat<\/a><\/div>\n\n\n\n<div class=\"wp-block-file\"><a id=\"wp-block-file--media-a56ee771-06da-42f3-b399-53ae3a217414\" href=\"https:\/\/www.tektrade.ee\/fi\/wp-content\/uploads\/sites\/5\/2025\/08\/Leaflet-Fibre-Products.pdf\" target=\"_blank\" rel=\"noreferrer noopener\">Keraamisesta kuidusta valmistetut pehme\u00e4t matot<\/a><\/div>\n\n\n\n<div class=\"wp-block-file\"><a id=\"wp-block-file--media-39d62564-a6ad-472b-a2ee-8da8613f99ef\" href=\"https:\/\/www.tektrade.ee\/fi\/wp-content\/uploads\/sites\/5\/2025\/08\/Cerpak-Board-1000.pdf\" target=\"_blank\" rel=\"noreferrer noopener\">Cerpak levymateriaali<\/a><\/div>\n\n\n\n<div class=\"wp-block-file\"><a id=\"wp-block-file--media-fea8e358-56f9-4f1c-b051-8d8894139b6d\" href=\"https:\/\/www.tektrade.ee\/fi\/wp-content\/uploads\/sites\/5\/2025\/08\/Glue-Thermofix.pdf\" target=\"_blank\" rel=\"noreferrer noopener\">Keraaminen liima Thermofix<\/a><\/div>\n\n\n\n<p><\/p>\n","protected":false},"featured_media":0,"parent":2252,"menu_order":23,"template":"","class_list":["post-2298","product","type-product","status-publish","hentry"],"acf":[],"_links":{"self":[{"href":"https:\/\/www.tektrade.ee\/fi\/wp-json\/wp\/v2\/product\/2298","targetHints":{"allow":["GET"]}}],"collection":[{"href":"https:\/\/www.tektrade.ee\/fi\/wp-json\/wp\/v2\/product"}],"about":[{"href":"https:\/\/www.tektrade.ee\/fi\/wp-json\/wp\/v2\/types\/product"}],"version-history":[{"count":4,"href":"https:\/\/www.tektrade.ee\/fi\/wp-json\/wp\/v2\/product\/2298\/revisions"}],"predecessor-version":[{"id":3227,"href":"https:\/\/www.tektrade.ee\/fi\/wp-json\/wp\/v2\/product\/2298\/revisions\/3227"}],"up":[{"embeddable":true,"href":"https:\/\/www.tektrade.ee\/fi\/wp-json\/wp\/v2\/product\/2252"}],"wp:attachment":[{"href":"https:\/\/www.tektrade.ee\/fi\/wp-json\/wp\/v2\/media?parent=2298"}],"curies":[{"name":"wp","href":"https:\/\/api.w.org\/{rel}","templated":true}]}}