{"id":2296,"date":"2025-08-12T23:17:37","date_gmt":"2025-08-12T20:17:37","guid":{"rendered":"https:\/\/www.tektrade.ee\/fi\/?post_type=product&#038;p=2296"},"modified":"2025-08-17T23:07:21","modified_gmt":"2025-08-17T20:07:21","slug":"paisutetut-ptfe-tiivistenauhat","status":"publish","type":"product","link":"https:\/\/www.tektrade.ee\/fi\/toutteet\/tiivisteet-ja-tiivistemateriaalit\/luukku-ja-profiilitiivisteet\/paisutetut-ptfe-tiivistenauhat\/","title":{"rendered":"Paisutetut PTFE-tiivistenauhat"},"content":{"rendered":"\n<div class=\"wp-block-group is-nowrap is-layout-flex wp-container-core-group-is-layout-ad2f72ca wp-block-group-is-layout-flex\">\n<figure class=\"wp-block-image size-full\"><img loading=\"lazy\" decoding=\"async\" width=\"225\" height=\"225\" src=\"https:\/\/www.tektrade.ee\/fi\/wp-content\/uploads\/sites\/5\/2025\/08\/PTFE-pael-pilt.jpg\" alt=\"\" class=\"wp-image-2527\" srcset=\"https:\/\/www.tektrade.ee\/fi\/wp-content\/uploads\/sites\/5\/2025\/08\/PTFE-pael-pilt.jpg 225w, https:\/\/www.tektrade.ee\/fi\/wp-content\/uploads\/sites\/5\/2025\/08\/PTFE-pael-pilt-150x150.jpg 150w, https:\/\/www.tektrade.ee\/fi\/wp-content\/uploads\/sites\/5\/2025\/08\/PTFE-pael-pilt-100x100.jpg 100w\" sizes=\"auto, (max-width: 225px) 100vw, 225px\" \/><\/figure>\n<\/div>\n\n\n\n<p>ePTFE-nauha on korkealaatuinen tiivistemateriaali, joka on valmistettu moniakselisesta tai yksiakselisesta paisutettusta PTFE:st\u00e4.<\/p>\n\n\n\n<p>Joustava materiaali mukautuu t\u00e4ydellisesti tiivistepintoihin ja kompensoi kannen tai laippapinnan ep\u00e4tasaisuuksia. Nauha tarjoaa tasaisen tiiviyden k\u00e4ytt\u00f6olosuhteissa ja sovelluksissa vaihtelevissa l\u00e4mp\u00f6tiloissa<\/p>\n\n\n\n<p>Paisutetu PTFE-tiivistenauha on eritt\u00e4in suorituskykyinen tiivistemateriaali, joka on valmistettu 100 % PTFE:st\u00e4. Se on muovattava tiiviste, joka sopii melkein mihin tahansa tiivistepintaan. Se kest\u00e4\u00e4 monenlaisia \u200b\u200bpaineita, l\u00e4mp\u00f6tiloja ja kemiallisia ymp\u00e4rist\u00f6j\u00e4. T\u00e4ss\u00e4 tuotteessa k\u00e4ytet\u00e4\u00e4n paineherkk\u00e4\u00e4 teippi\u00e4, jossa on kaksinkertainen liimapinnoite asennuksen helpottamiseksi.<\/p>\n\n\n\n<p>pH: 0-14<br>l\u00e4mp\u00f6tila: -210 C &#8211; + 260 C<br>paine: jopa 40 bar<br>noudattaa FDA CFR 177.1550 -standardia<br>puristuvuus: 64-69 %<br>palautus: jopa 15 %<\/p>\n\n\n\n<p>Rullan peruskoot (5-10 m rulla):<br>3&#215;1,5<br>5&#215;2<br>7&#215;2,5<br>10&#215;3<br>12&#215;4<br>14&#215;5<br>17&#215;6<br>20&#215;7<br>24&#215;8<br>28&#215;5<br>30&#215;10<br>40&#215;5<\/p>\n","protected":false},"featured_media":0,"parent":2294,"menu_order":22,"template":"","class_list":["post-2296","product","type-product","status-publish","hentry"],"acf":[],"_links":{"self":[{"href":"https:\/\/www.tektrade.ee\/fi\/wp-json\/wp\/v2\/product\/2296","targetHints":{"allow":["GET"]}}],"collection":[{"href":"https:\/\/www.tektrade.ee\/fi\/wp-json\/wp\/v2\/product"}],"about":[{"href":"https:\/\/www.tektrade.ee\/fi\/wp-json\/wp\/v2\/types\/product"}],"version-history":[{"count":3,"href":"https:\/\/www.tektrade.ee\/fi\/wp-json\/wp\/v2\/product\/2296\/revisions"}],"predecessor-version":[{"id":3100,"href":"https:\/\/www.tektrade.ee\/fi\/wp-json\/wp\/v2\/product\/2296\/revisions\/3100"}],"up":[{"embeddable":true,"href":"https:\/\/www.tektrade.ee\/fi\/wp-json\/wp\/v2\/product\/2294"}],"wp:attachment":[{"href":"https:\/\/www.tektrade.ee\/fi\/wp-json\/wp\/v2\/media?parent=2296"}],"curies":[{"name":"wp","href":"https:\/\/api.w.org\/{rel}","templated":true}]}}