{"id":2292,"date":"2025-08-12T23:16:46","date_gmt":"2025-08-12T20:16:46","guid":{"rendered":"https:\/\/www.tektrade.ee\/fi\/?post_type=product&#038;p=2292"},"modified":"2025-08-17T23:06:30","modified_gmt":"2025-08-17T20:06:30","slug":"venttiilinvarren-tiivisteet","status":"publish","type":"product","link":"https:\/\/www.tektrade.ee\/fi\/toutteet\/tiivisteet-ja-tiivistemateriaalit\/akseli-ja-pumpputiivisteet\/venttiilinvarren-tiivisteet\/","title":{"rendered":"Venttiilinvarren tiivisteet"},"content":{"rendered":"\n<p>Venttiilinvarren tiivist\u00e4miseen k\u00e4ytet\u00e4\u00e4n esipuristettuja tiivisterenkaita, jotka on valmistettu joustavasta graniitista tai punotusta tiivistysholkista.&nbsp;<\/p>\n\n\n\n<div class=\"wp-block-group is-layout-grid wp-container-core-group-is-layout-baef362d wp-block-group-is-layout-grid\">\n<div class=\"wp-block-group is-content-justification-left is-layout-constrained wp-container-core-group-is-layout-8c890d92 wp-block-group-is-layout-constrained\">\n<figure class=\"wp-block-image aligncenter size-full\"><img loading=\"lazy\" decoding=\"async\" width=\"219\" height=\"290\" src=\"https:\/\/www.tektrade.ee\/fi\/wp-content\/uploads\/sites\/5\/2025\/08\/ResizedImage219290-eelpressitud-grafiitrongas.jpg\" alt=\"\" class=\"wp-image-2520\"\/><figcaption class=\"wp-element-caption\">Esipuristettu grafiittirengas<br><\/figcaption><\/figure>\n<\/div>\n\n\n\n<div class=\"wp-block-group is-layout-constrained wp-block-group-is-layout-constrained\">\n<figure class=\"wp-block-image aligncenter size-full\"><img loading=\"lazy\" decoding=\"async\" width=\"279\" height=\"290\" src=\"https:\/\/www.tektrade.ee\/fi\/wp-content\/uploads\/sites\/5\/2025\/08\/ResizedImage279290-Ventiilivarretihendid.jpg\" alt=\"\" class=\"wp-image-2521\"\/><figcaption class=\"wp-element-caption\">Yhdistetty tiivistesarja<br><\/figcaption><\/figure>\n<\/div>\n<\/div>\n","protected":false},"featured_media":0,"parent":2278,"menu_order":20,"template":"","class_list":["post-2292","product","type-product","status-publish","hentry"],"acf":[],"_links":{"self":[{"href":"https:\/\/www.tektrade.ee\/fi\/wp-json\/wp\/v2\/product\/2292","targetHints":{"allow":["GET"]}}],"collection":[{"href":"https:\/\/www.tektrade.ee\/fi\/wp-json\/wp\/v2\/product"}],"about":[{"href":"https:\/\/www.tektrade.ee\/fi\/wp-json\/wp\/v2\/types\/product"}],"version-history":[{"count":9,"href":"https:\/\/www.tektrade.ee\/fi\/wp-json\/wp\/v2\/product\/2292\/revisions"}],"predecessor-version":[{"id":3098,"href":"https:\/\/www.tektrade.ee\/fi\/wp-json\/wp\/v2\/product\/2292\/revisions\/3098"}],"up":[{"embeddable":true,"href":"https:\/\/www.tektrade.ee\/fi\/wp-json\/wp\/v2\/product\/2278"}],"wp:attachment":[{"href":"https:\/\/www.tektrade.ee\/fi\/wp-json\/wp\/v2\/media?parent=2292"}],"curies":[{"name":"wp","href":"https:\/\/api.w.org\/{rel}","templated":true}]}}