{"id":2290,"date":"2025-08-12T23:16:27","date_gmt":"2025-08-12T20:16:27","guid":{"rendered":"https:\/\/www.tektrade.ee\/fi\/?post_type=product&#038;p=2290"},"modified":"2025-08-17T23:06:11","modified_gmt":"2025-08-17T20:06:11","slug":"o-renkaat","status":"publish","type":"product","link":"https:\/\/www.tektrade.ee\/fi\/toutteet\/tiivisteet-ja-tiivistemateriaalit\/akseli-ja-pumpputiivisteet\/o-renkaat\/","title":{"rendered":"O-renkaat"},"content":{"rendered":"\n<div class=\"wp-block-group is-nowrap is-layout-flex wp-container-core-group-is-layout-64989fb1 wp-block-group-is-layout-flex\">\n<div class=\"wp-block-group is-layout-constrained wp-block-group-is-layout-constrained\">\n<p>O-renkaita k\u00e4ytet\u00e4\u00e4n akseleiden, runkojen ja koteloiden ja my\u00f6s laippojen tiivist\u00e4miseen.&nbsp;<br>Materiaalit: FKM, NBR, EPDM, Kalrez ym.<br>Kemiallisesti aggressiivisiin k\u00e4ytt\u00f6ymp\u00e4rist\u00f6ihin valmistetaan erityisi\u00e4 FEP ja PFA polymeerip\u00e4\u00e4llystettyj\u00e4 O-renkaita, joiden sis\u00e4osa on valmistettu silikonista tai kumimateriaalista.<\/p>\n\n\n\n<p><br>Tekniset tiedot<br><br>L\u00e4mp\u00f6tilav\u00e4lit:<br>FEP p\u00e4\u00e4llyste -60\u00b0C &#8211; +205\u00b0C (lyhyen ajan +260\u00b0C)<br>PFA p\u00e4\u00e4llyste -60\u00b0C &#8211; +260\u00b0C (lyhyen ajan +300\u00b0C)<\/p>\n\n\n\n<p>Kovuudet:<br>75-90 Shore A &#8211; silikonikeskiosa<br>90-95&nbsp;Shore A \u2013 Viton-keskiosa<\/p>\n<\/div>\n\n\n\n<div class=\"wp-block-group is-layout-flow wp-block-group-is-layout-flow\">\n<figure class=\"wp-block-image size-full is-resized wp-container-content-69bc4bdf\"><img loading=\"lazy\" decoding=\"async\" width=\"250\" height=\"181\" src=\"https:\/\/www.tektrade.ee\/fi\/wp-content\/uploads\/sites\/5\/2025\/08\/ResizedImage250181-FEP-ja-PFEvO-rongad.jpg\" alt=\"\" class=\"wp-image-2516\" style=\"width:300px\"\/><figcaption class=\"wp-element-caption\">FEP ja PFA o-renkaat<br><\/figcaption><\/figure>\n<\/div>\n<\/div>\n","protected":false},"featured_media":0,"parent":2278,"menu_order":19,"template":"","class_list":["post-2290","product","type-product","status-publish","hentry"],"acf":[],"_links":{"self":[{"href":"https:\/\/www.tektrade.ee\/fi\/wp-json\/wp\/v2\/product\/2290","targetHints":{"allow":["GET"]}}],"collection":[{"href":"https:\/\/www.tektrade.ee\/fi\/wp-json\/wp\/v2\/product"}],"about":[{"href":"https:\/\/www.tektrade.ee\/fi\/wp-json\/wp\/v2\/types\/product"}],"version-history":[{"count":5,"href":"https:\/\/www.tektrade.ee\/fi\/wp-json\/wp\/v2\/product\/2290\/revisions"}],"predecessor-version":[{"id":3096,"href":"https:\/\/www.tektrade.ee\/fi\/wp-json\/wp\/v2\/product\/2290\/revisions\/3096"}],"up":[{"embeddable":true,"href":"https:\/\/www.tektrade.ee\/fi\/wp-json\/wp\/v2\/product\/2278"}],"wp:attachment":[{"href":"https:\/\/www.tektrade.ee\/fi\/wp-json\/wp\/v2\/media?parent=2290"}],"curies":[{"name":"wp","href":"https:\/\/api.w.org\/{rel}","templated":true}]}}