{"id":2288,"date":"2025-08-12T23:16:16","date_gmt":"2025-08-12T20:16:16","guid":{"rendered":"https:\/\/www.tektrade.ee\/fi\/?post_type=product&#038;p=2288"},"modified":"2025-08-17T23:05:51","modified_gmt":"2025-08-17T20:05:51","slug":"moottorin-akselin-maadoitusrengas","status":"publish","type":"product","link":"https:\/\/www.tektrade.ee\/fi\/toutteet\/tiivisteet-ja-tiivistemateriaalit\/akseli-ja-pumpputiivisteet\/moottorin-akselin-maadoitusrengas\/","title":{"rendered":"Moottorin akselin maadoitusrengas"},"content":{"rendered":"\n<div class=\"wp-block-group is-nowrap is-layout-flex wp-container-core-group-is-layout-64989fb1 wp-block-group-is-layout-flex\">\n<div class=\"wp-block-group is-layout-constrained wp-block-group-is-layout-constrained\">\n<p>S\u00e4hk\u00f6moottorin akselin ja laakereiden suojaamiseen loisvirran vaikutukselta k\u00e4ytet\u00e4\u00e4n maadoitukseen hiililangalla vahvistettuja maadoitusrenkaita. N\u00e4iden avulla voidaan pitkitt\u00e4\u00e4 laitteen k\u00e4ytt\u00f6ik\u00e4\u00e4, v\u00e4hent\u00e4\u00e4 merkitt\u00e4vi\u00e4 huoltokustannuksia ja v\u00e4hent\u00e4\u00e4 ennakoimattomia k\u00e4yt\u00f6n keskeytyksi\u00e4.<\/p>\n<\/div>\n\n\n\n<div class=\"wp-block-group is-layout-flow wp-block-group-is-layout-flow\">\n<figure class=\"wp-block-image size-full is-resized wp-container-content-69bc4bdf\"><img loading=\"lazy\" decoding=\"async\" width=\"200\" height=\"203\" src=\"https:\/\/www.tektrade.ee\/fi\/wp-content\/uploads\/sites\/5\/2025\/08\/ResizedImage200203-Volli-maandus-tihend.jpg\" alt=\"\" class=\"wp-image-2513\" style=\"width:300px\"\/><figcaption class=\"wp-element-caption\">Akselin maadoitustiiviste<br><\/figcaption><\/figure>\n<\/div>\n<\/div>\n","protected":false},"featured_media":0,"parent":2278,"menu_order":18,"template":"","class_list":["post-2288","product","type-product","status-publish","hentry"],"acf":[],"_links":{"self":[{"href":"https:\/\/www.tektrade.ee\/fi\/wp-json\/wp\/v2\/product\/2288","targetHints":{"allow":["GET"]}}],"collection":[{"href":"https:\/\/www.tektrade.ee\/fi\/wp-json\/wp\/v2\/product"}],"about":[{"href":"https:\/\/www.tektrade.ee\/fi\/wp-json\/wp\/v2\/types\/product"}],"version-history":[{"count":4,"href":"https:\/\/www.tektrade.ee\/fi\/wp-json\/wp\/v2\/product\/2288\/revisions"}],"predecessor-version":[{"id":3095,"href":"https:\/\/www.tektrade.ee\/fi\/wp-json\/wp\/v2\/product\/2288\/revisions\/3095"}],"up":[{"embeddable":true,"href":"https:\/\/www.tektrade.ee\/fi\/wp-json\/wp\/v2\/product\/2278"}],"wp:attachment":[{"href":"https:\/\/www.tektrade.ee\/fi\/wp-json\/wp\/v2\/media?parent=2288"}],"curies":[{"name":"wp","href":"https:\/\/api.w.org\/{rel}","templated":true}]}}