{"id":2286,"date":"2025-08-12T23:16:03","date_gmt":"2025-08-12T20:16:03","guid":{"rendered":"https:\/\/www.tektrade.ee\/fi\/?post_type=product&#038;p=2286"},"modified":"2025-08-17T23:05:29","modified_gmt":"2025-08-17T20:05:29","slug":"labyrinttitiivisteet-laakerisuojat","status":"publish","type":"product","link":"https:\/\/www.tektrade.ee\/fi\/toutteet\/tiivisteet-ja-tiivistemateriaalit\/akseli-ja-pumpputiivisteet\/labyrinttitiivisteet-laakerisuojat\/","title":{"rendered":"Labyrinttitiivisteet &#8211; laakerisuojat"},"content":{"rendered":"\n<div class=\"wp-block-group is-nowrap is-layout-flex wp-container-core-group-is-layout-64989fb1 wp-block-group-is-layout-flex\">\n<div class=\"wp-block-group is-layout-constrained wp-block-group-is-layout-constrained\">\n<p>Labyrinttitiiviste on erityisvalmisteinen tiiviste avoimien laakereiden suojaamiseen ja laakerin voiteluaineen s\u00e4ilymisen varmistamiseen, saasteaineiden vaikutuksen est\u00e4miseen tai nesteiden erottamiseen. Se on kaksikomponenttinen dynaaminen tiiviste, jonka liikkumaton osa on kiinnitetty laakerin runkoon ja py\u00f6riv\u00e4 osa akseliin.<\/p>\n\n\n\n<p>Labyrinttitiivisteit\u00e4 k\u00e4ytet\u00e4\u00e4n laajasti kemian-, selluloosa- ja paperiteollisuudessa, hiilihydraattien k\u00e4sittelyss\u00e4, energiateollisuudessa ja monilla muilla teollisuuden aloilla.<\/p>\n<\/div>\n\n\n\n<div class=\"wp-block-group is-layout-flow wp-block-group-is-layout-flow\">\n<figure class=\"wp-block-image size-frontpage-thumbnail is-resized wp-container-content-69bc4bdf\"><img loading=\"lazy\" decoding=\"async\" width=\"228\" height=\"280\" src=\"https:\/\/www.tektrade.ee\/fi\/wp-content\/uploads\/sites\/5\/2025\/08\/ResizedImage228301-Laburinttihend-laagrikaitse-228x280.png\" alt=\"\" class=\"wp-image-2509\" style=\"aspect-ratio:3\/4;object-fit:cover;width:300px\"\/><figcaption class=\"wp-element-caption\">Labyrinttitiiviste-laakerisuoja<br><\/figcaption><\/figure>\n<\/div>\n<\/div>\n","protected":false},"featured_media":0,"parent":2278,"menu_order":17,"template":"","class_list":["post-2286","product","type-product","status-publish","hentry"],"acf":[],"_links":{"self":[{"href":"https:\/\/www.tektrade.ee\/fi\/wp-json\/wp\/v2\/product\/2286","targetHints":{"allow":["GET"]}}],"collection":[{"href":"https:\/\/www.tektrade.ee\/fi\/wp-json\/wp\/v2\/product"}],"about":[{"href":"https:\/\/www.tektrade.ee\/fi\/wp-json\/wp\/v2\/types\/product"}],"version-history":[{"count":5,"href":"https:\/\/www.tektrade.ee\/fi\/wp-json\/wp\/v2\/product\/2286\/revisions"}],"predecessor-version":[{"id":3094,"href":"https:\/\/www.tektrade.ee\/fi\/wp-json\/wp\/v2\/product\/2286\/revisions\/3094"}],"up":[{"embeddable":true,"href":"https:\/\/www.tektrade.ee\/fi\/wp-json\/wp\/v2\/product\/2278"}],"wp:attachment":[{"href":"https:\/\/www.tektrade.ee\/fi\/wp-json\/wp\/v2\/media?parent=2286"}],"curies":[{"name":"wp","href":"https:\/\/api.w.org\/{rel}","templated":true}]}}