{"id":2284,"date":"2025-08-12T23:15:52","date_gmt":"2025-08-12T20:15:52","guid":{"rendered":"https:\/\/www.tektrade.ee\/fi\/?post_type=product&#038;p=2284"},"modified":"2025-08-17T23:05:05","modified_gmt":"2025-08-17T20:05:05","slug":"huulitiivisteet","status":"publish","type":"product","link":"https:\/\/www.tektrade.ee\/fi\/toutteet\/tiivisteet-ja-tiivistemateriaalit\/akseli-ja-pumpputiivisteet\/huulitiivisteet\/","title":{"rendered":"Huulitiivisteet"},"content":{"rendered":"\n<div class=\"wp-block-group is-nowrap is-layout-flex wp-container-core-group-is-layout-64989fb1 wp-block-group-is-layout-flex\">\n<div class=\"wp-block-group is-layout-constrained wp-block-group-is-layout-constrained\">\n<p>Huulitiivisteet on tarkoitettu kaikkiin py\u00f6riviin akseleihin joko voiteluaineiden s\u00e4ilytt\u00e4miseen,<br>saasteiden vaikutuksen est\u00e4miseen tai nesteiden erottamiseen.<\/p>\n\n\n\n<p>Meid\u00e4n tuotevalikoimissa on \u00f6ljytiivisteet, joiden valmistuksessa on yleens\u00e4 k\u00e4ytetty tavanomaisia<br>kumimateriaaleja, mm. NBR, HNBR, EPDM, FKM,VMQ.<\/p>\n\n\n\n<p>K\u00e4ytt\u00f6kohteet: kaivostoiminta, selluloosa- ja paperiteollisuus, metalliteollisuus, merenkulku jne.<\/p>\n<\/div>\n\n\n\n<div class=\"wp-block-group is-layout-flow wp-block-group-is-layout-flow\">\n<figure class=\"wp-block-image size-full is-resized wp-container-content-69bc4bdf\"><img loading=\"lazy\" decoding=\"async\" width=\"250\" height=\"273\" src=\"https:\/\/www.tektrade.ee\/fi\/wp-content\/uploads\/sites\/5\/2025\/08\/ResizedImage250273-Klozure-olitihend.jpg\" alt=\"\" class=\"wp-image-2496\" style=\"aspect-ratio:1;object-fit:cover;width:480px\"\/><figcaption class=\"wp-element-caption\"><em><em>\u00d6ljytiiviste<\/em><\/em><\/figcaption><\/figure>\n<\/div>\n<\/div>\n\n\n\n<div style=\"height:50px\" aria-hidden=\"true\" class=\"wp-block-spacer\"><\/div>\n\n\n\n<div class=\"wp-block-group is-nowrap is-layout-flex wp-container-core-group-is-layout-64989fb1 wp-block-group-is-layout-flex\">\n<div class=\"wp-block-group is-layout-constrained wp-block-group-is-layout-constrained\">\n<p>Ensimm\u00e4isess\u00e4 riviss\u00e4 ovat metallilaipoilla varustetut \u00f6ljytiivisteet.<\/p>\n\n\n\n<p>Toisessa riviss\u00e4 ovat kumilaipoilla varustetut \u00f6ljytiivisteet.<\/p>\n\n\n\n<p>Kolmannessa riviss\u00e4 ovat puolitettavat \u00f6ljytiivisteet.<\/p>\n<\/div>\n\n\n\n<div class=\"wp-block-group is-layout-flow wp-block-group-is-layout-flow\">\n<figure class=\"wp-block-image size-full is-resized wp-container-content-69bc4bdf\"><img loading=\"lazy\" decoding=\"async\" width=\"250\" height=\"156\" src=\"https:\/\/www.tektrade.ee\/fi\/wp-content\/uploads\/sites\/5\/2025\/08\/ResizedImage250156-Tihendite-ristloiked.jpg\" alt=\"\" class=\"wp-image-2498\" style=\"aspect-ratio:3\/2;object-fit:cover;width:480px\"\/><\/figure>\n<\/div>\n<\/div>\n\n\n\n<div style=\"height:30px\" aria-hidden=\"true\" class=\"wp-block-spacer\"><\/div>\n\n\n\n<div class=\"wp-block-group is-nowrap is-layout-flex wp-container-core-group-is-layout-64989fb1 wp-block-group-is-layout-flex\">\n<div class=\"wp-block-group is-layout-constrained wp-block-group-is-layout-constrained\">\n<p>Radiaalisen tiivisteen huulen erityisen kiinnitystavan ja PTFE&nbsp;materiaalin ansiosta kest\u00e4\u00e4<br>vakiomallinen tiiviste jopa max 10 bar painetta. Tiiviste on muotoiltu nopeasti py\u00f6rivien akseleiden<br>tiivist\u00e4miseen ja tarkoitettu k\u00e4ytett\u00e4v\u00e4ksi korkean paineen ja l\u00e4mp\u00f6tilan sek\u00e4 aggressiivisten aineiden<br>k\u00e4ytt\u00f6ymp\u00e4rist\u00f6ss\u00e4. Radiaalinen akselitiiviste on kompakti vaihtoehto tiivisteholkille ja mekaaniselle<br>tiivisteelle.<\/p>\n\n\n\n<p>Edut:<\/p>\n\n\n\n<ul class=\"wp-block-list\">\n<li>Max. akselin py\u00f6rimisnopeus 45 m\/s;<\/li>\n\n\n\n<li>Hyv\u00e4 kemiakaalien kest\u00e4vyys (pH 0-14);<\/li>\n\n\n\n<li>Hyv\u00e4 kulumiskest\u00e4vyys;<\/li>\n\n\n\n<li>Voidaan k\u00e4ytt\u00e4\u00e4 vakuumi- ja paineymp\u00e4rist\u00f6ss\u00e4;<\/li>\n\n\n\n<li>l\u00e4mp\u00f6tilav\u00e4li: -60\u00b0C &#8211; max +260 \u00b0C;<\/li>\n\n\n\n<li>Hyv\u00e4 &#8221;kuivana&#8221; toimivuus;<\/li>\n\n\n\n<li>k\u00e4ytet\u00e4\u00e4n elintarvike-, kemian ja l\u00e4\u00e4keteollisuudessa;<\/li>\n\n\n\n<li>t\u00e4ytt\u00e4\u00e4 direktiivin 94\/9\/EC (ATEX) asettamat vaatimukset.<\/li>\n<\/ul>\n<\/div>\n\n\n\n<div class=\"wp-block-group is-layout-flow wp-block-group-is-layout-flow\">\n<figure class=\"wp-block-image size-full is-resized wp-container-content-69bc4bdf\"><img loading=\"lazy\" decoding=\"async\" width=\"250\" height=\"146\" src=\"https:\/\/www.tektrade.ee\/fi\/wp-content\/uploads\/sites\/5\/2025\/08\/ResizedImage250146-PS-SEAL-tihendid.jpg\" alt=\"\" class=\"wp-image-2499\" style=\"aspect-ratio:3\/2;object-fit:cover;width:480px\"\/><figcaption class=\"wp-element-caption\">Radiaalinen akselitiiviste<br><\/figcaption><\/figure>\n<\/div>\n<\/div>\n","protected":false},"featured_media":0,"parent":2278,"menu_order":16,"template":"","class_list":["post-2284","product","type-product","status-publish","hentry"],"acf":[],"_links":{"self":[{"href":"https:\/\/www.tektrade.ee\/fi\/wp-json\/wp\/v2\/product\/2284","targetHints":{"allow":["GET"]}}],"collection":[{"href":"https:\/\/www.tektrade.ee\/fi\/wp-json\/wp\/v2\/product"}],"about":[{"href":"https:\/\/www.tektrade.ee\/fi\/wp-json\/wp\/v2\/types\/product"}],"version-history":[{"count":11,"href":"https:\/\/www.tektrade.ee\/fi\/wp-json\/wp\/v2\/product\/2284\/revisions"}],"predecessor-version":[{"id":3093,"href":"https:\/\/www.tektrade.ee\/fi\/wp-json\/wp\/v2\/product\/2284\/revisions\/3093"}],"up":[{"embeddable":true,"href":"https:\/\/www.tektrade.ee\/fi\/wp-json\/wp\/v2\/product\/2278"}],"wp:attachment":[{"href":"https:\/\/www.tektrade.ee\/fi\/wp-json\/wp\/v2\/media?parent=2284"}],"curies":[{"name":"wp","href":"https:\/\/api.w.org\/{rel}","templated":true}]}}