{"id":2280,"date":"2025-08-12T23:15:22","date_gmt":"2025-08-12T20:15:22","guid":{"rendered":"https:\/\/www.tektrade.ee\/fi\/?post_type=product&#038;p=2280"},"modified":"2025-08-17T23:03:38","modified_gmt":"2025-08-17T20:03:38","slug":"mekaaniset-tiivisteet","status":"publish","type":"product","link":"https:\/\/www.tektrade.ee\/fi\/toutteet\/tiivisteet-ja-tiivistemateriaalit\/akseli-ja-pumpputiivisteet\/mekaaniset-tiivisteet\/","title":{"rendered":"Mekaaniset tiivisteet"},"content":{"rendered":"\n<p>Mekaaniset akselitiivisteet on tarkoitettu pumppujen ja sekoittimien akseleiden ja runkojen tiivist\u00e4miseen. Ne jaetaan kahteen p\u00e4\u00e4tyyppiin: laitteen sis\u00e4lle asennettavat jousitetut akselitiivisteet ja laitteen ulkopuoliset nk. kasettitiivisteet.<\/p>\n\n\n\n<p>Mekaanisten akselitiivisteiden ty\u00f6tasoina on k\u00e4ytetty mm. seuraavia materiaaleja: keramiikka, hiili, piikarbidi tai volframikarbidi.<br>Tiivisteiss\u00e4 k\u00e4ytet\u00e4\u00e4n elastomeereja ja muoviosia, joiden valmistusmateriaalina on EPDM, NBR, FPM (Viton) tai kemikaalinkest\u00e4vi\u00e4 PTFE, FEP tai PFA O-renkaita-.<br>Tiivisteiden materiaalin valinta riippuu pumpattavien nesteiden ominaisuuksista, nesteiden l\u00e4mp\u00f6tilasta ja ty\u00f6paineesta.<\/p>\n\n\n\n<div style=\"height:30px\" aria-hidden=\"true\" class=\"wp-block-spacer\"><\/div>\n\n\n\n<div class=\"wp-block-group is-layout-grid wp-container-core-group-is-layout-6be84c55 wp-block-group-is-layout-grid\">\n<div class=\"wp-block-group is-content-justification-left is-layout-constrained wp-container-core-group-is-layout-8c890d92 wp-block-group-is-layout-constrained\">\n<figure class=\"wp-block-image aligncenter size-full\"><img loading=\"lazy\" decoding=\"async\" width=\"283\" height=\"187\" src=\"https:\/\/www.tektrade.ee\/fi\/wp-content\/uploads\/sites\/5\/2025\/08\/ResizedImage283187-Keerdvedruga-vollitihend.jpg\" alt=\"\" class=\"wp-image-2479\"\/><figcaption class=\"wp-element-caption\">Kiertojousitettu akselitiiviste<br><\/figcaption><\/figure>\n<\/div>\n\n\n\n<div class=\"wp-block-group is-layout-constrained wp-block-group-is-layout-constrained\">\n<figure class=\"wp-block-image aligncenter size-full\"><img loading=\"lazy\" decoding=\"async\" width=\"180\" height=\"185\" src=\"https:\/\/www.tektrade.ee\/fi\/wp-content\/uploads\/sites\/5\/2025\/08\/ResizedImage180185-Lainelise-vedruga-vollitihend.jpg\" alt=\"\" class=\"wp-image-2480\"\/><figcaption class=\"wp-element-caption\">Aaltojousella varustettu akselitiiviste<br><\/figcaption><\/figure>\n<\/div>\n\n\n\n<div class=\"wp-block-group is-layout-constrained wp-block-group-is-layout-constrained\">\n<figure class=\"wp-block-image aligncenter size-full\"><img loading=\"lazy\" decoding=\"async\" width=\"164\" height=\"184\" src=\"https:\/\/www.tektrade.ee\/fi\/wp-content\/uploads\/sites\/5\/2025\/08\/ResizedImage164184-Kassett-tihend.jpg\" alt=\"\" class=\"wp-image-2481\"\/><figcaption class=\"wp-element-caption\">Kasettitiiviste<br><\/figcaption><\/figure>\n<\/div>\n<\/div>\n\n\n\n<div style=\"height:30px\" aria-hidden=\"true\" class=\"wp-block-spacer\"><\/div>\n\n\n\n<div class=\"wp-block-file\"><a id=\"wp-block-file--media-8b8384da-d810-4e73-a97b-0f8b94d6abdc\" href=\"https:\/\/www.tektrade.ee\/fi\/wp-content\/uploads\/sites\/5\/2025\/08\/VULCAN-kataloog-Mehaanilised-tihendid.pdf\" target=\"_blank\" rel=\"noreferrer noopener\">VULCAN\u00ae tuotekuvasto &#8211; mekaaniset akselitiivisteet<\/a><\/div>\n\n\n\n<div class=\"wp-block-file\"><a id=\"wp-block-file--media-e7ef9620-9153-45a7-ba30-a9dd92a5f2ac\" href=\"https:\/\/www.tektrade.ee\/fi\/wp-content\/uploads\/sites\/5\/2025\/08\/ANGA-Mechanical-Seals_catalogue_ENG_2015-.pdf\" target=\"_blank\" rel=\"noreferrer noopener\">ANGA tuotekuvasto &#8211; mekaaniset\u00a0tiivisteet<\/a><\/div>\n\n\n\n<p>Tarjoamme kasettitiivisteisiin my\u00f6s apulaitetta, joka toimii painetoiminnolla, j\u00e4\u00e4hdytystoiminnolla tai molempia yhdist\u00e4v\u00e4ll\u00e4 toiminnolla.<\/p>\n\n\n\n<p>Mekaanisten tiivisten paremman suorituskyvyn saavuttamiseen k\u00e4ytet\u00e4\u00e4n tiivisteiden toimintaymp\u00e4rist\u00f6ss\u00e4 apuj\u00e4rjestelm\u00e4\u00e4 tai -laitetta, joka taas auttaa toteamaan tiivisteiden toimintah\u00e4iri\u00f6t ja seuraa j\u00e4rjestelm\u00e4n toimintaa.<\/p>\n\n\n\n<p>Lis\u00e4j\u00e4rjestelm\u00e4 saattaa perustua useampaan komponenttiin ja se voidaan valita tiivisteiden toimintaolosuhteiden ja loppuk\u00e4ytt\u00e4j\u00e4n vaatimusten mukaisesti. Jos pumpattavassa nesteess\u00e4 on esimerkiksi paljon saastuttavia aineita, voidaan k\u00e4ytt\u00e4\u00e4 suodatinta\/erotinta, joka est\u00e4\u00e4 saasteaineiden kertymisen tiivisteiden pintaan. Jos pumpattavan tuotteen l\u00e4mp\u00f6tila on korkea, on suositeltavaa lis\u00e4t\u00e4 mukaan j\u00e4\u00e4hdytysj\u00e4rjestelm\u00e4, joka v\u00e4hent\u00e4\u00e4 l\u00e4mm\u00f6n siirtymist\u00e4 tiivisteeseen. Lis\u00e4ksi voidaan valita my\u00f6s seurantatoiminto, joka tunnistaa vuotaneen aineen m\u00e4\u00e4r\u00e4n tai tiivisteen toimintah\u00e4iri\u00f6n. Seurannan avulla voidaan seurata tiivisteen kuntoa ja v\u00e4ltt\u00e4\u00e4 t\u00e4ten ennakoimattomia keskeytyksi\u00e4.<\/p>\n\n\n\n<div style=\"height:30px\" aria-hidden=\"true\" class=\"wp-block-spacer\"><\/div>\n\n\n\n<div class=\"wp-block-group is-nowrap is-layout-flex wp-container-core-group-is-layout-ad2f72ca wp-block-group-is-layout-flex\">\n<figure class=\"wp-block-image size-full\"><img loading=\"lazy\" decoding=\"async\" width=\"320\" height=\"240\" src=\"https:\/\/www.tektrade.ee\/fi\/wp-content\/uploads\/sites\/5\/2025\/08\/ResizedImage320240-Abiseade-kassett-tihendile.jpg\" alt=\"\" class=\"wp-image-2489\" srcset=\"https:\/\/www.tektrade.ee\/fi\/wp-content\/uploads\/sites\/5\/2025\/08\/ResizedImage320240-Abiseade-kassett-tihendile.jpg 320w, https:\/\/www.tektrade.ee\/fi\/wp-content\/uploads\/sites\/5\/2025\/08\/ResizedImage320240-Abiseade-kassett-tihendile-300x225.jpg 300w\" sizes=\"auto, (max-width: 320px) 100vw, 320px\" \/><figcaption class=\"wp-element-caption\">Apulaite kasettitiivisteisiin<br><\/figcaption><\/figure>\n<\/div>\n\n\n\n<p>Kasettitiivisteisiin on tarjolla my\u00f6s huoltopalvelu ja mekaanisten kuluvien osien korjauspalvelu. Korjauksia suoritetaan valmistajatehtaalla.<\/p>\n\n\n\n<div class=\"wp-block-file\"><a id=\"wp-block-file--media-f9a00fde-8059-47ce-bd48-877a8dba1e2a\" href=\"https:\/\/www.tektrade.ee\/fi\/wp-content\/uploads\/sites\/5\/2025\/08\/K-INFO-EN-form1.pdf\" target=\"_blank\" rel=\"noreferrer noopener\">ANGA kyselylomake<\/a><\/div>\n","protected":false},"featured_media":0,"parent":2278,"menu_order":14,"template":"","class_list":["post-2280","product","type-product","status-publish","hentry"],"acf":[],"_links":{"self":[{"href":"https:\/\/www.tektrade.ee\/fi\/wp-json\/wp\/v2\/product\/2280","targetHints":{"allow":["GET"]}}],"collection":[{"href":"https:\/\/www.tektrade.ee\/fi\/wp-json\/wp\/v2\/product"}],"about":[{"href":"https:\/\/www.tektrade.ee\/fi\/wp-json\/wp\/v2\/types\/product"}],"version-history":[{"count":8,"href":"https:\/\/www.tektrade.ee\/fi\/wp-json\/wp\/v2\/product\/2280\/revisions"}],"predecessor-version":[{"id":3091,"href":"https:\/\/www.tektrade.ee\/fi\/wp-json\/wp\/v2\/product\/2280\/revisions\/3091"}],"up":[{"embeddable":true,"href":"https:\/\/www.tektrade.ee\/fi\/wp-json\/wp\/v2\/product\/2278"}],"wp:attachment":[{"href":"https:\/\/www.tektrade.ee\/fi\/wp-json\/wp\/v2\/media?parent=2280"}],"curies":[{"name":"wp","href":"https:\/\/api.w.org\/{rel}","templated":true}]}}