{"id":2272,"date":"2025-08-12T23:14:18","date_gmt":"2025-08-12T20:14:18","guid":{"rendered":"https:\/\/www.tektrade.ee\/fi\/?post_type=product&#038;p=2272"},"modified":"2025-08-17T22:59:13","modified_gmt":"2025-08-17T19:59:13","slug":"lammonvaihdinten-tiivisteet","status":"publish","type":"product","link":"https:\/\/www.tektrade.ee\/fi\/toutteet\/tiivisteet-ja-tiivistemateriaalit\/laippatiivisteet-ja-tiivistemateriaalit\/lammonvaihdinten-tiivisteet\/","title":{"rendered":"L\u00e4mm\u00f6nvaihdinten tiivisteet"},"content":{"rendered":"\n<p>TekTrade Balticin tuotevalikoimissa on tiivisteit\u00e4 purettaviin l\u00e4mm\u00f6nvaihtimiin.<\/p>\n\n\n\n<p>Putki- ja lohkol\u00e4mm\u00f6nvaihtimiin:<\/p>\n\n\n\n<ul class=\"wp-block-list\">\n<li>kotelon osien v\u00e4liset tiivisteet; saatavissa eri materiaaleista, mm. metallista, asbestittomasta tiivistepahvista yms. valmistettuna;<\/li>\n\n\n\n<li>p\u00e4\u00e4tykannen ja kotelon v\u00e4liset metalliset kansitiivisteet, spiraalitiivisteet, kampaprofiilitiivisteet tai manttelitiivisteet&nbsp;(valmistetaan tiivisteiden piirustusten mukaisesti);<\/li>\n\n\n\n<li>laippatiivisteet putkiliitoksiin.<\/li>\n<\/ul>\n\n\n\n<p>Levyl\u00e4mm\u00f6nvaihtimiin kumirengas- ja profiilitiivisteet:<\/p>\n\n\n\n<ul class=\"wp-block-list\">\n<li>p\u00e4\u00e4tytiivisteet;<\/li>\n\n\n\n<li>levyjenv\u00e4liset tiivisteet (sek\u00e4 liimattavat ett\u00e4 \u201eclip\u201c-liitoksella varustetut).<\/li>\n<\/ul>\n\n\n\n<p>Valikoimissa eri valmistajien levyl\u00e4mm\u00f6nvaihtimiin valmistamat tiivisteet.<\/p>\n\n\n\n<div style=\"height:30px\" aria-hidden=\"true\" class=\"wp-block-spacer\"><\/div>\n\n\n\n<div class=\"wp-block-file\"><a id=\"wp-block-file--media-035dedc7-3309-46cb-b06a-65241ee16ebf\" href=\"https:\/\/www.tektrade.ee\/fi\/wp-content\/uploads\/sites\/5\/2025\/08\/Heat-Exchanger-gaskets.pdf\" target=\"_blank\" rel=\"noreferrer noopener\">Tuotekuvasto<\/a><\/div>\n\n\n\n<p><\/p>\n","protected":false},"featured_media":0,"parent":2254,"menu_order":10,"template":"","class_list":["post-2272","product","type-product","status-publish","hentry"],"acf":[],"_links":{"self":[{"href":"https:\/\/www.tektrade.ee\/fi\/wp-json\/wp\/v2\/product\/2272","targetHints":{"allow":["GET"]}}],"collection":[{"href":"https:\/\/www.tektrade.ee\/fi\/wp-json\/wp\/v2\/product"}],"about":[{"href":"https:\/\/www.tektrade.ee\/fi\/wp-json\/wp\/v2\/types\/product"}],"version-history":[{"count":4,"href":"https:\/\/www.tektrade.ee\/fi\/wp-json\/wp\/v2\/product\/2272\/revisions"}],"predecessor-version":[{"id":3086,"href":"https:\/\/www.tektrade.ee\/fi\/wp-json\/wp\/v2\/product\/2272\/revisions\/3086"}],"up":[{"embeddable":true,"href":"https:\/\/www.tektrade.ee\/fi\/wp-json\/wp\/v2\/product\/2254"}],"wp:attachment":[{"href":"https:\/\/www.tektrade.ee\/fi\/wp-json\/wp\/v2\/media?parent=2272"}],"curies":[{"name":"wp","href":"https:\/\/api.w.org\/{rel}","templated":true}]}}