{"id":2270,"date":"2025-08-12T23:14:06","date_gmt":"2025-08-12T20:14:06","guid":{"rendered":"https:\/\/www.tektrade.ee\/fi\/?post_type=product&#038;p=2270"},"modified":"2025-08-17T22:58:36","modified_gmt":"2025-08-17T19:58:36","slug":"tiivistenauhat","status":"publish","type":"product","link":"https:\/\/www.tektrade.ee\/fi\/toutteet\/tiivisteet-ja-tiivistemateriaalit\/laippatiivisteet-ja-tiivistemateriaalit\/tiivistenauhat\/","title":{"rendered":"Tiivistenauhat"},"content":{"rendered":"\n<p>Meill\u00e4 on varastotuotteina paisutettuja PTFE-nauhoja, l\u00e4mm\u00f6nkest\u00e4vi\u00e4 lasikuitu\/keraamisesta kuidusta valmistettuja nauhoja sek\u00e4 joustavia grafiitista punottuja tiivistenauhoja.<\/p>\n\n\n\n<div class=\"wp-block-group is-layout-grid wp-container-core-group-is-layout-baef362d wp-block-group-is-layout-grid\">\n<div class=\"wp-block-group is-content-justification-left is-layout-constrained wp-container-core-group-is-layout-8c890d92 wp-block-group-is-layout-constrained\">\n<figure class=\"wp-block-image aligncenter size-full\"><img loading=\"lazy\" decoding=\"async\" width=\"300\" height=\"225\" src=\"https:\/\/www.tektrade.ee\/fi\/wp-content\/uploads\/sites\/5\/2025\/08\/ResizedImage300225-tihenduspaelad.jpg\" alt=\"\" class=\"wp-image-2466\"\/><figcaption class=\"wp-element-caption\">L\u00e4mm\u00f6nkest\u00e4v\u00e4t nauhat<br><\/figcaption><\/figure>\n<\/div>\n\n\n\n<div class=\"wp-block-group is-layout-constrained wp-block-group-is-layout-constrained\">\n<figure class=\"wp-block-image aligncenter size-full\"><img loading=\"lazy\" decoding=\"async\" width=\"300\" height=\"225\" src=\"https:\/\/www.tektrade.ee\/fi\/wp-content\/uploads\/sites\/5\/2025\/08\/ResizedImage300225-tihenduspaelad2.jpg\" alt=\"\" class=\"wp-image-2467\"\/><figcaption class=\"wp-element-caption\">PTFE-st ja grafiitista valmistetut tiivistenauhat<br><\/figcaption><\/figure>\n<\/div>\n<\/div>\n\n\n\n<p><\/p>\n","protected":false},"featured_media":0,"parent":2254,"menu_order":9,"template":"","class_list":["post-2270","product","type-product","status-publish","hentry"],"acf":[],"_links":{"self":[{"href":"https:\/\/www.tektrade.ee\/fi\/wp-json\/wp\/v2\/product\/2270","targetHints":{"allow":["GET"]}}],"collection":[{"href":"https:\/\/www.tektrade.ee\/fi\/wp-json\/wp\/v2\/product"}],"about":[{"href":"https:\/\/www.tektrade.ee\/fi\/wp-json\/wp\/v2\/types\/product"}],"version-history":[{"count":5,"href":"https:\/\/www.tektrade.ee\/fi\/wp-json\/wp\/v2\/product\/2270\/revisions"}],"predecessor-version":[{"id":3084,"href":"https:\/\/www.tektrade.ee\/fi\/wp-json\/wp\/v2\/product\/2270\/revisions\/3084"}],"up":[{"embeddable":true,"href":"https:\/\/www.tektrade.ee\/fi\/wp-json\/wp\/v2\/product\/2254"}],"wp:attachment":[{"href":"https:\/\/www.tektrade.ee\/fi\/wp-json\/wp\/v2\/media?parent=2270"}],"curies":[{"name":"wp","href":"https:\/\/api.w.org\/{rel}","templated":true}]}}