{"id":2266,"date":"2025-08-12T23:13:41","date_gmt":"2025-08-12T20:13:41","guid":{"rendered":"https:\/\/www.tektrade.ee\/fi\/?post_type=product&#038;p=2266"},"modified":"2025-08-17T22:57:43","modified_gmt":"2025-08-17T19:57:43","slug":"kumi-teras-chevron-tiivisteet-malli-wd","status":"publish","type":"product","link":"https:\/\/www.tektrade.ee\/fi\/toutteet\/tiivisteet-ja-tiivistemateriaalit\/laippatiivisteet-ja-tiivistemateriaalit\/kumi-teras-chevron-tiivisteet-malli-wd\/","title":{"rendered":"Kumi\/ter\u00e4s Chevron tiivisteet \u2013 malli WD"},"content":{"rendered":"\n<p>Tiiviste koostuu kahdesta 4\u00b0\u00a0pintakaltevuuden tiivistekiekosta, jotka liitet\u00e4\u00e4n toisiinsa uros-naaras-liitoksella. T\u00e4llainen ratkaisu mahdollistaa tiivisteiden liitt\u00e4misen aina noin 8\u00b0 kulmaan saakka. Kiekkojen yhteen liit\u00e4misell\u00e4 luodaan ymp\u00e4rist\u00f6tiivis liitos. Vakiomateriaalina on EPDM kumi, mutta tiivisteet voidaan tilaustuotteena valmistaa my\u00f6s FPM- tai silikonikumista. Kokovaihtoehdot: DN32-DN500.\u00a0<\/p>\n\n\n\n<div class=\"wp-block-group is-layout-grid wp-container-core-group-is-layout-baef362d wp-block-group-is-layout-grid\">\n<div class=\"wp-block-group is-content-justification-left is-layout-constrained wp-container-core-group-is-layout-8c890d92 wp-block-group-is-layout-constrained\">\n<figure class=\"wp-block-image aligncenter size-full\"><img loading=\"lazy\" decoding=\"async\" width=\"200\" height=\"200\" src=\"https:\/\/www.tektrade.ee\/fi\/wp-content\/uploads\/sites\/5\/2025\/08\/ResizedImage200200-WD-tihend.jpg\" alt=\"\" class=\"wp-image-2453\" srcset=\"https:\/\/www.tektrade.ee\/fi\/wp-content\/uploads\/sites\/5\/2025\/08\/ResizedImage200200-WD-tihend.jpg 200w, https:\/\/www.tektrade.ee\/fi\/wp-content\/uploads\/sites\/5\/2025\/08\/ResizedImage200200-WD-tihend-150x150.jpg 150w, https:\/\/www.tektrade.ee\/fi\/wp-content\/uploads\/sites\/5\/2025\/08\/ResizedImage200200-WD-tihend-100x100.jpg 100w\" sizes=\"auto, (max-width: 200px) 100vw, 200px\" \/><figcaption class=\"wp-element-caption\">WD tiiviste<br><\/figcaption><\/figure>\n<\/div>\n\n\n\n<div class=\"wp-block-group is-layout-constrained wp-block-group-is-layout-constrained\">\n<figure class=\"wp-block-image aligncenter size-full\"><img loading=\"lazy\" decoding=\"async\" width=\"200\" height=\"200\" src=\"https:\/\/www.tektrade.ee\/fi\/wp-content\/uploads\/sites\/5\/2025\/08\/ResizedImage200200-WD-tihend-paigas.jpg\" alt=\"\" class=\"wp-image-2454\" srcset=\"https:\/\/www.tektrade.ee\/fi\/wp-content\/uploads\/sites\/5\/2025\/08\/ResizedImage200200-WD-tihend-paigas.jpg 200w, https:\/\/www.tektrade.ee\/fi\/wp-content\/uploads\/sites\/5\/2025\/08\/ResizedImage200200-WD-tihend-paigas-150x150.jpg 150w, https:\/\/www.tektrade.ee\/fi\/wp-content\/uploads\/sites\/5\/2025\/08\/ResizedImage200200-WD-tihend-paigas-100x100.jpg 100w\" sizes=\"auto, (max-width: 200px) 100vw, 200px\" \/><figcaption class=\"wp-element-caption\">Asennettu WD tiiviste<br><\/figcaption><\/figure>\n<\/div>\n<\/div>\n","protected":false},"featured_media":0,"parent":2254,"menu_order":7,"template":"","class_list":["post-2266","product","type-product","status-publish","hentry"],"acf":[],"_links":{"self":[{"href":"https:\/\/www.tektrade.ee\/fi\/wp-json\/wp\/v2\/product\/2266","targetHints":{"allow":["GET"]}}],"collection":[{"href":"https:\/\/www.tektrade.ee\/fi\/wp-json\/wp\/v2\/product"}],"about":[{"href":"https:\/\/www.tektrade.ee\/fi\/wp-json\/wp\/v2\/types\/product"}],"version-history":[{"count":6,"href":"https:\/\/www.tektrade.ee\/fi\/wp-json\/wp\/v2\/product\/2266\/revisions"}],"predecessor-version":[{"id":3082,"href":"https:\/\/www.tektrade.ee\/fi\/wp-json\/wp\/v2\/product\/2266\/revisions\/3082"}],"up":[{"embeddable":true,"href":"https:\/\/www.tektrade.ee\/fi\/wp-json\/wp\/v2\/product\/2254"}],"wp:attachment":[{"href":"https:\/\/www.tektrade.ee\/fi\/wp-json\/wp\/v2\/media?parent=2266"}],"curies":[{"name":"wp","href":"https:\/\/api.w.org\/{rel}","templated":true}]}}