{"id":2264,"date":"2025-08-12T23:13:29","date_gmt":"2025-08-12T20:13:29","guid":{"rendered":"https:\/\/www.tektrade.ee\/fi\/?post_type=product&#038;p=2264"},"modified":"2025-08-17T22:57:02","modified_gmt":"2025-08-17T19:57:02","slug":"epdm-ja-nbr-kumi-teras-laippatiivisteet","status":"publish","type":"product","link":"https:\/\/www.tektrade.ee\/fi\/toutteet\/tiivisteet-ja-tiivistemateriaalit\/laippatiivisteet-ja-tiivistemateriaalit\/epdm-ja-nbr-kumi-teras-laippatiivisteet\/","title":{"rendered":"EPDM ja NBR kumi\/ter\u00e4s-laippatiivisteet"},"content":{"rendered":"\n<p>Metalltugevdusega kummist tihendid tagavad turvalise tsentreerimise ja ideaalse tihendamise.<br>Metallivahvisteiset kumitiivisteet varmistavat turvallisen keskitt\u00e4misen ja t\u00e4ydellisen tiivistyksen.<br>Saatavissa olevat mitat DN15-DN1200 ja paineluokat PN6-PN40.&nbsp;<br>Edut:<\/p>\n\n\n\n<ul class=\"wp-block-list\">\n<li>pulttien kiristyksen voimansiirtomomentti on alhainen, ei vaadi toistuvaa kirist\u00e4mist\u00e4;<\/li>\n\n\n\n<li>t\u00e4m\u00e4n malliset tiivisteet sopivat siirrettyihin, lasitettuihin ja pinnaltaan vaurioituneisiin laippoihin, sill\u00e4 pulttien kiristyspaine on jaettu tasaisesti koko tiivisten pintaan.\u00a0<\/li>\n<\/ul>\n\n\n\n<p>T\u00e4m\u00e4 profiili on hyv\u00e4n\u00e4 vaihtoehtona O-rengas-tiivisteisiin.&nbsp;<br>NBR kumitiivisteet on sertifioitu k\u00e4ytett\u00e4v\u00e4ksi DIN-DVGW kaasuputkistojen tiivist\u00e4miseen; EPDM kumitiivisteet t\u00e4ytt\u00e4v\u00e4t KTW D1\/D2 juomavesistandardin vaatimukset.<\/p>\n\n\n\n<div style=\"height:30px\" aria-hidden=\"true\" class=\"wp-block-spacer\"><\/div>\n\n\n\n<div class=\"wp-block-group is-layout-grid wp-container-core-group-is-layout-baef362d wp-block-group-is-layout-grid\">\n<div class=\"wp-block-group is-content-justification-center is-layout-constrained wp-block-group-is-layout-constrained\">\n<figure class=\"wp-block-image aligncenter size-full\"><img loading=\"lazy\" decoding=\"async\" width=\"179\" height=\"150\" src=\"https:\/\/www.tektrade.ee\/fi\/wp-content\/uploads\/sites\/5\/2025\/08\/ResizedImage179150-Gasket-1.jpg\" alt=\"\" class=\"wp-image-2448\"\/><figcaption class=\"wp-element-caption\">Kumi\/ter\u00e4s laippatiiviste<br><\/figcaption><\/figure>\n<\/div>\n\n\n\n<div class=\"wp-block-group is-layout-constrained wp-block-group-is-layout-constrained\">\n<figure class=\"wp-block-image aligncenter size-full\"><img loading=\"lazy\" decoding=\"async\" width=\"345\" height=\"150\" src=\"https:\/\/www.tektrade.ee\/fi\/wp-content\/uploads\/sites\/5\/2025\/08\/ResizedImage345150-Gasket-2.jpg\" alt=\"\" class=\"wp-image-2449\" srcset=\"https:\/\/www.tektrade.ee\/fi\/wp-content\/uploads\/sites\/5\/2025\/08\/ResizedImage345150-Gasket-2.jpg 345w, https:\/\/www.tektrade.ee\/fi\/wp-content\/uploads\/sites\/5\/2025\/08\/ResizedImage345150-Gasket-2-300x130.jpg 300w\" sizes=\"auto, (max-width: 345px) 100vw, 345px\" \/><figcaption class=\"wp-element-caption\">Tiivisteen profiili<br><\/figcaption><\/figure>\n<\/div>\n<\/div>\n","protected":false},"featured_media":0,"parent":2254,"menu_order":6,"template":"","class_list":["post-2264","product","type-product","status-publish","hentry"],"acf":[],"_links":{"self":[{"href":"https:\/\/www.tektrade.ee\/fi\/wp-json\/wp\/v2\/product\/2264","targetHints":{"allow":["GET"]}}],"collection":[{"href":"https:\/\/www.tektrade.ee\/fi\/wp-json\/wp\/v2\/product"}],"about":[{"href":"https:\/\/www.tektrade.ee\/fi\/wp-json\/wp\/v2\/types\/product"}],"version-history":[{"count":9,"href":"https:\/\/www.tektrade.ee\/fi\/wp-json\/wp\/v2\/product\/2264\/revisions"}],"predecessor-version":[{"id":3081,"href":"https:\/\/www.tektrade.ee\/fi\/wp-json\/wp\/v2\/product\/2264\/revisions\/3081"}],"up":[{"embeddable":true,"href":"https:\/\/www.tektrade.ee\/fi\/wp-json\/wp\/v2\/product\/2254"}],"wp:attachment":[{"href":"https:\/\/www.tektrade.ee\/fi\/wp-json\/wp\/v2\/media?parent=2264"}],"curies":[{"name":"wp","href":"https:\/\/api.w.org\/{rel}","templated":true}]}}