{"id":2262,"date":"2025-08-12T23:13:15","date_gmt":"2025-08-12T20:13:15","guid":{"rendered":"https:\/\/www.tektrade.ee\/fi\/?post_type=product&#038;p=2262"},"modified":"2025-08-17T22:56:30","modified_gmt":"2025-08-17T19:56:30","slug":"metallilaippatiivisteet","status":"publish","type":"product","link":"https:\/\/www.tektrade.ee\/fi\/toutteet\/tiivisteet-ja-tiivistemateriaalit\/laippatiivisteet-ja-tiivistemateriaalit\/metallilaippatiivisteet\/","title":{"rendered":"Metallilaippatiivisteet"},"content":{"rendered":"\n<p>Tuotevalikoima on hyvin laaja, aina kampaprofiilitiivisteist\u00e4 erityisvalmisteisiin kokometallitiivisteisiin.<\/p>\n\n\n\n<div class=\"wp-block-file\"><a id=\"wp-block-file--media-e0c2e847-b0d2-4dce-a9cb-3926b39b58de\" href=\"https:\/\/www.tektrade.ee\/fi\/wp-content\/uploads\/sites\/5\/2025\/08\/Spetech-Static-seals.pdf\" target=\"_blank\" rel=\"noreferrer noopener\">Spetech\u00ae tuotekuvasto<\/a><\/div>\n\n\n\n<p><\/p>\n\n\n\n<div class=\"wp-block-group is-nowrap is-layout-flex wp-container-core-group-is-layout-64989fb1 wp-block-group-is-layout-flex\">\n<div class=\"wp-block-group is-layout-constrained wp-block-group-is-layout-constrained\">\n<p><strong>Kampaprofiilitiivisteet<\/strong>\u00a0\u2013\u00a0yksi parhaista tiivistemalleista teollisuusk\u00e4ytt\u00f6\u00f6n. Laaja kampaprofiilien valikoima mahdollistaa n\u00e4iden tiivisteiden k\u00e4ytt\u00e4misen monenlaisissa laippaliitoksissa ja erilaisissa k\u00e4ytt\u00f6ymp\u00e4rist\u00f6iss\u00e4. Kampaprofiilin muoto riippuu paljolti k\u00e4ytt\u00f6kohteen ominaisuuksista ja vaatimuksista, eniten k\u00e4ytettyj\u00e4 malleja ovat kuitenkin \u201ctongue and groove\u201d sek\u00e4 \u201cmale and female\u201d laipat, joiden suurin ulkoinen halkaisija o max 5000 mm.<br>meill\u00e4 on varastotuotteina kolmannen sukupolven DryFlex\u00ae-malliset kampaprofiilitiivisteet, joiden ulkoinen tukirengas voidaan paineluokan mukaan taivuttaa sopivaksi eli tiiviste on k\u00e4ytt\u00f6kelpoinen saman halkaisijan, mutta eri painoluokan liitoksissa. Tiivisteiden vakiopaksuus on 4,0 mm (3,0 mm metalliosa ja 2&#215;0,5 mm tiivisteosa) ja tiiviste on valmistettu standardin EN 1514-6 (DN ja PN) mukaisesti.<\/p>\n<\/div>\n\n\n\n<div class=\"wp-block-group is-layout-flow wp-block-group-is-layout-flow\">\n<figure class=\"wp-block-image size-full wp-container-content-69bc4bdf\"><img loading=\"lazy\" decoding=\"async\" width=\"160\" height=\"100\" src=\"https:\/\/www.tektrade.ee\/fi\/wp-content\/uploads\/sites\/5\/2025\/08\/ResizedImage160100-Metalltihend-DryFlex.jpg\" alt=\"\" class=\"wp-image-2422\" style=\"aspect-ratio:4\/3;object-fit:cover\"\/><figcaption class=\"wp-element-caption\"><em>Kampaprofiilitiivisteet DryFlex \u00ae<br><\/em><\/figcaption><\/figure>\n<\/div>\n<\/div>\n\n\n\n<p><a  href=\"https:\/\/www.youtube.com\/watch?v=LQtspdIVovg\"  target=\"_blank\" rel=\"noreferrer noopener\" target=\"_blank\">Kampaprofiilitiivisteiden video<\/a><\/p>\n\n\n\n<div class=\"wp-block-group is-nowrap is-layout-flex wp-container-core-group-is-layout-64989fb1 wp-block-group-is-layout-flex\">\n<div class=\"wp-block-group is-layout-constrained wp-block-group-is-layout-constrained\">\n<p><strong>Spiraalitiivisteet<\/strong>\u00a0\u2013 teollisuudessa laajasti k\u00e4ytetyt taloudelliset vaihtoehdot kampaprofiilitiivisteille. Spiraalitiivisteet ovat V-muotoisesta metallinauhasta ja t\u00e4ytemateriaalista py\u00f6ritettyj\u00e4 spiraaleja. Eniten k\u00e4ytettyj\u00e4 t\u00e4ytemateriaaleja ovat grafiitti ja PTFE; metallinauhassa k\u00e4ytet\u00e4\u00e4n useimmiten materiaalina 316L. Usein on k\u00e4ytetty my\u00f6s ulkoista ja\/tai sis\u00e4ist\u00e4 metallista tukirengasta, joka antaa tiivisteeseen mekaanisen lujuuden. Tukirenkaiden materiaalivalikoima riippuu tiivisteiden k\u00e4ytt\u00f6ymp\u00e4rist\u00f6st\u00e4.<\/p>\n<\/div>\n\n\n\n<div class=\"wp-block-group is-layout-flow wp-block-group-is-layout-flow\">\n<figure class=\"wp-block-image size-full wp-container-content-69bc4bdf\"><img loading=\"lazy\" decoding=\"async\" width=\"160\" height=\"100\" src=\"https:\/\/www.tektrade.ee\/fi\/wp-content\/uploads\/sites\/5\/2025\/08\/ResizedImage160100-Metalltihend-SPETOSPIR.jpg\" alt=\"\" class=\"wp-image-2426\" style=\"aspect-ratio:4\/3;object-fit:cover\"\/><figcaption class=\"wp-element-caption\"><em>Spiraalitiivisteet<br><\/em><\/figcaption><\/figure>\n<\/div>\n<\/div>\n\n\n\n<p>T\u00e4rkeimm\u00e4t spiraalitiivistemallit ovat:&nbsp;<br>1)&nbsp;&nbsp; &nbsp;ilman tukirenkaita &#8211;&nbsp;malli R<br>2)&nbsp;&nbsp; &nbsp;sis\u00e4isell\u00e4 tukirenkaalla &#8211;&nbsp;malli RIR<br>3)&nbsp;&nbsp; &nbsp;ulkoisella tukirenkaalla &#8211;&nbsp;malli C\/O<br>4)&nbsp;&nbsp; &nbsp;sis\u00e4isell\u00e4 ja ulkoisella tukirenkaalla &#8211;&nbsp;malli C\/I<\/p>\n\n\n\n<p>Tiivisteaukon paksuus on yleens\u00e4 3,2 mm, 4,5 mm tai 6,1 mm.<br>Tukirenkaiden paksuus on 2,0 mm.<\/p>\n\n\n\n<div style=\"height:30px\" aria-hidden=\"true\" class=\"wp-block-spacer\"><\/div>\n\n\n\n<div class=\"wp-block-group is-layout-grid wp-container-core-group-is-layout-4d858cb8 wp-block-group-is-layout-grid\">\n<div class=\"wp-block-group is-content-justification-left is-layout-constrained wp-container-core-group-is-layout-8c890d92 wp-block-group-is-layout-constrained\">\n<div class=\"wp-block-group is-layout-constrained wp-block-group-is-layout-constrained\">\n<figure class=\"wp-block-image aligncenter size-full\"><img loading=\"lazy\" decoding=\"async\" width=\"179\" height=\"73\" src=\"https:\/\/www.tektrade.ee\/fi\/wp-content\/uploads\/sites\/5\/2025\/08\/ResizedImage17973-tugirongasteta-tueuep-R.gif\" alt=\"\" class=\"wp-image-2428\"\/><figcaption class=\"wp-element-caption\">ilman tukirenkaita &#8211; malli R<br><\/figcaption><\/figure>\n<\/div>\n<\/div>\n\n\n\n<div class=\"wp-block-group is-layout-constrained wp-block-group-is-layout-constrained\">\n<figure class=\"wp-block-image aligncenter size-full\"><img loading=\"lazy\" decoding=\"async\" width=\"179\" height=\"73\" src=\"https:\/\/www.tektrade.ee\/fi\/wp-content\/uploads\/sites\/5\/2025\/08\/ResizedImage17973-sisemise-tugirongaga-tueuep-RIR.gif\" alt=\"\" class=\"wp-image-2429\"\/><figcaption class=\"wp-element-caption\">sis\u00e4isell\u00e4 tukirenkaalla &#8211; malli RIR<br><\/figcaption><\/figure>\n<\/div>\n\n\n\n<div class=\"wp-block-group is-layout-constrained wp-block-group-is-layout-constrained\">\n<figure class=\"wp-block-image aligncenter size-full\"><img loading=\"lazy\" decoding=\"async\" width=\"178\" height=\"63\" src=\"https:\/\/www.tektrade.ee\/fi\/wp-content\/uploads\/sites\/5\/2025\/08\/ResizedImage17863-vaelimise-tugirongaga-tueuep-CO.gif\" alt=\"\" class=\"wp-image-2430\"\/><figcaption class=\"wp-element-caption\">ulkoisella tukirenkaalla &#8211; malli C\/O<br><\/figcaption><\/figure>\n<\/div>\n\n\n\n<div class=\"wp-block-group is-layout-constrained wp-block-group-is-layout-constrained\">\n<figure class=\"wp-block-image aligncenter size-full\"><img loading=\"lazy\" decoding=\"async\" width=\"180\" height=\"63\" src=\"https:\/\/www.tektrade.ee\/fi\/wp-content\/uploads\/sites\/5\/2025\/08\/ResizedImage18063-sisemise-ja-vaelimise-tugirongaga-tueuep-CI.gif\" alt=\"\" class=\"wp-image-2431\"\/><figcaption class=\"wp-element-caption\">sis\u00e4isell\u00e4 ja ulkoisella tukirenkaalla &#8211; malli C\/I<br><\/figcaption><\/figure>\n<\/div>\n<\/div>\n\n\n\n<div style=\"height:30px\" aria-hidden=\"true\" class=\"wp-block-spacer\"><\/div>\n\n\n\n<p><\/p>\n\n\n\n<p><strong>Metallista valmistetut \u201cmanttelitiivisteet\u201d<\/strong>&nbsp;\u2013 pehme\u00e4ll\u00e4 t\u00e4yteaineella t\u00e4ytetyt metallitiivisteet, joita k\u00e4ytet\u00e4\u00e4n l\u00e4mm\u00f6nvaihtimien kansien tiivist\u00e4miseen sek\u00e4 kattilaluukkujen ja putkilaippojen tiivist\u00e4miseen.&nbsp;<\/p>\n\n\n\n<p><\/p>\n\n\n\n<div class=\"wp-block-group is-nowrap is-layout-flex wp-container-core-group-is-layout-ad2f72ca wp-block-group-is-layout-flex\">\n<figure class=\"wp-block-image alignleft size-full\"><img loading=\"lazy\" decoding=\"async\" width=\"250\" height=\"167\" src=\"https:\/\/www.tektrade.ee\/fi\/wp-content\/uploads\/sites\/5\/2025\/08\/ResizedImage250167-Metallist-manteltihend.jpg\" alt=\"\" class=\"wp-image-2433\"\/><figcaption class=\"wp-element-caption\">Metallista valmistettu &#8221;manttelitiiviste&#8221;<br><\/figcaption><\/figure>\n<\/div>\n\n\n\n<div style=\"height:30px\" aria-hidden=\"true\" class=\"wp-block-spacer\"><\/div>\n\n\n\n<p><strong>Metallitiivisteet GUS 600\u00a0<\/strong>&#8211; tiivisteet, jotka on tarkoitettu k\u00e4ytett\u00e4v\u00e4ksi erityisen haasteellisissa olosuhteissa, sill\u00e4 ne kest\u00e4v\u00e4t hyvin suuria kuormia. GUS 600 tiivisteet kest\u00e4v\u00e4t isoja j\u00e4nnitteit\u00e4, t\u00e4rin\u00e4\u00e4 ja iskuja. GUS 600 tiivisteet sopivat esimerkiksi pumppujen, kompressoreiden, sulkuventtiilien yms. laippojen tiivist\u00e4miseen. Oikein valittu tiivisteaukon paksuus varmistaa sen, ett\u00e4 laippojen pintoja ei tarvitse korjata, se varmistaa lis\u00e4ksi erinomaisen joustavuuden ja kompensoi pulttien l\u00f6ystymisen. GUS 600 tiiviste kest\u00e4\u00e4 hyvin ulkoiset paineet ja sill\u00e4 on erinomaiset tiivistysominaisuudet.<\/p>\n\n\n\n<div style=\"height:30px\" aria-hidden=\"true\" class=\"wp-block-spacer\"><\/div>\n\n\n\n<div class=\"wp-block-group is-nowrap is-layout-flex wp-container-core-group-is-layout-ad2f72ca wp-block-group-is-layout-flex\">\n<figure class=\"wp-block-image size-full\"><img loading=\"lazy\" decoding=\"async\" width=\"250\" height=\"166\" src=\"https:\/\/www.tektrade.ee\/fi\/wp-content\/uploads\/sites\/5\/2025\/08\/ResizedImage250166-GUS-660.jpeg\" alt=\"\" class=\"wp-image-2443\"\/><figcaption class=\"wp-element-caption\">GUS 660<\/figcaption><\/figure>\n<\/div>\n\n\n\n<div style=\"height:30px\" aria-hidden=\"true\" class=\"wp-block-spacer\"><\/div>\n\n\n\n<p><a  href=\"https:\/\/www.youtube.com\/watch?v=Ahc5tVoI6ck\"  target=\"_blank\" rel=\"noreferrer noopener\" target=\"_blank\">GUS 660 video<\/a><\/p>\n\n\n\n<div style=\"height:30px\" aria-hidden=\"true\" class=\"wp-block-spacer\"><\/div>\n\n\n\n<p><strong>\u201cRengasmalliset\u201d tiivisteet<\/strong>\u00a0\u2013 halkaisijaltaan rengasmaiset tai soikionmuotoiset metallitiivisteet upotettuihin laippoihin. N\u00e4it\u00e4 tiivisteit\u00e4 k\u00e4ytet\u00e4\u00e4n isojen paineiden kanssa kosketuksiin joutuvissa k\u00e4ytt\u00f6kohteissa.<\/p>\n\n\n\n<div class=\"wp-block-group is-nowrap is-layout-flex wp-container-core-group-is-layout-ad2f72ca wp-block-group-is-layout-flex\">\n<figure class=\"wp-block-image size-full\"><img loading=\"lazy\" decoding=\"async\" width=\"250\" height=\"167\" src=\"https:\/\/www.tektrade.ee\/fi\/wp-content\/uploads\/sites\/5\/2025\/08\/ResizedImage250167-Ring-tuupi-tihend.jpg\" alt=\"\" class=\"wp-image-2445\"\/><figcaption class=\"wp-element-caption\">&#8221;Rengasmallinen&#8221; tiiviste<br><\/figcaption><\/figure>\n<\/div>\n\n\n\n<div style=\"height:30px\" aria-hidden=\"true\" class=\"wp-block-spacer\"><\/div>\n\n\n\n<p><strong>Metalliset p\u00e4\u00e4tytiivisteet putkil\u00e4mm\u00f6nvaihtimiin<\/strong>&nbsp;&#8211; l\u00e4mm\u00f6nvaihdinten tiivist\u00e4miseen k\u00e4ytet\u00e4\u00e4n sek\u00e4 kampaprofiili-, spiraali- ett\u00e4 manttelitiivisteit\u00e4. Saatavissa erilaiset konfiguraatiot yleisesti k\u00e4yt\u00f6ss\u00e4 olevien mallien mukaisesti, mutta tiivisteet voidaan valmistaa my\u00f6s tilaustietojen mukaan. Materiaalit \u2013 kaikki yleisesti k\u00e4ytetyt metallit ja t\u00e4ytemateriaalit.&nbsp;<\/p>\n\n\n\n<div class=\"wp-block-group is-nowrap is-layout-flex wp-container-core-group-is-layout-ad2f72ca wp-block-group-is-layout-flex\">\n<figure class=\"wp-block-image size-full\"><img loading=\"lazy\" decoding=\"async\" width=\"149\" height=\"181\" src=\"https:\/\/www.tektrade.ee\/fi\/wp-content\/uploads\/sites\/5\/2025\/08\/ResizedImage149181-Soojusvahetite-tihendid.png\" alt=\"\" class=\"wp-image-2446\"\/><figcaption class=\"wp-element-caption\">Metalliset p\u00e4\u00e4tytiivisteet putkil\u00e4mm\u00f6nvaihtimiin<br><br><br><\/figcaption><\/figure>\n<\/div>\n","protected":false},"featured_media":0,"parent":2254,"menu_order":5,"template":"","class_list":["post-2262","product","type-product","status-publish","hentry"],"acf":[],"_links":{"self":[{"href":"https:\/\/www.tektrade.ee\/fi\/wp-json\/wp\/v2\/product\/2262","targetHints":{"allow":["GET"]}}],"collection":[{"href":"https:\/\/www.tektrade.ee\/fi\/wp-json\/wp\/v2\/product"}],"about":[{"href":"https:\/\/www.tektrade.ee\/fi\/wp-json\/wp\/v2\/types\/product"}],"version-history":[{"count":15,"href":"https:\/\/www.tektrade.ee\/fi\/wp-json\/wp\/v2\/product\/2262\/revisions"}],"predecessor-version":[{"id":3080,"href":"https:\/\/www.tektrade.ee\/fi\/wp-json\/wp\/v2\/product\/2262\/revisions\/3080"}],"up":[{"embeddable":true,"href":"https:\/\/www.tektrade.ee\/fi\/wp-json\/wp\/v2\/product\/2254"}],"wp:attachment":[{"href":"https:\/\/www.tektrade.ee\/fi\/wp-json\/wp\/v2\/media?parent=2262"}],"curies":[{"name":"wp","href":"https:\/\/api.w.org\/{rel}","templated":true}]}}