{"id":2260,"date":"2025-08-12T23:12:59","date_gmt":"2025-08-12T20:12:59","guid":{"rendered":"https:\/\/www.tektrade.ee\/fi\/?post_type=product&#038;p=2260"},"modified":"2025-09-26T13:42:36","modified_gmt":"2025-09-26T10:42:36","slug":"grafiitista-valmistetut-laippatiivisteet","status":"publish","type":"product","link":"https:\/\/www.tektrade.ee\/fi\/toutteet\/tiivisteet-ja-tiivistemateriaalit\/laippatiivisteet-ja-tiivistemateriaalit\/grafiitista-valmistetut-laippatiivisteet\/","title":{"rendered":"Grafiitista valmistetut laippatiivisteet"},"content":{"rendered":"\n<div class=\"wp-block-group is-nowrap is-layout-flex wp-container-core-group-is-layout-64989fb1 wp-block-group-is-layout-flex\">\n<div class=\"wp-block-group is-content-justification-left is-layout-constrained wp-container-core-group-is-layout-8c890d92 wp-block-group-is-layout-constrained\">\n<p>Leikattuja tai stanssattuja paisutetusta grafiitista valmistettuja tiivisteit\u00e4 k\u00e4ytet\u00e4\u00e4n paperiteollisuudessa, s\u00e4hk\u00f6- ja l\u00e4mp\u00f6tuotannossa, kemianteollisuudessa ym. kohteissa, jossa vaaditaan l\u00e4mm\u00f6nkest\u00e4vyytt\u00e4 ja kemikaalikest\u00e4vyytt\u00e4, tyypillinen esimerkki on nk. \u201dh\u00f6yrytiiviste\u201d.&nbsp;<br>Tiivisteet valmistetaan p\u00e4\u00e4asiallisesti EN1514-1 ja ASME 16.21 standardien mukaisesti, toimintal\u00e4mp\u00f6tilat j\u00e4\u00e4v\u00e4t -200 \u00b0C ja max +650 \u00b0C v\u00e4liin. Tuotevalikoimassa ovat saatavissa my\u00f6s sis\u00e4isell\u00e4 AISI316 metallirenkaalla varustetut tiivisteet (&#8221;Eyelet&#8221;-malli). Varastotuotteina ovat DN15-DN250 mitassa PN16-40 ja DN300-DN500 mitassa PN16, &#8221;Eyelet&#8221; DN15-DN150 mitassa PN16 grafiittitiivisteet.<\/p>\n\n\n\n<div class=\"wp-block-file\"><a id=\"wp-block-file--media-f334dadc-9fa7-48cf-8511-4462d18c9bcf\" href=\"https:\/\/www.tektrade.ee\/fi\/wp-content\/uploads\/sites\/5\/2025\/08\/DONIT_Grafilit-datasheets.pdf\">Grafilit\u00ae-tuotearkit<\/a><\/div>\n<\/div>\n\n\n\n<div class=\"wp-block-group is-layout-flow wp-block-group-is-layout-flow\">\n<figure class=\"wp-block-image size-frontpage-thumbnail is-resized wp-container-content-69bc4bdf\"><img loading=\"lazy\" decoding=\"async\" width=\"280\" height=\"225\" src=\"https:\/\/www.tektrade.ee\/fi\/wp-content\/uploads\/sites\/5\/2025\/08\/ResizedImage300225-Grafiidist-aeaerikutihendid-280x225.jpg\" alt=\"\" class=\"wp-image-2415\" style=\"aspect-ratio:4\/3;object-fit:cover;width:480px\" \/><figcaption class=\"wp-element-caption\">Grafiitista valmistetut laippatiivisteet<br><\/figcaption><\/figure>\n<\/div>\n<\/div>\n","protected":false},"featured_media":0,"parent":2254,"menu_order":4,"template":"","class_list":["post-2260","product","type-product","status-publish","hentry"],"acf":[],"_links":{"self":[{"href":"https:\/\/www.tektrade.ee\/fi\/wp-json\/wp\/v2\/product\/2260","targetHints":{"allow":["GET"]}}],"collection":[{"href":"https:\/\/www.tektrade.ee\/fi\/wp-json\/wp\/v2\/product"}],"about":[{"href":"https:\/\/www.tektrade.ee\/fi\/wp-json\/wp\/v2\/types\/product"}],"version-history":[{"count":6,"href":"https:\/\/www.tektrade.ee\/fi\/wp-json\/wp\/v2\/product\/2260\/revisions"}],"predecessor-version":[{"id":3229,"href":"https:\/\/www.tektrade.ee\/fi\/wp-json\/wp\/v2\/product\/2260\/revisions\/3229"}],"up":[{"embeddable":true,"href":"https:\/\/www.tektrade.ee\/fi\/wp-json\/wp\/v2\/product\/2254"}],"wp:attachment":[{"href":"https:\/\/www.tektrade.ee\/fi\/wp-json\/wp\/v2\/media?parent=2260"}],"curies":[{"name":"wp","href":"https:\/\/api.w.org\/{rel}","templated":true}]}}