{"id":2258,"date":"2025-08-12T23:12:46","date_gmt":"2025-08-12T20:12:46","guid":{"rendered":"https:\/\/www.tektrade.ee\/fi\/?post_type=product&#038;p=2258"},"modified":"2025-08-17T22:53:57","modified_gmt":"2025-08-17T19:53:57","slug":"asbestittomat-laippatiivisteet","status":"publish","type":"product","link":"https:\/\/www.tektrade.ee\/fi\/toutteet\/tiivisteet-ja-tiivistemateriaalit\/laippatiivisteet-ja-tiivistemateriaalit\/asbestittomat-laippatiivisteet\/","title":{"rendered":"Asbestittomat laippatiivisteet"},"content":{"rendered":"\n<div class=\"wp-block-group is-nowrap is-layout-flex wp-container-core-group-is-layout-64989fb1 wp-block-group-is-layout-flex\">\n<div class=\"wp-block-group is-layout-constrained wp-block-group-is-layout-constrained\">\n<p>Asbestittomat leikatut laippatiivisteet ovat laajasti k\u00e4ytettyj\u00e4 monilla teollisuusaloilla, l\u00e4mp\u00f6tuotannossa ja merialuksilla.<br><br>Laippatiivisteiden eniten k\u00e4ytettyjen kokojen standardit ovat EN 1514-1 ja ASME B 16.5. Meid\u00e4n tuotevalikoimissa on asbestittomasta tiivistemateriaalista valmistetut laippatiivisteet leikattu sek\u00e4 EN 1514-1 ett\u00e4 ASME standardin mukaan. Paikan p\u00e4\u00e4ll\u00e4 ovat varastotuotteina Donit-materiaalista BA50 leikatut tiivisteet, jotka t\u00e4ytt\u00e4v\u00e4t standardin EN1514-1 ja paineluokan PN16 vaatimukset, niiden paksuus on 2 mm ja mitat DN15 &#8211; DN800.<\/p>\n\n\n\n<p>Varastotuotteina on leikattujen laippatiivisteiden lis\u00e4ksi my\u00f6s 4 mm paksuisia nk. PTFE kuoritiivisteet.<br>Muiden standardien mittojen mukaiset tiivisteet ovat tilaustuotteita.<\/p>\n<\/div>\n\n\n\n<div class=\"wp-block-group is-layout-flow wp-block-group-is-layout-flow\">\n<figure class=\"wp-block-image size-frontpage-thumbnail is-resized wp-container-content-69bc4bdf\"><img loading=\"lazy\" decoding=\"async\" width=\"280\" height=\"225\" src=\"https:\/\/www.tektrade.ee\/fi\/wp-content\/uploads\/sites\/5\/2025\/08\/ResizedImage300225-Asbestivabad-aeaerikutihendid-280x225.jpg\" alt=\"\" class=\"wp-image-2388\" style=\"aspect-ratio:4\/3;object-fit:cover;width:480px\"\/><figcaption class=\"wp-element-caption\">Asbestittomat laippatiivisteet<br><\/figcaption><\/figure>\n<\/div>\n<\/div>\n\n\n\n<div class=\"wp-block-file\"><a id=\"wp-block-file--media-37f5ba5d-2341-4d55-9910-998125ada1e8\" href=\"https:\/\/www.tektrade.ee\/fi\/wp-content\/uploads\/sites\/5\/2025\/08\/TESNIT-BA-50.pdf\" target=\"_blank\" rel=\"noreferrer noopener\">Tesnit\u00ae BA50 &#8211; tuotetiedot<\/a><\/div>\n\n\n\n<p><\/p>\n\n\n\n<div class=\"wp-block-file\"><a id=\"wp-block-file--media-052918a8-ec8a-4ecb-89e6-7cf89c6b8422\" href=\"https:\/\/www.tektrade.ee\/fi\/wp-content\/uploads\/sites\/5\/2025\/08\/PTFE-Envelope-gaskets.pdf\" target=\"_blank\" rel=\"noreferrer noopener\">PTFE kuoritiivisteet\u00a0&#8211; tuotetiedot<\/a><\/div>\n","protected":false},"featured_media":0,"parent":2254,"menu_order":3,"template":"","class_list":["post-2258","product","type-product","status-publish","hentry"],"acf":[],"_links":{"self":[{"href":"https:\/\/www.tektrade.ee\/fi\/wp-json\/wp\/v2\/product\/2258","targetHints":{"allow":["GET"]}}],"collection":[{"href":"https:\/\/www.tektrade.ee\/fi\/wp-json\/wp\/v2\/product"}],"about":[{"href":"https:\/\/www.tektrade.ee\/fi\/wp-json\/wp\/v2\/types\/product"}],"version-history":[{"count":21,"href":"https:\/\/www.tektrade.ee\/fi\/wp-json\/wp\/v2\/product\/2258\/revisions"}],"predecessor-version":[{"id":3077,"href":"https:\/\/www.tektrade.ee\/fi\/wp-json\/wp\/v2\/product\/2258\/revisions\/3077"}],"up":[{"embeddable":true,"href":"https:\/\/www.tektrade.ee\/fi\/wp-json\/wp\/v2\/product\/2254"}],"wp:attachment":[{"href":"https:\/\/www.tektrade.ee\/fi\/wp-json\/wp\/v2\/media?parent=2258"}],"curies":[{"name":"wp","href":"https:\/\/api.w.org\/{rel}","templated":true}]}}