{"id":2256,"date":"2025-08-12T23:12:08","date_gmt":"2025-08-12T20:12:08","guid":{"rendered":"https:\/\/www.tektrade.ee\/fi\/?post_type=product&#038;p=2256"},"modified":"2025-08-17T22:53:09","modified_gmt":"2025-08-17T19:53:09","slug":"levymateriaalit","status":"publish","type":"product","link":"https:\/\/www.tektrade.ee\/fi\/toutteet\/tiivisteet-ja-tiivistemateriaalit\/laippatiivisteet-ja-tiivistemateriaalit\/levymateriaalit\/","title":{"rendered":"Levymateriaalit"},"content":{"rendered":"\n<p>Tarjoamme laadukkaita tiivistemateriaaleja erilaisten tiivistysongelmien ratkaisemiseen \u2013 monenlaisia materiaaleja nesteiden, kaasupitoisten ja aggressiivisten ymp\u00e4rist\u00f6jen tiivist\u00e4miseen mm. hapen, palavakivi\u00f6ljyn, tolueenin, veden jne. varalta. Levymateriaalien k\u00e4yt\u00f6ss\u00e4 on erityisen t\u00e4rke\u00e4\u00e4, ett\u00e4 valitaan oikea tuote.&nbsp;<br><br>Asbestittomat tiivistemateriaalit jaetaan:<\/p>\n\n\n\n<p>1. Levymateriaalit &#8211; max +250 \u00b0C jatkuvaa l\u00e4mp\u00f6tilaa ja 40 bar painetta.&nbsp;<br>Hyv\u00e4 kest\u00e4vyys ja tiivistysominaisuudet on saavutettu erilaisten kuitujen (mm. aramidikuitu, synteettiset kuidut, hiilikuitu ja lasikuitu) ja kumimateriaalien (mm. NBR, EPDM, SBR) yhteen sekoittamisessa ja t\u00e4ytemateriaalien lis\u00e4\u00e4misell\u00e4.<\/p>\n\n\n\n<p>2. Grafiitti-aramidi materiaalit \u2013 grafiitti ja aramidikuitu yhdistettyn\u00e4.&nbsp;<br>Se on ymp\u00e4rist\u00f6yst\u00e4v\u00e4llinen materiaali, jolla on erinomainen kemiallinen kest\u00e4vyys ja l\u00e4mm\u00f6nkest\u00e4vyys. L\u00e4mp\u00f6tilav\u00e4li ja paineenkesto: -50 \u00b0C &#8211; +300 \u00b0C ja 40 MPa. Erinomainen materiaali valmistiivisteiden leikkaamiseen.<\/p>\n\n\n\n<p>3. Grafiittilevyt \u2013 paisutetusta grafiitista valmistetut levymateriaalit l\u00e4mp\u00f6tilaan max&nbsp;+450 \u00b0C (h\u00f6yryn kohdalla max +650 \u00b0C) ja max 200 bar painetasoon (k\u00e4ytt\u00f6kohteesta riippuen).<br>Tarjoamme nelj\u00e4\u00e4 erilaista grafiittilevytyyppi\u00e4:<\/p>\n\n\n\n<ul class=\"wp-block-list\">\n<li>lujittamaton grafiittilevy;<\/li>\n\n\n\n<li>grafiittilevy, lujitettu 0,1 mm vahvuisella AISI 316 rst-ter\u00e4ksest\u00e4 valmistetulla verkolla;<\/li>\n\n\n\n<li>grafiittilevy, lujitettu 0,05 mm vahvuisella AISI 316 rst-ter\u00e4ksest\u00e4 valmistetulla levyll\u00e4;<\/li>\n\n\n\n<li>grafiittilevy, lujitettu erityispaisutetulla AISI 316L rst-ter\u00e4ksest\u00e4 valmistetulla verkolla.<\/li>\n<\/ul>\n\n\n\n<p>4. Materiaalit poistokaasuj\u00e4rjestelmiin.<br>Tesnit\u00ae&nbsp;BA-R sarjan tiivistemateriaaleissa on erinomainen l\u00e4mm\u00f6nkest\u00e4vyys. Ne on tarkoitettu k\u00e4ytett\u00e4v\u00e4ksi merialusten, ajoneuvojen ja s\u00e4hk\u00f6voimaloiden poistokaasuj\u00e4rjestelmien laippaliitosten tiivist\u00e4miseen.&nbsp;<br>Varastotuotteina ovat saatavissa materiaali BA-R300 (1000x1400x2 mm levyt).<\/p>\n\n\n\n<p>5. Materiaalit hyvin kemikaalikest\u00e4vyyden edellytt\u00e4viin ymp\u00e4rist\u00f6ihin &#8211; paisutetut PTFE levyt&nbsp;(Gylon\u00ae, Gore\u00ae).<\/p>\n\n\n\n<p>6. Materiaalit korkean l\u00e4mp\u00f6tilavaatimuksen ymp\u00e4rist\u00f6ihin max 1000 \u00b0C &#8211; &nbsp;Micalit, THERMa-PUR\u2122.<\/p>\n\n\n\n<div class=\"wp-block-file\"><a id=\"wp-block-file--media-c8168f48-eb58-43d0-8bbb-830f3dbe3b3d\" href=\"https:\/\/www.tektrade.ee\/fi\/wp-content\/uploads\/sites\/5\/2025\/08\/Donit-Tesnit-.pdf\" target=\"_blank\" rel=\"noreferrer noopener\">Donit\u00ae Tesnit\u00ae tuotekuvasto<\/a><\/div>\n\n\n\n<p><\/p>\n\n\n\n<div class=\"wp-block-file\"><a id=\"wp-block-file--media-cb1dc38a-d737-4ba3-bde3-1f28683da1f7\" href=\"https:\/\/www.tektrade.ee\/fi\/wp-content\/uploads\/sites\/5\/2025\/08\/Donit-Grafilit-2015.pdf\" target=\"_blank\" rel=\"noreferrer noopener\">Donit\u00ae Grafilit\u00ae tuotekuvasto<\/a><\/div>\n\n\n\n<p><\/p>\n\n\n\n<div class=\"wp-block-file\"><a id=\"wp-block-file--media-70f237dc-6dc9-4a69-aa5d-ae89fce97f31\" href=\"https:\/\/www.tektrade.ee\/fi\/wp-content\/uploads\/sites\/5\/2025\/08\/Donit-Doniflex-2015.pdf\" target=\"_blank\" rel=\"noreferrer noopener\">Donit\u00ae Doniflex\u00ae tuotekuvasto<\/a><\/div>\n\n\n\n<p><\/p>\n\n\n\n<div class=\"wp-block-group is-layout-grid wp-container-core-group-is-layout-4d858cb8 wp-block-group-is-layout-grid\">\n<div class=\"wp-block-group is-content-justification-left is-layout-constrained wp-container-core-group-is-layout-8c890d92 wp-block-group-is-layout-constrained\">\n<div class=\"wp-block-group is-layout-constrained wp-block-group-is-layout-constrained\">\n<figure class=\"wp-block-image aligncenter size-full\"><img loading=\"lazy\" decoding=\"async\" width=\"194\" height=\"185\" src=\"https:\/\/www.tektrade.ee\/fi\/wp-content\/uploads\/sites\/5\/2025\/08\/ResizedImage194185-Tihendileht-BA50.jpg\" alt=\"\" class=\"wp-image-2383\"\/><figcaption class=\"wp-element-caption\">Levymateriaalit<br><\/figcaption><\/figure>\n<\/div>\n<\/div>\n\n\n\n<div class=\"wp-block-group is-layout-constrained wp-block-group-is-layout-constrained\">\n<figure class=\"wp-block-image aligncenter size-full\"><img loading=\"lazy\" decoding=\"async\" width=\"194\" height=\"185\" src=\"https:\/\/www.tektrade.ee\/fi\/wp-content\/uploads\/sites\/5\/2025\/08\/ResizedImage194185-Donit-Sheet-Doniflex.jpg\" alt=\"\" class=\"wp-image-2384\"\/><figcaption class=\"wp-element-caption\">Grafiitti-aramidi materiaalit<br><\/figcaption><\/figure>\n<\/div>\n\n\n\n<div class=\"wp-block-group is-layout-constrained wp-block-group-is-layout-constrained\">\n<figure class=\"wp-block-image aligncenter size-full\"><img loading=\"lazy\" decoding=\"async\" width=\"194\" height=\"185\" src=\"https:\/\/www.tektrade.ee\/fi\/wp-content\/uploads\/sites\/5\/2025\/08\/ResizedImage194185-Tihendileht-grafiit.jpg\" alt=\"\" class=\"wp-image-2385\"\/><figcaption class=\"wp-element-caption\">Grafiittilevyt<br><\/figcaption><\/figure>\n<\/div>\n\n\n\n<div class=\"wp-block-group is-layout-constrained wp-block-group-is-layout-constrained\">\n<figure class=\"wp-block-image aligncenter size-full\"><img loading=\"lazy\" decoding=\"async\" width=\"195\" height=\"185\" src=\"https:\/\/www.tektrade.ee\/fi\/wp-content\/uploads\/sites\/5\/2025\/08\/ResizedImage195185-BAR300.jpg\" alt=\"\" class=\"wp-image-2386\"\/><figcaption class=\"wp-element-caption\">\u00a0 \u00a0 \u00a0 \u00a0 \u00a0 \u00a0 \u00a0Tesnit\u00ae BA-R<br><\/figcaption><\/figure>\n<\/div>\n<\/div>\n","protected":false},"featured_media":0,"parent":2254,"menu_order":2,"template":"","class_list":["post-2256","product","type-product","status-publish","hentry"],"acf":[],"_links":{"self":[{"href":"https:\/\/www.tektrade.ee\/fi\/wp-json\/wp\/v2\/product\/2256","targetHints":{"allow":["GET"]}}],"collection":[{"href":"https:\/\/www.tektrade.ee\/fi\/wp-json\/wp\/v2\/product"}],"about":[{"href":"https:\/\/www.tektrade.ee\/fi\/wp-json\/wp\/v2\/types\/product"}],"version-history":[{"count":10,"href":"https:\/\/www.tektrade.ee\/fi\/wp-json\/wp\/v2\/product\/2256\/revisions"}],"predecessor-version":[{"id":3076,"href":"https:\/\/www.tektrade.ee\/fi\/wp-json\/wp\/v2\/product\/2256\/revisions\/3076"}],"up":[{"embeddable":true,"href":"https:\/\/www.tektrade.ee\/fi\/wp-json\/wp\/v2\/product\/2254"}],"wp:attachment":[{"href":"https:\/\/www.tektrade.ee\/fi\/wp-json\/wp\/v2\/media?parent=2256"}],"curies":[{"name":"wp","href":"https:\/\/api.w.org\/{rel}","templated":true}]}}